{"id":4205,"date":"2026-05-05T15:50:04","date_gmt":"2026-05-05T15:50:04","guid":{"rendered":"https:\/\/www.strzelnica-magnum.pl\/?post_type=product&#038;p=4205"},"modified":"2026-05-05T15:50:04","modified_gmt":"2026-05-05T15:50:04","slug":"karabin-snajperski-kruk","status":"publish","type":"product","link":"https:\/\/www.strzelnica-magnum.pl\/en\/nasze-uzbrojenie\/karabin-snajperski-kruk\/","title":{"rendered":"Karabin snajperski Kruk"},"content":{"rendered":"","protected":false},"excerpt":{"rendered":"<p><strong>>Kruk w kalibrze 7,62\u00d754R to precyzyjny karabin snajperski zaprojektowany do ra\u017cenia cel\u00f3w na du\u017cych dystansach, wykorzystuj\u0105cy mocny nab\u00f3j o dobrej penetracji i stabilno\u015bci lotu. Charakteryzuje si\u0119 solidn\u0105 konstrukcj\u0105 i wysok\u0105 celno\u015bci\u0105.<\/p>\n<p><b>Kaliber:<\/b> .7,62x54R<br \/>\n<b>Cena za strza\u0142:<\/b> 19,00 z\u0142<\/p>\n","protected":false},"featured_media":4201,"comment_status":"closed","ping_status":"closed","template":"","meta":[],"product_cat":[71],"product_tag":[],"class_list":{"0":"post-4205","1":"product","2":"type-product","3":"status-publish","4":"has-post-thumbnail","6":"product_cat-nasze-uzbrojenie","8":"first","9":"instock","10":"shipping-taxable","11":"product-type-simple"},"_links":{"self":[{"href":"https:\/\/www.strzelnica-magnum.pl\/en\/wp-json\/wp\/v2\/product\/4205","targetHints":{"allow":["GET"]}}],"collection":[{"href":"https:\/\/www.strzelnica-magnum.pl\/en\/wp-json\/wp\/v2\/product"}],"about":[{"href":"https:\/\/www.strzelnica-magnum.pl\/en\/wp-json\/wp\/v2\/types\/product"}],"replies":[{"embeddable":true,"href":"https:\/\/www.strzelnica-magnum.pl\/en\/wp-json\/wp\/v2\/comments?post=4205"}],"wp:featuredmedia":[{"embeddable":true,"href":"https:\/\/www.strzelnica-magnum.pl\/en\/wp-json\/wp\/v2\/media\/4201"}],"wp:attachment":[{"href":"https:\/\/www.strzelnica-magnum.pl\/en\/wp-json\/wp\/v2\/media?parent=4205"}],"wp:term":[{"taxonomy":"product_cat","embeddable":true,"href":"https:\/\/www.strzelnica-magnum.pl\/en\/wp-json\/wp\/v2\/product_cat?post=4205"},{"taxonomy":"product_tag","embeddable":true,"href":"https:\/\/www.strzelnica-magnum.pl\/en\/wp-json\/wp\/v2\/product_tag?post=4205"}],"curies":[{"name":"wp","href":"https:\/\/api.w.org\/{rel}","templated":true}]}}