{"id":3914,"date":"2025-07-23T11:47:55","date_gmt":"2025-07-23T11:47:55","guid":{"rendered":"https:\/\/www.strzelnica-magnum.pl\/?post_type=product&#038;p=3914"},"modified":"2025-07-23T11:47:55","modified_gmt":"2025-07-23T11:47:55","slug":"beryl-m22","status":"publish","type":"product","link":"https:\/\/www.strzelnica-magnum.pl\/en\/nasze-uzbrojenie\/beryl-m22\/","title":{"rendered":"Beryl M22"},"content":{"rendered":"","protected":false},"excerpt":{"rendered":"<p><strong>Sportowy karabinek Beryl<\/strong> to dostosowana do u\u017cytku cywilnego i sportowego wersja legendarnego<b> karabinka szturmowego Beryl<\/b>, dostosowana do u\u017cytku cywilnego i sportowego. Podobnie jak jego wojskowy odpowiednik, zachowuje <b>niezawodno\u015b\u0107 i prostot\u0119 konstrukcji<\/b> odziedziczone po serii AK, jednocze\u015bnie oferuj\u0105c <b>lepsz\u0105 ergonomi\u0119 i ni\u017csz\u0105 wag\u0119<\/b> w por\u00f3wnaniu do pierwowzoru. Jest to idealny wyb\u00f3r dla entuzjast\u00f3w strzelectwa sportowego, kt\u00f3rzy ceni\u0105 sobie precyzj\u0119 i solidne wykonanie polskiej my\u015bli technicznej.<\/p>\n<p><b>Kaliber:<\/b> .22LR<br \/>\n<b>Cena za strza\u0142:<\/b> 2,10 z\u0142<\/p>\n","protected":false},"featured_media":3917,"comment_status":"closed","ping_status":"closed","template":"","meta":[],"product_cat":[71],"product_tag":[],"class_list":{"0":"post-3914","1":"product","2":"type-product","3":"status-publish","4":"has-post-thumbnail","6":"product_cat-nasze-uzbrojenie","8":"first","9":"instock","10":"shipping-taxable","11":"product-type-simple"},"_links":{"self":[{"href":"https:\/\/www.strzelnica-magnum.pl\/en\/wp-json\/wp\/v2\/product\/3914","targetHints":{"allow":["GET"]}}],"collection":[{"href":"https:\/\/www.strzelnica-magnum.pl\/en\/wp-json\/wp\/v2\/product"}],"about":[{"href":"https:\/\/www.strzelnica-magnum.pl\/en\/wp-json\/wp\/v2\/types\/product"}],"replies":[{"embeddable":true,"href":"https:\/\/www.strzelnica-magnum.pl\/en\/wp-json\/wp\/v2\/comments?post=3914"}],"wp:featuredmedia":[{"embeddable":true,"href":"https:\/\/www.strzelnica-magnum.pl\/en\/wp-json\/wp\/v2\/media\/3917"}],"wp:attachment":[{"href":"https:\/\/www.strzelnica-magnum.pl\/en\/wp-json\/wp\/v2\/media?parent=3914"}],"wp:term":[{"taxonomy":"product_cat","embeddable":true,"href":"https:\/\/www.strzelnica-magnum.pl\/en\/wp-json\/wp\/v2\/product_cat?post=3914"},{"taxonomy":"product_tag","embeddable":true,"href":"https:\/\/www.strzelnica-magnum.pl\/en\/wp-json\/wp\/v2\/product_tag?post=3914"}],"curies":[{"name":"wp","href":"https:\/\/api.w.org\/{rel}","templated":true}]}}