{"id":3896,"date":"2025-07-23T10:45:15","date_gmt":"2025-07-23T10:45:15","guid":{"rendered":"https:\/\/www.strzelnica-magnum.pl\/?post_type=product&#038;p=3896"},"modified":"2025-07-23T10:49:14","modified_gmt":"2025-07-23T10:49:14","slug":"glock-19t-gen5-utm-gen5-mos-fs","status":"publish","type":"product","link":"https:\/\/www.strzelnica-magnum.pl\/en\/uzbrojenie\/bron-krotka\/glock-19t-gen5-utm-gen5-mos-fs\/","title":{"rendered":"Glock 19T Gen5 UTM MOS\/FS"},"content":{"rendered":"<p><strong>Glock 19T Gen5 UTM MOS\/FS <\/strong>to <b>kompaktowy pistolet treningowy<\/b>, bazuj\u0105cy na popularnym modelu Glock 19 Gen5. Stworzony z my\u015bl\u0105 o realistycznym i bezpiecznym szkoleniu strzeleckim, wyr\u00f3\u017cnia go zastosowanie systemu <b>UTM (Universal Training Munition)<\/b>. Dzi\u0119ki niemu, mo\u017cesz u\u017cywa\u0107 nieletalnej amunicji, co gwarantuje najwy\u017csze bezpiecze\u0144stwo podczas \u0107wicze\u0144 w r\u00f3\u017cnorodnych \u015brodowiskach i scenariuszach.<\/p>\n<p>Ta wersja Gen5 oferuje szereg ulepsze\u0144, w tym <b>zmodyfikowany chwyt<\/b> bez wyci\u0119\u0107 na palce, co znacznie poprawia ergonomi\u0119 i komfort u\u017cytkowania dla szerszej grupy strzelc\u00f3w. System <b>MOS (Modular Optic System)<\/b> pozwala na szybki i \u0142atwy monta\u017c kolimator\u00f3w, zwi\u0119kszaj\u0105c wszechstronno\u015b\u0107 i mo\u017cliwo\u015b\u0107 personalizacji. Dodatkowo, model <b>FS (Front Serrations)<\/b> wyposa\u017cono w naci\u0119cia na przedniej cz\u0119\u015bci zamka, co u\u0142atwia manipulowanie broni\u0105 i poprawia jej kontrol\u0119.<\/p>\n<p>Glock 19T Gen5 UTM Gen5\/MOS\/FS to idealne narz\u0119dzie dla s\u0142u\u017cb mundurowych, jednostek wojskowych oraz cywilnych mi\u0142o\u015bnik\u00f3w strzelectwa, kt\u00f3rzy chc\u0105 doskonali\u0107 swoje umiej\u0119tno\u015bci w bezpieczny i efektywny spos\u00f3b, ceni\u0105c sobie kompaktowe rozmiary i \u0142atwo\u015b\u0107 manewrowania.<\/p>\n<hr \/>\n<p><b>G\u0142\u00f3wne cechy:<\/b><\/p>\n<ul>\n<li><b>System UTM:<\/b> Bezpieczny trening z wykorzystaniem nieletalnej amunicji.<\/li>\n<li><b>Kompaktowe rozmiary:<\/b> \u0141atwy do przenoszenia i manewrowania.<\/li>\n<li><b>Gen5:<\/b> Ulepszona ergonomia i niezawodno\u015b\u0107.<\/li>\n<li><b>MOS:<\/b> Mo\u017cliwo\u015b\u0107 monta\u017cu optyki.<\/li>\n<li><b>FS:<\/b> U\u0142atwione prze\u0142adowanie i lepsza kontrola.<\/li>\n<li><b>Realistyczne odczucia:<\/b> Wiernie symuluje prac\u0119 standardowego pistoletu Glock 19.<\/li>\n<\/ul>\n<p><strong>Cena 4 410 z\u0142<\/strong><\/p>\n<p><em>Bro\u0144 palna, amunicja i istotne elementy broni nie s\u0105 sprzedawane on-line. Mo\u017cna je naby\u0107 osobi\u015bcie w naszym sklepie. Warunkiem nabycia broni jest przed\u0142o\u017cenie aktualnego za\u015bwiadczenia (promesy) uprawniaj\u0105cej do zakupu broni oraz dowodu osobistego. Niniejsz\u0105 ofert\u0119 zamieszczamy w celu pogl\u0105dowym. Przed zakupem broni prosimy o kontakt telefoniczny.<\/em><\/p>\n","protected":false},"excerpt":{"rendered":"<p>Glock 19T Gen5 UTM MOS\/FS to kompaktowy pistolet treningowy, bazuj\u0105cy na popularnym modelu Glock 19 Gen5. Stworzony z my\u015bl\u0105 o realistycznym i bezpiecznym szkoleniu strzeleckim, wyr\u00f3\u017cnia<span class=\"excerpt-hellip\"> [\u2026]<\/span><\/p>\n","protected":false},"featured_media":3897,"comment_status":"closed","ping_status":"closed","template":"","meta":[],"product_cat":[42,47],"product_tag":[],"class_list":{"0":"post-3896","1":"product","2":"type-product","3":"status-publish","4":"has-post-thumbnail","6":"product_cat-bron-krotka","7":"product_cat-glock","9":"first","10":"instock","11":"shipping-taxable","12":"product-type-simple"},"_links":{"self":[{"href":"https:\/\/www.strzelnica-magnum.pl\/en\/wp-json\/wp\/v2\/product\/3896","targetHints":{"allow":["GET"]}}],"collection":[{"href":"https:\/\/www.strzelnica-magnum.pl\/en\/wp-json\/wp\/v2\/product"}],"about":[{"href":"https:\/\/www.strzelnica-magnum.pl\/en\/wp-json\/wp\/v2\/types\/product"}],"replies":[{"embeddable":true,"href":"https:\/\/www.strzelnica-magnum.pl\/en\/wp-json\/wp\/v2\/comments?post=3896"}],"wp:featuredmedia":[{"embeddable":true,"href":"https:\/\/www.strzelnica-magnum.pl\/en\/wp-json\/wp\/v2\/media\/3897"}],"wp:attachment":[{"href":"https:\/\/www.strzelnica-magnum.pl\/en\/wp-json\/wp\/v2\/media?parent=3896"}],"wp:term":[{"taxonomy":"product_cat","embeddable":true,"href":"https:\/\/www.strzelnica-magnum.pl\/en\/wp-json\/wp\/v2\/product_cat?post=3896"},{"taxonomy":"product_tag","embeddable":true,"href":"https:\/\/www.strzelnica-magnum.pl\/en\/wp-json\/wp\/v2\/product_tag?post=3896"}],"curies":[{"name":"wp","href":"https:\/\/api.w.org\/{rel}","templated":true}]}}