{"id":3880,"date":"2025-07-18T16:48:33","date_gmt":"2025-07-18T16:48:33","guid":{"rendered":"https:\/\/www.strzelnica-magnum.pl\/?post_type=product&#038;p=3880"},"modified":"2025-07-18T16:48:33","modified_gmt":"2025-07-18T16:48:33","slug":"glock-45t-gen5-mos-fs","status":"publish","type":"product","link":"https:\/\/www.strzelnica-magnum.pl\/en\/uzbrojenie\/bron-krotka\/glock-45t-gen5-mos-fs\/","title":{"rendered":"Glock 45T Gen5 MOS\/FS"},"content":{"rendered":"<p><strong>Glock 45T Gen5 MOS\/FS<\/strong> to treningowa wersja pistoletu typu &#8220;crossover&#8221;, \u0142\u0105cz\u0105ca pe\u0142nowymiarowy chwyt Glocka 17 z kompaktowym zamkiem Glocka 19. Oznaczenie &#8220;T&#8221; wskazuje na jego przeznaczenie do strzelania specjaln\u0105 amunicj\u0105 barwi\u0105c\u0105 lub gumow\u0105, co umo\u017cliwia bezpieczne i realistyczne scenariusze szkoleniowe.<\/p>\n<p>Model ten bazuje na najnowszej generacji Glock\u00f3w, oferuj\u0105c udoskonalon\u0105 ergonomi\u0119, w tym obustronny zrzut zamka i brak profilowanych podci\u0119\u0107 na palce, co zwi\u0119ksza komfort u\u017cytkowania. Wyposa\u017cony jest w system MOS (Modular Optic System) do \u0142atwego monta\u017cu kolimatora oraz FS (Front Serrations), czyli naci\u0119cia na przedzie zamka, u\u0142atwiaj\u0105ce manipulacje broni\u0105.<\/p>\n<p>Glock 45T MOS\/FS to doskona\u0142e narz\u0119dzie dla s\u0142u\u017cb mundurowych, instruktor\u00f3w i zaawansowanych u\u017cytkownik\u00f3w, kt\u00f3rzy szukaj\u0105 wszechstronnego i zaawansowanego technicznie pistoletu do intensywnego treningu, \u0142\u0105cz\u0105cego stabilno\u015b\u0107 pe\u0142nowymiarowego pistoletu z \u0142atwo\u015bci\u0105 manewrowania kompaktow\u0105 konstrukcj\u0105.<\/p>\n<p><strong>Cena 4 410 z\u0142<\/strong><\/p>\n<p><em>Bro\u0144 palna, amunicja i istotne elementy broni nie s\u0105 sprzedawane on-line. Mo\u017cna je naby\u0107 osobi\u015bcie w naszym sklepie. Warunkiem nabycia broni jest przed\u0142o\u017cenie aktualnego za\u015bwiadczenia (promesy) uprawniaj\u0105cej do zakupu broni oraz dowodu osobistego. Niniejsz\u0105 ofert\u0119 zamieszczamy w celu pogl\u0105dowym. Przed zakupem broni prosimy o kontakt telefoniczny.<\/em><\/p>\n","protected":false},"excerpt":{"rendered":"<p>Glock 45T Gen5 MOS\/FS to treningowa wersja pistoletu typu &#8220;crossover&#8221;, \u0142\u0105cz\u0105ca pe\u0142nowymiarowy chwyt Glocka 17 z kompaktowym zamkiem Glocka 19. Oznaczenie &#8220;T&#8221; wskazuje na jego przeznaczenie<span class=\"excerpt-hellip\"> [\u2026]<\/span><\/p>\n","protected":false},"featured_media":3881,"comment_status":"closed","ping_status":"closed","template":"","meta":[],"product_cat":[42,47],"product_tag":[],"class_list":{"0":"post-3880","1":"product","2":"type-product","3":"status-publish","4":"has-post-thumbnail","6":"product_cat-bron-krotka","7":"product_cat-glock","9":"first","10":"instock","11":"shipping-taxable","12":"product-type-simple"},"_links":{"self":[{"href":"https:\/\/www.strzelnica-magnum.pl\/en\/wp-json\/wp\/v2\/product\/3880","targetHints":{"allow":["GET"]}}],"collection":[{"href":"https:\/\/www.strzelnica-magnum.pl\/en\/wp-json\/wp\/v2\/product"}],"about":[{"href":"https:\/\/www.strzelnica-magnum.pl\/en\/wp-json\/wp\/v2\/types\/product"}],"replies":[{"embeddable":true,"href":"https:\/\/www.strzelnica-magnum.pl\/en\/wp-json\/wp\/v2\/comments?post=3880"}],"wp:featuredmedia":[{"embeddable":true,"href":"https:\/\/www.strzelnica-magnum.pl\/en\/wp-json\/wp\/v2\/media\/3881"}],"wp:attachment":[{"href":"https:\/\/www.strzelnica-magnum.pl\/en\/wp-json\/wp\/v2\/media?parent=3880"}],"wp:term":[{"taxonomy":"product_cat","embeddable":true,"href":"https:\/\/www.strzelnica-magnum.pl\/en\/wp-json\/wp\/v2\/product_cat?post=3880"},{"taxonomy":"product_tag","embeddable":true,"href":"https:\/\/www.strzelnica-magnum.pl\/en\/wp-json\/wp\/v2\/product_tag?post=3880"}],"curies":[{"name":"wp","href":"https:\/\/api.w.org\/{rel}","templated":true}]}}