{"id":3877,"date":"2025-07-18T14:29:23","date_gmt":"2025-07-18T14:29:23","guid":{"rendered":"https:\/\/www.strzelnica-magnum.pl\/?post_type=product&#038;p=3877"},"modified":"2025-07-18T14:29:23","modified_gmt":"2025-07-18T14:29:23","slug":"glock-19t-gen5-mos-fs","status":"publish","type":"product","link":"https:\/\/www.strzelnica-magnum.pl\/en\/uzbrojenie\/bron-krotka\/glock-19t-gen5-mos-fs\/","title":{"rendered":"Glock 19T Gen5 MOS\/FS"},"content":{"rendered":"<p><strong>Glock 19T Gen5 MOS\/FS<\/strong>  to kompaktowy pistolet treningowy, stworzony do efektywnego i bezpiecznego szkolenia strzeleckiego. Oznaczenie &#8220;T&#8221; wskazuje na jego przeznaczenie do strzelania specjaln\u0105 amunicj\u0105 barwi\u0105c\u0105 lub gumow\u0105, co pozwala na realistyczne \u0107wiczenia bez ryzyka zwi\u0105zanego z ostr\u0105 amunicj\u0105.<\/p>\n<p>Bazuj\u0105c na popularnej platformie Gen5, model ten oferuje poprawion\u0105 ergonomi\u0119, w tym dwustronny zwalniacz zamka i brak profilowania na palce, co zwi\u0119ksza komfort u\u017cytkowania dla ka\u017cdego strzelca.<\/p>\n<p>Dodatkowe atuty to system MOS (Modular Optic System), umo\u017cliwiaj\u0105cy szybki monta\u017c celownika optycznego, oraz FS (Front Serrations), czyli naci\u0119cia na przodzie zamka, u\u0142atwiaj\u0105ce manipulowanie broni\u0105. Glock 19T Gen5 MOS\/FS to idealne rozwi\u0105zanie dla s\u0142u\u017cb, instruktor\u00f3w i entuzjast\u00f3w, kt\u00f3rzy potrzebuj\u0105 niezawodnego i zaawansowanego narz\u0119dzia do intensywnego treningu w kompaktowym rozmiarze.<\/p>\n<p><strong>Cena 4 410 z\u0142<\/strong><\/p>\n<p><em>Bro\u0144 palna, amunicja i istotne elementy broni nie s\u0105 sprzedawane on-line. Mo\u017cna je naby\u0107 osobi\u015bcie w naszym sklepie. Warunkiem nabycia broni jest przed\u0142o\u017cenie aktualnego za\u015bwiadczenia (promesy) uprawniaj\u0105cej do zakupu broni oraz dowodu osobistego. Niniejsz\u0105 ofert\u0119 zamieszczamy w celu pogl\u0105dowym. Przed zakupem broni prosimy o kontakt telefoniczny.<\/em><\/p>\n","protected":false},"excerpt":{"rendered":"<p>Glock 19T Gen5 MOS\/FS to kompaktowy pistolet treningowy, stworzony do efektywnego i bezpiecznego szkolenia strzeleckiego. Oznaczenie &#8220;T&#8221; wskazuje na jego przeznaczenie do strzelania specjaln\u0105 amunicj\u0105 barwi\u0105c\u0105<span class=\"excerpt-hellip\"> [\u2026]<\/span><\/p>\n","protected":false},"featured_media":3878,"comment_status":"closed","ping_status":"closed","template":"","meta":[],"product_cat":[42,47],"product_tag":[],"class_list":{"0":"post-3877","1":"product","2":"type-product","3":"status-publish","4":"has-post-thumbnail","6":"product_cat-bron-krotka","7":"product_cat-glock","9":"first","10":"instock","11":"shipping-taxable","12":"product-type-simple"},"_links":{"self":[{"href":"https:\/\/www.strzelnica-magnum.pl\/en\/wp-json\/wp\/v2\/product\/3877","targetHints":{"allow":["GET"]}}],"collection":[{"href":"https:\/\/www.strzelnica-magnum.pl\/en\/wp-json\/wp\/v2\/product"}],"about":[{"href":"https:\/\/www.strzelnica-magnum.pl\/en\/wp-json\/wp\/v2\/types\/product"}],"replies":[{"embeddable":true,"href":"https:\/\/www.strzelnica-magnum.pl\/en\/wp-json\/wp\/v2\/comments?post=3877"}],"wp:featuredmedia":[{"embeddable":true,"href":"https:\/\/www.strzelnica-magnum.pl\/en\/wp-json\/wp\/v2\/media\/3878"}],"wp:attachment":[{"href":"https:\/\/www.strzelnica-magnum.pl\/en\/wp-json\/wp\/v2\/media?parent=3877"}],"wp:term":[{"taxonomy":"product_cat","embeddable":true,"href":"https:\/\/www.strzelnica-magnum.pl\/en\/wp-json\/wp\/v2\/product_cat?post=3877"},{"taxonomy":"product_tag","embeddable":true,"href":"https:\/\/www.strzelnica-magnum.pl\/en\/wp-json\/wp\/v2\/product_tag?post=3877"}],"curies":[{"name":"wp","href":"https:\/\/api.w.org\/{rel}","templated":true}]}}