{"id":3874,"date":"2025-07-18T14:27:13","date_gmt":"2025-07-18T14:27:13","guid":{"rendered":"https:\/\/www.strzelnica-magnum.pl\/?post_type=product&#038;p=3874"},"modified":"2025-07-18T14:27:13","modified_gmt":"2025-07-18T14:27:13","slug":"glock-17t-gen5-mos-fs","status":"publish","type":"product","link":"https:\/\/www.strzelnica-magnum.pl\/en\/uzbrojenie\/bron-krotka\/glock-17t-gen5-mos-fs\/","title":{"rendered":"Glock 17T Gen5 MOS\/FS"},"content":{"rendered":"<p><strong>Glock 17T Gen5 MOS\/FS<\/strong> to specjalistyczny pistolet treningowy, zaprojektowany z my\u015bl\u0105 o realistycznym i bezpiecznym szkoleniu strzeleckim. Model &#8220;T&#8221; oznacza, \u017ce jest to bro\u0144 treningowa, strzelaj\u0105ca specjaln\u0105 amunicj\u0105 barwi\u0105c\u0105 lub gumow\u0105, co pozwala na symulacj\u0119 realnych scenariuszy bez u\u017cycia ostrej amunicji.<\/p>\n<p>To wydanie opiera si\u0119 na sprawdzonej platformie Gen5, oferuj\u0105c udoskonalon\u0105 ergonomi\u0119, w tym obustronny zrzut zamka i brak profilowanych podci\u0105\u0107 na palce, co zwi\u0119ksza komfort u\u017cytkowania dla szerokiego grona strzelc\u00f3w.<\/p>\n<p>Dodatkowo, pistolet wyposa\u017cono w system MOS (Modular Optic System), umo\u017cliwiaj\u0105cy \u0142atwy monta\u017c kolimatora, oraz FS (Front Serrations), czyli naci\u0119cia na przedzie zamka, u\u0142atwiaj\u0105ce manipulacje broni\u0105. Glock 17T Gen5 MOS\/FS to idealne narz\u0119dzie dla s\u0142u\u017cb mundurowych, agencji ochrony i instruktor\u00f3w, kt\u00f3rzy szukaj\u0105 niezawodnego i zaawansowanego technicznie pistoletu do intensywnego treningu.<\/p>\n<p><strong>Cena 4 410 z\u0142<\/strong><\/p>\n<p><em>Bro\u0144 palna, amunicja i istotne elementy broni nie s\u0105 sprzedawane on-line. Mo\u017cna je naby\u0107 osobi\u015bcie w naszym sklepie. Warunkiem nabycia broni jest przed\u0142o\u017cenie aktualnego za\u015bwiadczenia (promesy) uprawniaj\u0105cej do zakupu broni oraz dowodu osobistego. Niniejsz\u0105 ofert\u0119 zamieszczamy w celu pogl\u0105dowym. Przed zakupem broni prosimy o kontakt telefoniczny.<\/em><\/p>\n","protected":false},"excerpt":{"rendered":"<p>Glock 17T Gen5 MOS\/FS to specjalistyczny pistolet treningowy, zaprojektowany z my\u015bl\u0105 o realistycznym i bezpiecznym szkoleniu strzeleckim. Model &#8220;T&#8221; oznacza, \u017ce jest to bro\u0144 treningowa, strzelaj\u0105ca<span class=\"excerpt-hellip\"> [\u2026]<\/span><\/p>\n","protected":false},"featured_media":3875,"comment_status":"closed","ping_status":"closed","template":"","meta":[],"product_cat":[42,47],"product_tag":[],"class_list":{"0":"post-3874","1":"product","2":"type-product","3":"status-publish","4":"has-post-thumbnail","6":"product_cat-bron-krotka","7":"product_cat-glock","9":"first","10":"instock","11":"shipping-taxable","12":"product-type-simple"},"_links":{"self":[{"href":"https:\/\/www.strzelnica-magnum.pl\/en\/wp-json\/wp\/v2\/product\/3874","targetHints":{"allow":["GET"]}}],"collection":[{"href":"https:\/\/www.strzelnica-magnum.pl\/en\/wp-json\/wp\/v2\/product"}],"about":[{"href":"https:\/\/www.strzelnica-magnum.pl\/en\/wp-json\/wp\/v2\/types\/product"}],"replies":[{"embeddable":true,"href":"https:\/\/www.strzelnica-magnum.pl\/en\/wp-json\/wp\/v2\/comments?post=3874"}],"wp:featuredmedia":[{"embeddable":true,"href":"https:\/\/www.strzelnica-magnum.pl\/en\/wp-json\/wp\/v2\/media\/3875"}],"wp:attachment":[{"href":"https:\/\/www.strzelnica-magnum.pl\/en\/wp-json\/wp\/v2\/media?parent=3874"}],"wp:term":[{"taxonomy":"product_cat","embeddable":true,"href":"https:\/\/www.strzelnica-magnum.pl\/en\/wp-json\/wp\/v2\/product_cat?post=3874"},{"taxonomy":"product_tag","embeddable":true,"href":"https:\/\/www.strzelnica-magnum.pl\/en\/wp-json\/wp\/v2\/product_tag?post=3874"}],"curies":[{"name":"wp","href":"https:\/\/api.w.org\/{rel}","templated":true}]}}