{"id":3871,"date":"2025-07-18T14:16:54","date_gmt":"2025-07-18T14:16:54","guid":{"rendered":"https:\/\/www.strzelnica-magnum.pl\/?post_type=product&#038;p=3871"},"modified":"2025-07-18T14:16:54","modified_gmt":"2025-07-18T14:16:54","slug":"glock-30-sf","status":"publish","type":"product","link":"https:\/\/www.strzelnica-magnum.pl\/en\/uzbrojenie\/bron-krotka\/glock-30-sf\/","title":{"rendered":"Glock 30 SF"},"content":{"rendered":"<p><strong>Glock 30 SF<\/strong> to subkompaktowy pistolet, kt\u00f3ry oferuje imponuj\u0105c\u0105 si\u0142\u0119 ra\u017cenia amunicji .45 ACP w niezwykle kompaktowej formie. Wersja SF, dzi\u0119ki zmniejszonemu obwodowi chwytu, znacz\u0105co poprawia komfort i pewno\u015b\u0107 trzymania, co jest szczeg\u00f3lnie korzystne dla strzelc\u00f3w o mniejszych d\u0142oniach, jednocze\u015bnie zachowuj\u0105c charakterystyczn\u0105 dla Glocka niezawodno\u015b\u0107 i trwa\u0142o\u015b\u0107.<\/p>\n<p>Ten model to doskona\u0142y wyb\u00f3r dla os\u00f3b poszukuj\u0105cych broni do skrytego noszenia (CCW), samoobrony oraz jako niezawodne narz\u0119dzie awaryjne. Glock 30 SF \u0142\u0105czy w sobie pot\u0119g\u0119 naboju .45 ACP z \u0142atwo\u015bci\u0105 ukrycia i komfortem, co czyni go wszechstronnym rozwi\u0105zaniem dla wymagaj\u0105cych u\u017cytkownik\u00f3w.<\/p>\n<p><strong>Cena 3 297 z\u0142<\/strong><\/p>\n<p><em>Bro\u0144 palna, amunicja i istotne elementy broni nie s\u0105 sprzedawane on-line. Mo\u017cna je naby\u0107 osobi\u015bcie w naszym sklepie. Warunkiem nabycia broni jest przed\u0142o\u017cenie aktualnego za\u015bwiadczenia (promesy) uprawniaj\u0105cej do zakupu broni oraz dowodu osobistego. Niniejsz\u0105 ofert\u0119 zamieszczamy w celu pogl\u0105dowym. Przed zakupem broni prosimy o kontakt telefoniczny.<\/em><\/p>\n","protected":false},"excerpt":{"rendered":"<p>Glock 30 SF to subkompaktowy pistolet, kt\u00f3ry oferuje imponuj\u0105c\u0105 si\u0142\u0119 ra\u017cenia amunicji .45 ACP w niezwykle kompaktowej formie. Wersja SF, dzi\u0119ki zmniejszonemu obwodowi chwytu, znacz\u0105co poprawia<span class=\"excerpt-hellip\"> [\u2026]<\/span><\/p>\n","protected":false},"featured_media":3872,"comment_status":"closed","ping_status":"closed","template":"","meta":[],"product_cat":[42,47],"product_tag":[],"class_list":{"0":"post-3871","1":"product","2":"type-product","3":"status-publish","4":"has-post-thumbnail","6":"product_cat-bron-krotka","7":"product_cat-glock","9":"first","10":"instock","11":"shipping-taxable","12":"product-type-simple"},"_links":{"self":[{"href":"https:\/\/www.strzelnica-magnum.pl\/en\/wp-json\/wp\/v2\/product\/3871","targetHints":{"allow":["GET"]}}],"collection":[{"href":"https:\/\/www.strzelnica-magnum.pl\/en\/wp-json\/wp\/v2\/product"}],"about":[{"href":"https:\/\/www.strzelnica-magnum.pl\/en\/wp-json\/wp\/v2\/types\/product"}],"replies":[{"embeddable":true,"href":"https:\/\/www.strzelnica-magnum.pl\/en\/wp-json\/wp\/v2\/comments?post=3871"}],"wp:featuredmedia":[{"embeddable":true,"href":"https:\/\/www.strzelnica-magnum.pl\/en\/wp-json\/wp\/v2\/media\/3872"}],"wp:attachment":[{"href":"https:\/\/www.strzelnica-magnum.pl\/en\/wp-json\/wp\/v2\/media?parent=3871"}],"wp:term":[{"taxonomy":"product_cat","embeddable":true,"href":"https:\/\/www.strzelnica-magnum.pl\/en\/wp-json\/wp\/v2\/product_cat?post=3871"},{"taxonomy":"product_tag","embeddable":true,"href":"https:\/\/www.strzelnica-magnum.pl\/en\/wp-json\/wp\/v2\/product_tag?post=3871"}],"curies":[{"name":"wp","href":"https:\/\/api.w.org\/{rel}","templated":true}]}}