{"id":3870,"date":"2025-07-18T14:14:24","date_gmt":"2025-07-18T14:14:24","guid":{"rendered":"https:\/\/www.strzelnica-magnum.pl\/?post_type=product&#038;p=3870"},"modified":"2025-07-18T14:14:24","modified_gmt":"2025-07-18T14:14:24","slug":"glock-21-sf","status":"publish","type":"product","link":"https:\/\/www.strzelnica-magnum.pl\/en\/uzbrojenie\/bron-krotka\/glock-21-sf\/","title":{"rendered":"Glock 21 SF"},"content":{"rendered":"<p><strong>Glock 21 SF<\/strong> to pe\u0142nowymiarowy pistolet, kt\u00f3ry \u0142\u0105czy w sobie ogromn\u0105 si\u0142\u0119 obalaj\u0105c\u0105 amunicji .45 ACP z poprawion\u0105 ergonomi\u0105. Wersja SF, dzi\u0119ki zmniejszonemu obwodowi chwytu, zapewnia znacznie bardziej komfortowy i pewny chwyt, szczeg\u00f3lnie dla strzelc\u00f3w o mniejszych d\u0142oniach, bez kompromis\u00f3w w zakresie pojemno\u015bci magazynka czy niezawodno\u015bci.<\/p>\n<p>Ten model to synonim trwa\u0142o\u015bci, precyzji i niezawodno\u015bci, cech charakterystycznych dla wszystkich pistolet\u00f3w Glocka. Glock 21 SF to doskona\u0142y wyb\u00f3r dla s\u0142u\u017cb mundurowych, entuzjast\u00f3w strzelectwa sportowego, a tak\u017ce do samoobrony, oferuj\u0105c przewidywaln\u0105 prac\u0119 i imponuj\u0105c\u0105 moc w ka\u017cdej sytuacji.<\/p>\n<p><strong>Cena 3 297 z\u0142<\/strong><\/p>\n<p><em>Bro\u0144 palna, amunicja i istotne elementy broni nie s\u0105 sprzedawane on-line. Mo\u017cna je naby\u0107 osobi\u015bcie w naszym sklepie. Warunkiem nabycia broni jest przed\u0142o\u017cenie aktualnego za\u015bwiadczenia (promesy) uprawniaj\u0105cej do zakupu broni oraz dowodu osobistego. Niniejsz\u0105 ofert\u0119 zamieszczamy w celu pogl\u0105dowym. Przed zakupem broni prosimy o kontakt telefoniczny.<\/em><\/p>\n","protected":false},"excerpt":{"rendered":"<p>Glock 21 SF to pe\u0142nowymiarowy pistolet, kt\u00f3ry \u0142\u0105czy w sobie ogromn\u0105 si\u0142\u0119 obalaj\u0105c\u0105 amunicji .45 ACP z poprawion\u0105 ergonomi\u0105. Wersja SF, dzi\u0119ki zmniejszonemu obwodowi chwytu, zapewnia<span class=\"excerpt-hellip\"> [\u2026]<\/span><\/p>\n","protected":false},"featured_media":0,"comment_status":"closed","ping_status":"closed","template":"","meta":[],"product_cat":[42,47],"product_tag":[],"class_list":{"0":"post-3870","1":"product","2":"type-product","3":"status-publish","5":"product_cat-bron-krotka","6":"product_cat-glock","8":"first","9":"instock","10":"shipping-taxable","11":"product-type-simple"},"_links":{"self":[{"href":"https:\/\/www.strzelnica-magnum.pl\/en\/wp-json\/wp\/v2\/product\/3870","targetHints":{"allow":["GET"]}}],"collection":[{"href":"https:\/\/www.strzelnica-magnum.pl\/en\/wp-json\/wp\/v2\/product"}],"about":[{"href":"https:\/\/www.strzelnica-magnum.pl\/en\/wp-json\/wp\/v2\/types\/product"}],"replies":[{"embeddable":true,"href":"https:\/\/www.strzelnica-magnum.pl\/en\/wp-json\/wp\/v2\/comments?post=3870"}],"wp:attachment":[{"href":"https:\/\/www.strzelnica-magnum.pl\/en\/wp-json\/wp\/v2\/media?parent=3870"}],"wp:term":[{"taxonomy":"product_cat","embeddable":true,"href":"https:\/\/www.strzelnica-magnum.pl\/en\/wp-json\/wp\/v2\/product_cat?post=3870"},{"taxonomy":"product_tag","embeddable":true,"href":"https:\/\/www.strzelnica-magnum.pl\/en\/wp-json\/wp\/v2\/product_tag?post=3870"}],"curies":[{"name":"wp","href":"https:\/\/api.w.org\/{rel}","templated":true}]}}