{"id":3867,"date":"2025-07-18T14:11:11","date_gmt":"2025-07-18T14:11:11","guid":{"rendered":"https:\/\/www.strzelnica-magnum.pl\/?post_type=product&#038;p=3867"},"modified":"2025-07-18T14:11:11","modified_gmt":"2025-07-18T14:11:11","slug":"glock-29-sf","status":"publish","type":"product","link":"https:\/\/www.strzelnica-magnum.pl\/en\/uzbrojenie\/bron-krotka\/glock-29-sf\/","title":{"rendered":"Glock 29 SF"},"content":{"rendered":"<p><strong>Glock 29 SF<\/strong> to subkompaktowy pistolet samopowtarzalny, kt\u00f3ry \u0142\u0105czy w sobie pot\u0119\u017cn\u0105 si\u0142\u0119 ra\u017cenia amunicji 10 mm Auto z niezwyk\u0142\u0105 kompaktowo\u015bci\u0105. Wersja SF, dzi\u0119ki zmniejszonemu obwodowi chwytu, zapewnia jeszcze lepsz\u0105 ergonomi\u0119 i wygod\u0119 u\u017cytkowania, szczeg\u00f3lnie dla strzelc\u00f3w o mniejszych d\u0142oniach.<\/p>\n<p>Mimo swoich niewielkich rozmiar\u00f3w, Glock 29 SF oferuje niezawodno\u015b\u0107 i trwa\u0142o\u015b\u0107, charakterystyczn\u0105 dla wszystkich pistolet\u00f3w Glocka. Jest to idealny wyb\u00f3r dla os\u00f3b poszukuj\u0105cych broni do skrytego noszenia, samoobrony, a tak\u017ce jako kompaktowy towarzysz podczas aktywno\u015bci outdoorowych, gdzie liczy si\u0119 moc i \u0142atwo\u015b\u0107 manewrowania.<\/p>\n<p><strong>Cena 3 297 z\u0142<\/strong><\/p>\n<p><em>Bro\u0144 palna, amunicja i istotne elementy broni nie s\u0105 sprzedawane on-line. Mo\u017cna je naby\u0107 osobi\u015bcie w naszym sklepie. Warunkiem nabycia broni jest przed\u0142o\u017cenie aktualnego za\u015bwiadczenia (promesy) uprawniaj\u0105cej do zakupu broni oraz dowodu osobistego. Niniejsz\u0105 ofert\u0119 zamieszczamy w celu pogl\u0105dowym. Przed zakupem broni prosimy o kontakt telefoniczny.<\/em><\/p>\n","protected":false},"excerpt":{"rendered":"<p>Glock 29 SF to subkompaktowy pistolet samopowtarzalny, kt\u00f3ry \u0142\u0105czy w sobie pot\u0119\u017cn\u0105 si\u0142\u0119 ra\u017cenia amunicji 10 mm Auto z niezwyk\u0142\u0105 kompaktowo\u015bci\u0105. Wersja SF, dzi\u0119ki zmniejszonemu obwodowi<span class=\"excerpt-hellip\"> [\u2026]<\/span><\/p>\n","protected":false},"featured_media":3868,"comment_status":"closed","ping_status":"closed","template":"","meta":[],"product_cat":[42,47],"product_tag":[],"class_list":{"0":"post-3867","1":"product","2":"type-product","3":"status-publish","4":"has-post-thumbnail","6":"product_cat-bron-krotka","7":"product_cat-glock","9":"first","10":"instock","11":"shipping-taxable","12":"product-type-simple"},"_links":{"self":[{"href":"https:\/\/www.strzelnica-magnum.pl\/en\/wp-json\/wp\/v2\/product\/3867","targetHints":{"allow":["GET"]}}],"collection":[{"href":"https:\/\/www.strzelnica-magnum.pl\/en\/wp-json\/wp\/v2\/product"}],"about":[{"href":"https:\/\/www.strzelnica-magnum.pl\/en\/wp-json\/wp\/v2\/types\/product"}],"replies":[{"embeddable":true,"href":"https:\/\/www.strzelnica-magnum.pl\/en\/wp-json\/wp\/v2\/comments?post=3867"}],"wp:featuredmedia":[{"embeddable":true,"href":"https:\/\/www.strzelnica-magnum.pl\/en\/wp-json\/wp\/v2\/media\/3868"}],"wp:attachment":[{"href":"https:\/\/www.strzelnica-magnum.pl\/en\/wp-json\/wp\/v2\/media?parent=3867"}],"wp:term":[{"taxonomy":"product_cat","embeddable":true,"href":"https:\/\/www.strzelnica-magnum.pl\/en\/wp-json\/wp\/v2\/product_cat?post=3867"},{"taxonomy":"product_tag","embeddable":true,"href":"https:\/\/www.strzelnica-magnum.pl\/en\/wp-json\/wp\/v2\/product_tag?post=3867"}],"curies":[{"name":"wp","href":"https:\/\/api.w.org\/{rel}","templated":true}]}}