{"id":3864,"date":"2025-07-18T14:06:00","date_gmt":"2025-07-18T14:06:00","guid":{"rendered":"https:\/\/www.strzelnica-magnum.pl\/?post_type=product&#038;p=3864"},"modified":"2025-07-18T14:06:00","modified_gmt":"2025-07-18T14:06:00","slug":"glock-20-sf","status":"publish","type":"product","link":"https:\/\/www.strzelnica-magnum.pl\/en\/uzbrojenie\/bron-krotka\/glock-20-sf\/","title":{"rendered":"Glock 20 SF"},"content":{"rendered":"<p><strong>Glock 20 SF<\/strong> to pot\u0119\u017cny pistolet samopowtarzalny, strzelaj\u0105cy amunicj\u0105 10 mm Auto, zaprojektowany z my\u015bl\u0105 o u\u017cytkownikach ceni\u0105cych du\u017c\u0105 moc obalaj\u0105c\u0105 w po\u0142\u0105czeniu z komfortem u\u017cytkowania. Wersja SF charakteryzuje si\u0119 zmniejszonym obwodem chwytu, co znacz\u0105co poprawia ergonomi\u0119 dla os\u00f3b o mniejszych d\u0142oniach, jednocze\u015bnie zachowuj\u0105c wszystkie zalety standardowego Glocka 20.<\/p>\n<p>Niezawodno\u015b\u0107, trwa\u0142o\u015b\u0107 i precyzja, to cechy, kt\u00f3re wyr\u00f3\u017cniaj\u0105 ten model. Glock 20 SF to idealny wyb\u00f3r zar\u00f3wno do polowa\u0144, samoobrony, jak i strzelectwa sportowego, gdzie wymagana jest du\u017ca si\u0142a ra\u017cenia.<\/p>\n<p><strong>Cena 3 297 z\u0142<\/strong><\/p>\n<p><em>Bro\u0144 palna, amunicja i istotne elementy broni nie s\u0105 sprzedawane on-line. Mo\u017cna je naby\u0107 osobi\u015bcie w naszym sklepie. Warunkiem nabycia broni jest przed\u0142o\u017cenie aktualnego za\u015bwiadczenia (promesy) uprawniaj\u0105cej do zakupu broni oraz dowodu osobistego. Niniejsz\u0105 ofert\u0119 zamieszczamy w celu pogl\u0105dowym. Przed zakupem broni prosimy o kontakt telefoniczny.<\/em><\/p>\n","protected":false},"excerpt":{"rendered":"<p>Glock 20 SF to pot\u0119\u017cny pistolet samopowtarzalny, strzelaj\u0105cy amunicj\u0105 10 mm Auto, zaprojektowany z my\u015bl\u0105 o u\u017cytkownikach ceni\u0105cych du\u017c\u0105 moc obalaj\u0105c\u0105 w po\u0142\u0105czeniu z komfortem u\u017cytkowania.<span class=\"excerpt-hellip\"> [\u2026]<\/span><\/p>\n","protected":false},"featured_media":3865,"comment_status":"closed","ping_status":"closed","template":"","meta":[],"product_cat":[42,47],"product_tag":[],"class_list":{"0":"post-3864","1":"product","2":"type-product","3":"status-publish","4":"has-post-thumbnail","6":"product_cat-bron-krotka","7":"product_cat-glock","9":"first","10":"instock","11":"shipping-taxable","12":"product-type-simple"},"_links":{"self":[{"href":"https:\/\/www.strzelnica-magnum.pl\/en\/wp-json\/wp\/v2\/product\/3864","targetHints":{"allow":["GET"]}}],"collection":[{"href":"https:\/\/www.strzelnica-magnum.pl\/en\/wp-json\/wp\/v2\/product"}],"about":[{"href":"https:\/\/www.strzelnica-magnum.pl\/en\/wp-json\/wp\/v2\/types\/product"}],"replies":[{"embeddable":true,"href":"https:\/\/www.strzelnica-magnum.pl\/en\/wp-json\/wp\/v2\/comments?post=3864"}],"wp:featuredmedia":[{"embeddable":true,"href":"https:\/\/www.strzelnica-magnum.pl\/en\/wp-json\/wp\/v2\/media\/3865"}],"wp:attachment":[{"href":"https:\/\/www.strzelnica-magnum.pl\/en\/wp-json\/wp\/v2\/media?parent=3864"}],"wp:term":[{"taxonomy":"product_cat","embeddable":true,"href":"https:\/\/www.strzelnica-magnum.pl\/en\/wp-json\/wp\/v2\/product_cat?post=3864"},{"taxonomy":"product_tag","embeddable":true,"href":"https:\/\/www.strzelnica-magnum.pl\/en\/wp-json\/wp\/v2\/product_tag?post=3864"}],"curies":[{"name":"wp","href":"https:\/\/api.w.org\/{rel}","templated":true}]}}