{"id":3857,"date":"2025-07-17T12:56:53","date_gmt":"2025-07-17T12:56:53","guid":{"rendered":"https:\/\/www.strzelnica-magnum.pl\/?post_type=product&#038;p=3857"},"modified":"2025-07-17T12:56:53","modified_gmt":"2025-07-17T12:56:53","slug":"glock-31-olive","status":"publish","type":"product","link":"https:\/\/www.strzelnica-magnum.pl\/en\/uzbrojenie\/bron-krotka\/glock-31-olive\/","title":{"rendered":"Glock 31 Olive"},"content":{"rendered":"<p><strong>Glock 31 Olive<\/strong> to pistolet stworzony dla tych, kt\u00f3rzy ceni\u0105 ekstremaln\u0105 dynamik\u0119 i penetracj\u0119 kalibru .357 SIG w po\u0142\u0105czeniu z legendarn\u0105 niezawodno\u015bci\u0105 Glocka i unikalnym, taktycznym wygl\u0105dem. Ten pe\u0142nowymiarowy model wyr\u00f3\u017cnia si\u0119 ram\u0105 w kolorze Olive, nadaj\u0105c mu charakterystyczny, militarny charakter.<\/p>\n<p>Kluczowe cechy:<br \/>\nKolor Olive: Wyj\u0105tkowa, oliwkowo-zielona rama nie tylko nadaje pistoletowi wyr\u00f3\u017cniaj\u0105cy si\u0119 wygl\u0105d, ale r\u00f3wnie\u017c doskonale komponuje si\u0119 z taktycznym ekwipunkiem i otoczeniem.<br \/>\nKaliber .357 SIG: Znany z wysokiej pr\u0119dko\u015bci wylotowej, p\u0142askiej trajektorii i doskona\u0142ej penetracji, oferuje niezr\u00f3wnane osi\u0105gi w zastosowaniach profesjonalnych i obronnych.<br \/>\nPe\u0142nowymiarowa konstrukcja: Zapewnia doskona\u0142\u0105 kontrol\u0119 nad broni\u0105, stabilno\u015b\u0107 strza\u0142u i precyzj\u0119, co jest kluczowe zar\u00f3wno na strzelnicy, jak i w dynamicznych sytuacjach.<br \/>\nLegendarna niezawodno\u015b\u0107: Niezale\u017cnie od generacji, Glock 31 s\u0142ynie z bezawaryjno\u015bci i wytrzyma\u0142o\u015bci w najtrudniejszych warunkach, co czyni go wyborem dla profesjonalist\u00f3w na ca\u0142ym \u015bwiecie.<br \/>\nProsta obs\u0142uga i konserwacja: Intuicyjna budowa i \u0142atwo\u015b\u0107 czyszczenia to cechy, kt\u00f3re sprawiaj\u0105, \u017ce Glock jest przyjazny dla u\u017cytkownika i d\u0142ugowieczny.<\/p>\n<p>Glock 31 Olive to doskona\u0142y wyb\u00f3r dla strzelc\u00f3w, kt\u00f3rzy poszukuj\u0105 pot\u0119\u017cnej broni o wysokich osi\u0105gach, niezawodno\u015bci i wyr\u00f3\u017cniaj\u0105cym si\u0119, taktycznym wygl\u0105dzie.<\/p>\n<p><strong>Cena 2 856 z\u0142<\/strong><\/p>\n<p><em>Bro\u0144 palna, amunicja i istotne elementy broni nie s\u0105 sprzedawane on-line. Mo\u017cna je naby\u0107 osobi\u015bcie w naszym sklepie. Warunkiem nabycia broni jest przed\u0142o\u017cenie aktualnego za\u015bwiadczenia (promesy) uprawniaj\u0105cej do zakupu broni oraz dowodu osobistego. Niniejsz\u0105 ofert\u0119 zamieszczamy w celu pogl\u0105dowym. Przed zakupem broni prosimy o kontakt telefoniczny.<\/em><\/p>\n","protected":false},"excerpt":{"rendered":"<p>Glock 31 Olive to pistolet stworzony dla tych, kt\u00f3rzy ceni\u0105 ekstremaln\u0105 dynamik\u0119 i penetracj\u0119 kalibru .357 SIG w po\u0142\u0105czeniu z legendarn\u0105 niezawodno\u015bci\u0105 Glocka i unikalnym, taktycznym<span class=\"excerpt-hellip\"> [\u2026]<\/span><\/p>\n","protected":false},"featured_media":3858,"comment_status":"closed","ping_status":"closed","template":"","meta":[],"product_cat":[42,47],"product_tag":[],"class_list":{"0":"post-3857","1":"product","2":"type-product","3":"status-publish","4":"has-post-thumbnail","6":"product_cat-bron-krotka","7":"product_cat-glock","9":"first","10":"instock","11":"shipping-taxable","12":"product-type-simple"},"_links":{"self":[{"href":"https:\/\/www.strzelnica-magnum.pl\/en\/wp-json\/wp\/v2\/product\/3857","targetHints":{"allow":["GET"]}}],"collection":[{"href":"https:\/\/www.strzelnica-magnum.pl\/en\/wp-json\/wp\/v2\/product"}],"about":[{"href":"https:\/\/www.strzelnica-magnum.pl\/en\/wp-json\/wp\/v2\/types\/product"}],"replies":[{"embeddable":true,"href":"https:\/\/www.strzelnica-magnum.pl\/en\/wp-json\/wp\/v2\/comments?post=3857"}],"wp:featuredmedia":[{"embeddable":true,"href":"https:\/\/www.strzelnica-magnum.pl\/en\/wp-json\/wp\/v2\/media\/3858"}],"wp:attachment":[{"href":"https:\/\/www.strzelnica-magnum.pl\/en\/wp-json\/wp\/v2\/media?parent=3857"}],"wp:term":[{"taxonomy":"product_cat","embeddable":true,"href":"https:\/\/www.strzelnica-magnum.pl\/en\/wp-json\/wp\/v2\/product_cat?post=3857"},{"taxonomy":"product_tag","embeddable":true,"href":"https:\/\/www.strzelnica-magnum.pl\/en\/wp-json\/wp\/v2\/product_tag?post=3857"}],"curies":[{"name":"wp","href":"https:\/\/api.w.org\/{rel}","templated":true}]}}