{"id":3821,"date":"2025-07-17T12:07:11","date_gmt":"2025-07-17T12:07:11","guid":{"rendered":"https:\/\/www.strzelnica-magnum.pl\/?post_type=product&#038;p=3821"},"modified":"2025-07-17T12:07:11","modified_gmt":"2025-07-17T12:07:11","slug":"glock-45-mos-gwint-m135","status":"publish","type":"product","link":"https:\/\/www.strzelnica-magnum.pl\/en\/uzbrojenie\/bron-krotka\/glock-45-mos-gwint-m135\/","title":{"rendered":"Glock 45 MOS Gwint M13,5"},"content":{"rendered":"<p><strong>Glock 45 MOS Gwint M13,5<\/strong> to pistolet, kt\u00f3ry \u0142\u0105czy w sobie to, co najlepsze z dw\u00f3ch \u015bwiat\u00f3w: kompaktowy zamek Glocka 19 z pe\u0142nowymiarow\u0105 ram\u0105 Glocka 17. Dzi\u0119ki tej konfiguracji &#8220;crossover&#8221; i zaawansowanym funkcjom taktycznym, G45 staje si\u0119 wszechstronnym narz\u0119dziem dla najbardziej wymagaj\u0105cych strzelc\u00f3w.<\/p>\n<p>Kluczowe cechy:<br \/>\nKonfiguracja Crossover: Po\u0142\u0105czenie kompaktowego zamka G19 z pe\u0142nowymiarow\u0105 ram\u0105 G17 zapewnia szybko\u015b\u0107 celowania i \u0142atwo\u015b\u0107 manewrowania przy jednoczesnym zachowaniu komfortu chwytu i du\u017cej pojemno\u015bci magazynka.<br \/>\nSystem MOS (Modular Optic System): Zintegrowany zamek umo\u017cliwia \u0142atwy i szybki monta\u017c kolimatora, znacz\u0105co przyspieszaj\u0105c celowanie i zwi\u0119kszaj\u0105c precyzj\u0119, co jest kluczowe w dynamicznych sytuacjach.<br \/>\nGwint M13,5x1LH na lufie: Fabrycznie gwintowana lufa pozwala na prosty monta\u017c kompensator\u00f3w, t\u0142umik\u00f3w d\u017awi\u0119ku lub innych urz\u0105dze\u0144 wylotowych. To idealne rozwi\u0105zanie do optymalizacji strzelania, redukcji odrzutu czy zastosowa\u0144 specjalistycznych.<\/p>\n<p>Wszystkie udoskonalenia Generacji 5:<br \/>\nBrak wci\u0119\u0107 na palce na chwycie dla bardziej uniwersalnego i komfortowego dopasowania.<br \/>\nLufa GLOCK Marksman Barrel (GMB) dla zwi\u0119kszonej precyzji.<br \/>\nObustronny zrzut zamka poprawiaj\u0105cy ergonomi\u0119 dla prawo- i lewor\u0119cznych strzelc\u00f3w.<br \/>\nWytrzyma\u0142a pow\u0142oka nDLC na lufie i zamku, zwi\u0119kszaj\u0105ca odporno\u015b\u0107 na zu\u017cycie i korozj\u0119.<br \/>\nZmodyfikowany mechanizm spustowy dla p\u0142ynniejszej i bardziej przewidywalnej pracy.<\/p>\n<p>Glock 45 MOS z gwintem M13,5 to idealny wyb\u00f3r dla strzelc\u00f3w i profesjonalist\u00f3w, kt\u00f3rzy szukaj\u0105 niezawodnego, wysoce konfigurowalnego i wszechstronnego pistoletu, kt\u00f3ry doskonale sprawdzi si\u0119 w ka\u017cdej sytuacji \u2013 od sportu, przez s\u0142u\u017cb\u0119, po obron\u0119 osobist\u0105.<\/p>\n<p><strong>Cena 4 578 z\u0142<\/strong><\/p>\n<p><em>Bro\u0144 palna, amunicja i istotne elementy broni nie s\u0105 sprzedawane on-line. Mo\u017cna je naby\u0107 osobi\u015bcie w naszym sklepie. Warunkiem nabycia broni jest przed\u0142o\u017cenie aktualnego za\u015bwiadczenia (promesy) uprawniaj\u0105cej do zakupu broni oraz dowodu osobistego. Niniejsz\u0105 ofert\u0119 zamieszczamy w celu pogl\u0105dowym. Przed zakupem broni prosimy o kontakt telefoniczny.<\/em><\/p>\n","protected":false},"excerpt":{"rendered":"<p>Glock 45 MOS Gwint M13,5 to pistolet, kt\u00f3ry \u0142\u0105czy w sobie to, co najlepsze z dw\u00f3ch \u015bwiat\u00f3w: kompaktowy zamek Glocka 19 z pe\u0142nowymiarow\u0105 ram\u0105 Glocka 17.<span class=\"excerpt-hellip\"> [\u2026]<\/span><\/p>\n","protected":false},"featured_media":3822,"comment_status":"closed","ping_status":"closed","template":"","meta":[],"product_cat":[42,47],"product_tag":[],"class_list":{"0":"post-3821","1":"product","2":"type-product","3":"status-publish","4":"has-post-thumbnail","6":"product_cat-bron-krotka","7":"product_cat-glock","9":"first","10":"instock","11":"shipping-taxable","12":"product-type-simple"},"_links":{"self":[{"href":"https:\/\/www.strzelnica-magnum.pl\/en\/wp-json\/wp\/v2\/product\/3821","targetHints":{"allow":["GET"]}}],"collection":[{"href":"https:\/\/www.strzelnica-magnum.pl\/en\/wp-json\/wp\/v2\/product"}],"about":[{"href":"https:\/\/www.strzelnica-magnum.pl\/en\/wp-json\/wp\/v2\/types\/product"}],"replies":[{"embeddable":true,"href":"https:\/\/www.strzelnica-magnum.pl\/en\/wp-json\/wp\/v2\/comments?post=3821"}],"wp:featuredmedia":[{"embeddable":true,"href":"https:\/\/www.strzelnica-magnum.pl\/en\/wp-json\/wp\/v2\/media\/3822"}],"wp:attachment":[{"href":"https:\/\/www.strzelnica-magnum.pl\/en\/wp-json\/wp\/v2\/media?parent=3821"}],"wp:term":[{"taxonomy":"product_cat","embeddable":true,"href":"https:\/\/www.strzelnica-magnum.pl\/en\/wp-json\/wp\/v2\/product_cat?post=3821"},{"taxonomy":"product_tag","embeddable":true,"href":"https:\/\/www.strzelnica-magnum.pl\/en\/wp-json\/wp\/v2\/product_tag?post=3821"}],"curies":[{"name":"wp","href":"https:\/\/api.w.org\/{rel}","templated":true}]}}