{"id":3786,"date":"2025-07-17T11:01:41","date_gmt":"2025-07-17T11:01:41","guid":{"rendered":"https:\/\/www.strzelnica-magnum.pl\/?post_type=product&#038;p=3786"},"modified":"2025-07-17T11:01:41","modified_gmt":"2025-07-17T11:01:41","slug":"glock-43-gen3-gwint-m12","status":"publish","type":"product","link":"https:\/\/www.strzelnica-magnum.pl\/en\/uzbrojenie\/bron-krotka\/glock-43-gen3-gwint-m12\/","title":{"rendered":"Glock 43 Gen3 Gwint M12"},"content":{"rendered":"<p><strong>Glock 43 Gen3 Gwint M12<\/strong> to idealne po\u0142\u0105czenie ultrakompaktowych rozmiar\u00f3w z mo\u017cliwo\u015bci\u0105 taktycznej rozbudowy. Ten smuk\u0142y i \u0142atwy do ukrycia pistolet, dzi\u0119ki fabrycznie gwintowanej lufie, oferuje niezawodno\u015b\u0107, kt\u00f3r\u0105 znasz i cenisz, w nowym, bardziej wszechstronnym wydaniu.<\/p>\n<p>Kluczowe cechy:<br \/>\nGwint M12x0,75 na lufie: Umo\u017cliwia \u0142atwy monta\u017c kompensator\u00f3w, t\u0142umik\u00f3w d\u017awi\u0119ku lub innych urz\u0105dze\u0144 wylotowych. To idealne rozwi\u0105zanie dla tych, kt\u00f3rzy chc\u0105 zwi\u0119kszy\u0107 komfort strzelania lub dostosowa\u0107 bro\u0144 do specyficznych zastosowa\u0144, takich jak trening z t\u0142umikiem.<br \/>\nGeneracja 3: Sprawdzona i niezawodna konstrukcja, kt\u00f3ra zapewnia bezkompromisow\u0105 trwa\u0142o\u015b\u0107 i prostot\u0119 obs\u0142ugi, cechy charakterystyczne dla pistolet\u00f3w Glock.<br \/>\nUltrakompaktowy rozmiar: G43 jest idealnym wyborem do skrytego noszenia. Jego niewielkie wymiary sprawiaj\u0105, \u017ce jest niezwykle dyskretny i komfortowy w codziennym u\u017cytkowaniu, jednocze\u015bnie oferuj\u0105c pewny chwyt i precyzj\u0119.<br \/>\nLekka konstrukcja: Niska waga pistoletu zwi\u0119ksza komfort noszenia przez ca\u0142y dzie\u0144, nie obci\u0105\u017caj\u0105c u\u017cytkownika.<br \/>\nProsta obs\u0142uga i konserwacja: Typowa dla Glocka nieskomplikowana budowa u\u0142atwia szybkie rozk\u0142adanie i czyszczenie, co przek\u0142ada si\u0119 na d\u0142ugowieczno\u015b\u0107 i bezproblemowe u\u017cytkowanie.<\/p>\n<p>Glock 43 Gen3 z gwintem M12 to doskona\u0142y wyb\u00f3r dla strzelc\u00f3w, kt\u00f3rzy szukaj\u0105 dyskretnego pistoletu do samoobrony z dodatkowym potencja\u0142em do personalizacji i adaptacji do specyficznych potrzeb taktycznych.<\/p>\n<p><strong>Cena 3 318 z\u0142<\/strong><\/p>\n<p><em>Bro\u0144 palna, amunicja i istotne elementy broni nie s\u0105 sprzedawane on-line. Mo\u017cna je naby\u0107 osobi\u015bcie w naszym sklepie. Warunkiem nabycia broni jest przed\u0142o\u017cenie aktualnego za\u015bwiadczenia (promesy) uprawniaj\u0105cej do zakupu broni oraz dowodu osobistego. Niniejsz\u0105 ofert\u0119 zamieszczamy w celu pogl\u0105dowym. Przed zakupem broni prosimy o kontakt telefoniczny.<\/em><\/p>\n","protected":false},"excerpt":{"rendered":"<p>Glock 43 Gen3 Gwint M12 to idealne po\u0142\u0105czenie ultrakompaktowych rozmiar\u00f3w z mo\u017cliwo\u015bci\u0105 taktycznej rozbudowy. Ten smuk\u0142y i \u0142atwy do ukrycia pistolet, dzi\u0119ki fabrycznie gwintowanej lufie, oferuje<span class=\"excerpt-hellip\"> [\u2026]<\/span><\/p>\n","protected":false},"featured_media":3789,"comment_status":"closed","ping_status":"closed","template":"","meta":[],"product_cat":[42,47],"product_tag":[],"class_list":{"0":"post-3786","1":"product","2":"type-product","3":"status-publish","4":"has-post-thumbnail","6":"product_cat-bron-krotka","7":"product_cat-glock","9":"first","10":"instock","11":"shipping-taxable","12":"product-type-simple"},"_links":{"self":[{"href":"https:\/\/www.strzelnica-magnum.pl\/en\/wp-json\/wp\/v2\/product\/3786","targetHints":{"allow":["GET"]}}],"collection":[{"href":"https:\/\/www.strzelnica-magnum.pl\/en\/wp-json\/wp\/v2\/product"}],"about":[{"href":"https:\/\/www.strzelnica-magnum.pl\/en\/wp-json\/wp\/v2\/types\/product"}],"replies":[{"embeddable":true,"href":"https:\/\/www.strzelnica-magnum.pl\/en\/wp-json\/wp\/v2\/comments?post=3786"}],"wp:featuredmedia":[{"embeddable":true,"href":"https:\/\/www.strzelnica-magnum.pl\/en\/wp-json\/wp\/v2\/media\/3789"}],"wp:attachment":[{"href":"https:\/\/www.strzelnica-magnum.pl\/en\/wp-json\/wp\/v2\/media?parent=3786"}],"wp:term":[{"taxonomy":"product_cat","embeddable":true,"href":"https:\/\/www.strzelnica-magnum.pl\/en\/wp-json\/wp\/v2\/product_cat?post=3786"},{"taxonomy":"product_tag","embeddable":true,"href":"https:\/\/www.strzelnica-magnum.pl\/en\/wp-json\/wp\/v2\/product_tag?post=3786"}],"curies":[{"name":"wp","href":"https:\/\/api.w.org\/{rel}","templated":true}]}}