{"id":3757,"date":"2025-07-17T10:25:12","date_gmt":"2025-07-17T10:25:12","guid":{"rendered":"https:\/\/www.strzelnica-magnum.pl\/?post_type=product&#038;p=3757"},"modified":"2025-07-17T10:25:12","modified_gmt":"2025-07-17T10:25:12","slug":"glock-27-gen5-fs","status":"publish","type":"product","link":"https:\/\/www.strzelnica-magnum.pl\/en\/uzbrojenie\/bron-krotka\/glock-27-gen5-fs\/","title":{"rendered":"Glock 27 Gen5 FS"},"content":{"rendered":"<p><strong>Glock 27 Gen5 FS<\/strong> to najnowsza generacja subkompaktowego pistoletu, kt\u00f3ry \u0142\u0105czy w sobie niezr\u00f3wnan\u0105 kompaktowo\u015b\u0107 z si\u0142\u0105 i niezawodno\u015bci\u0105 kalibru .40 S&#038;W. Stworzony z my\u015bl\u0105 o skrytym noszeniu i codziennej obronie, oferuje wszystkie ulepszenia Generacji 5 w mniejszym, \u0142atwiejszym do ukrycia formacie.<\/p>\n<p>Kluczowe cechy:<br \/>\nSubkompaktowe rozmiary: Idealny do skrytego noszenia, zapewniaj\u0105cy komfort i dyskrecj\u0119.<br \/>\nKaliber .40 S&#038;W: Gwarantuje znaczn\u0105 si\u0142\u0119 obalaj\u0105c\u0105, niezb\u0119dn\u0105 w sytuacjach kryzysowych.<br \/>\nWyci\u0119cie na palec (Front Serrations &#8211; FS): U\u0142atwia manipulacj\u0119 zamkiem, zwi\u0119kszaj\u0105c pewno\u015b\u0107 i szybko\u015b\u0107 obs\u0142ugi.<br \/>\nUdoskonalona generacja 5: Obejmuje szereg usprawnie\u0144, takich jak:<br \/>\nZmodyfikowany profil chwytu bez wci\u0119\u0107 na palce, zapewniaj\u0105cy lepsze dopasowanie do d\u0142oni.<br \/>\nPoprawiony mechanizm spustowy dla bardziej p\u0142ynnej pracy.<br \/>\nNowa, trwalsza pow\u0142oka nDLC na zamku i lufie, zwi\u0119kszaj\u0105ca odporno\u015b\u0107 na zu\u017cycie i korozj\u0119.<br \/>\nObustronny zrzut zamka, u\u0142atwiaj\u0105cy obs\u0142ug\u0119 zar\u00f3wno prawo-, jak i lewor\u0119cznym strzelcom.<\/p>\n<p>Glock 27 Gen5 FS to doskona\u0142y wyb\u00f3r dla os\u00f3b szukaj\u0105cych niezawodnego, \u0142atwego do ukrycia pistoletu z du\u017c\u0105 moc\u0105 ognia. Jest to bro\u0144, na kt\u00f3rej mo\u017cesz polega\u0107 w ka\u017cdej sytuacji.<\/p>\n<p><strong>Cena 3 360 z\u0142<\/strong><\/p>\n<p><em>Bro\u0144 palna, amunicja i istotne elementy broni nie s\u0105 sprzedawane on-line. Mo\u017cna je naby\u0107 osobi\u015bcie w naszym sklepie. Warunkiem nabycia broni jest przed\u0142o\u017cenie aktualnego za\u015bwiadczenia (promesy) uprawniaj\u0105cej do zakupu broni oraz dowodu osobistego. Niniejsz\u0105 ofert\u0119 zamieszczamy w celu pogl\u0105dowym. Przed zakupem broni prosimy o kontakt telefoniczny.<\/em><\/p>\n","protected":false},"excerpt":{"rendered":"<p>Glock 27 Gen5 FS to najnowsza generacja subkompaktowego pistoletu, kt\u00f3ry \u0142\u0105czy w sobie niezr\u00f3wnan\u0105 kompaktowo\u015b\u0107 z si\u0142\u0105 i niezawodno\u015bci\u0105 kalibru .40 S&#038;W. Stworzony z my\u015bl\u0105 o<span class=\"excerpt-hellip\"> [\u2026]<\/span><\/p>\n","protected":false},"featured_media":3758,"comment_status":"closed","ping_status":"closed","template":"","meta":[],"product_cat":[42,47],"product_tag":[],"class_list":{"0":"post-3757","1":"product","2":"type-product","3":"status-publish","4":"has-post-thumbnail","6":"product_cat-bron-krotka","7":"product_cat-glock","9":"first","10":"instock","11":"shipping-taxable","12":"product-type-simple"},"_links":{"self":[{"href":"https:\/\/www.strzelnica-magnum.pl\/en\/wp-json\/wp\/v2\/product\/3757","targetHints":{"allow":["GET"]}}],"collection":[{"href":"https:\/\/www.strzelnica-magnum.pl\/en\/wp-json\/wp\/v2\/product"}],"about":[{"href":"https:\/\/www.strzelnica-magnum.pl\/en\/wp-json\/wp\/v2\/types\/product"}],"replies":[{"embeddable":true,"href":"https:\/\/www.strzelnica-magnum.pl\/en\/wp-json\/wp\/v2\/comments?post=3757"}],"wp:featuredmedia":[{"embeddable":true,"href":"https:\/\/www.strzelnica-magnum.pl\/en\/wp-json\/wp\/v2\/media\/3758"}],"wp:attachment":[{"href":"https:\/\/www.strzelnica-magnum.pl\/en\/wp-json\/wp\/v2\/media?parent=3757"}],"wp:term":[{"taxonomy":"product_cat","embeddable":true,"href":"https:\/\/www.strzelnica-magnum.pl\/en\/wp-json\/wp\/v2\/product_cat?post=3757"},{"taxonomy":"product_tag","embeddable":true,"href":"https:\/\/www.strzelnica-magnum.pl\/en\/wp-json\/wp\/v2\/product_tag?post=3757"}],"curies":[{"name":"wp","href":"https:\/\/api.w.org\/{rel}","templated":true}]}}