{"id":3748,"date":"2025-07-16T11:28:01","date_gmt":"2025-07-16T11:28:01","guid":{"rendered":"https:\/\/www.strzelnica-magnum.pl\/?post_type=product&#038;p=3748"},"modified":"2025-07-16T11:28:01","modified_gmt":"2025-07-16T11:28:01","slug":"glock-18c-gen3","status":"publish","type":"product","link":"https:\/\/www.strzelnica-magnum.pl\/en\/uzbrojenie\/bron-krotka\/glock-18c-gen3\/","title":{"rendered":"Glock 18C Gen3"},"content":{"rendered":"<p><strong>Glock 18C Gen3<\/strong>to wyj\u0105tkowy pistolet maszynowy, dost\u0119pny wy\u0142\u0105cznie dla s\u0142u\u017cb mundurowych oraz do cel\u00f3w specjalnych i militarnych. Ta udoskonalona wersja legendarnego Glocka 18 Gen3 wyr\u00f3\u017cnia si\u0119 kompensatorem, kt\u00f3ry znacz\u0105co redukuje podrzut, zapewniaj\u0105c jeszcze lepsz\u0105 kontrol\u0119 podczas strzelania ogniem ci\u0105g\u0142ym. To idealne rozwi\u0105zanie dla profesjonalist\u00f3w wymagaj\u0105cych maksymalnej si\u0142y ognia i precyzji.<\/p>\n<p>G\u0142\u00f3wne cechy:<br \/>\nZintegrowany kompensator (porting): Specjalnie zaprojektowane otwory w lufie i zamku efektywnie odprowadzaj\u0105 gazy prochowe w g\u00f3r\u0119, minimalizuj\u0105c podrzut i podskok lufy.<br \/>\nTryb ognia automatycznego: Umo\u017cliwia prowadzenie ognia seryjnego z wysok\u0105 szybkostrzelno\u015bci\u0105, oferuj\u0105c niezr\u00f3wnan\u0105 si\u0142\u0119 ognia w krytycznych sytuacjach.<br \/>\nSprawdzona niezawodno\u015b\u0107 Glocka: Zachowuje wszystkie kluczowe cechy niezawodno\u015bci, trwa\u0142o\u015bci i prostoty obs\u0142ugi, z kt\u00f3rych s\u0142ynie marka Glock.<br \/>\nBezpiecze\u0144stwo: Wyposa\u017cony w trzy automatyczne systemy bezpiecze\u0144stwa (Safe Action\u00ae), minimalizuj\u0105ce ryzyko przypadkowego wystrza\u0142u.<br \/>\nWyj\u0105tkowy potencja\u0142: Niezast\u0105piony dla jednostek specjalnych i formacji wojskowych, gdzie precyzyjna i kontrolowana si\u0142a ognia jest kluczowa.<\/p>\n<p>Glock 18C Gen3 to symbol zaawansowania i dominacji w r\u0119kach profesjonalist\u00f3w.<\/p>\n<p><strong>Cena 5 460 z\u0142<\/strong><\/p>\n<p><em>Bro\u0144 palna, amunicja i istotne elementy broni nie s\u0105 sprzedawane on-line. Mo\u017cna je naby\u0107 osobi\u015bcie w naszym sklepie. Warunkiem nabycia broni jest przed\u0142o\u017cenie aktualnego za\u015bwiadczenia (promesy) uprawniaj\u0105cej do zakupu broni oraz dowodu osobistego. Niniejsz\u0105 ofert\u0119 zamieszczamy w celu pogl\u0105dowym. Przed zakupem broni prosimy o kontakt telefoniczny.<\/em><\/p>\n","protected":false},"excerpt":{"rendered":"<p>Glock 18C Gen3to wyj\u0105tkowy pistolet maszynowy, dost\u0119pny wy\u0142\u0105cznie dla s\u0142u\u017cb mundurowych oraz do cel\u00f3w specjalnych i militarnych. Ta udoskonalona wersja legendarnego Glocka 18 Gen3 wyr\u00f3\u017cnia si\u0119<span class=\"excerpt-hellip\"> [\u2026]<\/span><\/p>\n","protected":false},"featured_media":3749,"comment_status":"closed","ping_status":"closed","template":"","meta":[],"product_cat":[42,47],"product_tag":[],"class_list":{"0":"post-3748","1":"product","2":"type-product","3":"status-publish","4":"has-post-thumbnail","6":"product_cat-bron-krotka","7":"product_cat-glock","9":"first","10":"instock","11":"shipping-taxable","12":"product-type-simple"},"_links":{"self":[{"href":"https:\/\/www.strzelnica-magnum.pl\/en\/wp-json\/wp\/v2\/product\/3748","targetHints":{"allow":["GET"]}}],"collection":[{"href":"https:\/\/www.strzelnica-magnum.pl\/en\/wp-json\/wp\/v2\/product"}],"about":[{"href":"https:\/\/www.strzelnica-magnum.pl\/en\/wp-json\/wp\/v2\/types\/product"}],"replies":[{"embeddable":true,"href":"https:\/\/www.strzelnica-magnum.pl\/en\/wp-json\/wp\/v2\/comments?post=3748"}],"wp:featuredmedia":[{"embeddable":true,"href":"https:\/\/www.strzelnica-magnum.pl\/en\/wp-json\/wp\/v2\/media\/3749"}],"wp:attachment":[{"href":"https:\/\/www.strzelnica-magnum.pl\/en\/wp-json\/wp\/v2\/media?parent=3748"}],"wp:term":[{"taxonomy":"product_cat","embeddable":true,"href":"https:\/\/www.strzelnica-magnum.pl\/en\/wp-json\/wp\/v2\/product_cat?post=3748"},{"taxonomy":"product_tag","embeddable":true,"href":"https:\/\/www.strzelnica-magnum.pl\/en\/wp-json\/wp\/v2\/product_tag?post=3748"}],"curies":[{"name":"wp","href":"https:\/\/api.w.org\/{rel}","templated":true}]}}