{"id":3745,"date":"2025-07-16T11:26:51","date_gmt":"2025-07-16T11:26:51","guid":{"rendered":"https:\/\/www.strzelnica-magnum.pl\/?post_type=product&#038;p=3745"},"modified":"2025-07-16T11:26:51","modified_gmt":"2025-07-16T11:26:51","slug":"glock-18-gen3","status":"publish","type":"product","link":"https:\/\/www.strzelnica-magnum.pl\/en\/uzbrojenie\/bron-krotka\/glock-18-gen3\/","title":{"rendered":"Glock 18 Gen3"},"content":{"rendered":"<p><strong>Glock 18 Gen3<\/strong><\/p>\n<p>Szukasz pistoletu, kt\u00f3ry wykracza poza standardowe ramy? Glock 18 Gen3 to wyj\u0105tkowa, pe\u0142noautomatyczna wersja legendarnego pistoletu Glock 17, dost\u0119pna wy\u0142\u0105cznie dla s\u0142u\u017cb mundurowych oraz do cel\u00f3w specjalnych i militarnych. Ten unikatowy model oferuje mo\u017cliwo\u015b\u0107 strzelania ogniem ci\u0105g\u0142ym, zapewniaj\u0105c niespotykan\u0105 si\u0142\u0119 ognia w kompaktowym pakiecie.<\/p>\n<p>G\u0142\u00f3wne cechy:<br \/>\nTryb ognia automatycznego: Kluczowa cecha, odr\u00f3\u017cniaj\u0105ca Glocka 18 od innych modeli. Umo\u017cliwia prowadzenie ognia seryjnego z wysok\u0105 szybkostrzelno\u015bci\u0105.<br \/>\nSprawdzona niezawodno\u015b\u0107 Glocka: Zachowuje wszystkie cechy niezawodno\u015bci, trwa\u0142o\u015bci i prostoty obs\u0142ugi, z kt\u00f3rych s\u0142ynie marka Glock.<br \/>\nBezpiecze\u0144stwo: Wyposa\u017cony w trzy automatyczne systemy bezpiecze\u0144stwa (Safe Action\u00ae), kt\u00f3re minimalizuj\u0105 ryzyko przypadkowego wystrza\u0142u.<br \/>\nWyj\u0105tkowy potencja\u0142: Niezast\u0105piony dla jednostek specjalnych i formacji wojskowych, gdzie wymagana jest maksymalna si\u0142a ognia i kontrola.<\/p>\n<p>Glock 18 Gen3 to symbol si\u0142y i precyzji dla profesjonalist\u00f3w.<\/p>\n<p><strong>Cena 5 040 z\u0142<\/strong><\/p>\n<p><em>Bro\u0144 palna, amunicja i istotne elementy broni nie s\u0105 sprzedawane on-line. Mo\u017cna je naby\u0107 osobi\u015bcie w naszym sklepie. Warunkiem nabycia broni jest przed\u0142o\u017cenie aktualnego za\u015bwiadczenia (promesy) uprawniaj\u0105cej do zakupu broni oraz dowodu osobistego. Niniejsz\u0105 ofert\u0119 zamieszczamy w celu pogl\u0105dowym. Przed zakupem broni prosimy o kontakt telefoniczny.<\/em><\/p>\n","protected":false},"excerpt":{"rendered":"<p>Glock 18 Gen3 Szukasz pistoletu, kt\u00f3ry wykracza poza standardowe ramy? Glock 18 Gen3 to wyj\u0105tkowa, pe\u0142noautomatyczna wersja legendarnego pistoletu Glock 17, dost\u0119pna wy\u0142\u0105cznie dla s\u0142u\u017cb mundurowych<span class=\"excerpt-hellip\"> [\u2026]<\/span><\/p>\n","protected":false},"featured_media":3746,"comment_status":"closed","ping_status":"closed","template":"","meta":[],"product_cat":[42,47],"product_tag":[],"class_list":{"0":"post-3745","1":"product","2":"type-product","3":"status-publish","4":"has-post-thumbnail","6":"product_cat-bron-krotka","7":"product_cat-glock","9":"first","10":"instock","11":"shipping-taxable","12":"product-type-simple"},"_links":{"self":[{"href":"https:\/\/www.strzelnica-magnum.pl\/en\/wp-json\/wp\/v2\/product\/3745","targetHints":{"allow":["GET"]}}],"collection":[{"href":"https:\/\/www.strzelnica-magnum.pl\/en\/wp-json\/wp\/v2\/product"}],"about":[{"href":"https:\/\/www.strzelnica-magnum.pl\/en\/wp-json\/wp\/v2\/types\/product"}],"replies":[{"embeddable":true,"href":"https:\/\/www.strzelnica-magnum.pl\/en\/wp-json\/wp\/v2\/comments?post=3745"}],"wp:featuredmedia":[{"embeddable":true,"href":"https:\/\/www.strzelnica-magnum.pl\/en\/wp-json\/wp\/v2\/media\/3746"}],"wp:attachment":[{"href":"https:\/\/www.strzelnica-magnum.pl\/en\/wp-json\/wp\/v2\/media?parent=3745"}],"wp:term":[{"taxonomy":"product_cat","embeddable":true,"href":"https:\/\/www.strzelnica-magnum.pl\/en\/wp-json\/wp\/v2\/product_cat?post=3745"},{"taxonomy":"product_tag","embeddable":true,"href":"https:\/\/www.strzelnica-magnum.pl\/en\/wp-json\/wp\/v2\/product_tag?post=3745"}],"curies":[{"name":"wp","href":"https:\/\/api.w.org\/{rel}","templated":true}]}}