{"id":3742,"date":"2025-07-16T11:22:17","date_gmt":"2025-07-16T11:22:17","guid":{"rendered":"https:\/\/www.strzelnica-magnum.pl\/?post_type=product&#038;p=3742"},"modified":"2025-07-16T11:22:18","modified_gmt":"2025-07-16T11:22:18","slug":"glock-33-gen3","status":"publish","type":"product","link":"https:\/\/www.strzelnica-magnum.pl\/en\/uzbrojenie\/bron-krotka\/glock-33-gen3\/","title":{"rendered":"Glock 33 Gen3"},"content":{"rendered":"<p><strong>Glock 33 Gen3<\/strong><\/p>\n<p>Potrzebujesz maksymalnej mocy w minimalnym rozmiarze? Glock 33 Gen3 to odpowied\u017a! Ten ultrakompaktowy pistolet w kalibrze .357 SIG \u0142\u0105czy w sobie pot\u0119\u017cn\u0105 si\u0142\u0119 obalaj\u0105c\u0105 z niezr\u00f3wnan\u0105 \u0142atwo\u015bci\u0105 ukrycia. Idealny jako bro\u0144 do codziennego noszenia (EDC), a tak\u017ce jako bro\u0144 zapasowa dla tych, kt\u00f3rzy nie uznaj\u0105 kompromis\u00f3w w kwestii skuteczno\u015bci.<\/p>\n<p>G\u0142\u00f3wne cechy:<br \/>\nEkstremalna kompaktowo\u015b\u0107: Niewielkie rozmiary sprawiaj\u0105, \u017ce jest wyj\u0105tkowo \u0142atwy do ukrycia i noszenia dyskretnie.<br \/>\nPot\u0119\u017cny kaliber .357 SIG: Mimo niewielkich gabaryt\u00f3w, oferuje imponuj\u0105c\u0105 pr\u0119dko\u015b\u0107 wylotow\u0105 i energi\u0119, co czyni go niezwykle skutecznym.<br \/>\nSprawdzona niezawodno\u015b\u0107 Glocka: Zaprojektowany, by dzia\u0142a\u0107 bez zarzutu w ka\u017cdych warunkach, jak ka\u017cdy model Glocka.<br \/>\nBezpiecze\u0144stwo: Wyposa\u017cony w trzy automatyczne systemy bezpiecze\u0144stwa (Safe Action\u00ae), minimalizuj\u0105ce ryzyko przypadkowego wystrza\u0142u.<br \/>\nIdealny do dyskretnego noszenia: Po\u0142\u0105czenie mocy i ma\u0142ych rozmiar\u00f3w sprawia, \u017ce jest doskona\u0142ym wyborem dla os\u00f3b poszukuj\u0105cych efektywnej, a zarazem niewidocznej broni.<\/p>\n<p>Glock 33 Gen3 to pot\u0119ga w kieszonkowym wydaniu. Wybierz bezpiecze\u0144stwo i skuteczno\u015b\u0107, kt\u00f3re zawsze mo\u017cesz mie\u0107 przy sobie.<\/p>\n<p><strong>Cena 2 856 z\u0142<\/strong><\/p>\n<p><em>Bro\u0144 palna, amunicja i istotne elementy broni nie s\u0105 sprzedawane on-line. Mo\u017cna je naby\u0107 osobi\u015bcie w naszym sklepie. Warunkiem nabycia broni jest przed\u0142o\u017cenie aktualnego za\u015bwiadczenia (promesy) uprawniaj\u0105cej do zakupu broni oraz dowodu osobistego. Niniejsz\u0105 ofert\u0119 zamieszczamy w celu pogl\u0105dowym. Przed zakupem broni prosimy o kontakt telefoniczny.<\/em><\/p>\n","protected":false},"excerpt":{"rendered":"<p>Glock 33 Gen3 Potrzebujesz maksymalnej mocy w minimalnym rozmiarze? Glock 33 Gen3 to odpowied\u017a! Ten ultrakompaktowy pistolet w kalibrze .357 SIG \u0142\u0105czy w sobie pot\u0119\u017cn\u0105 si\u0142\u0119<span class=\"excerpt-hellip\"> [\u2026]<\/span><\/p>\n","protected":false},"featured_media":3743,"comment_status":"closed","ping_status":"closed","template":"","meta":[],"product_cat":[42,47],"product_tag":[],"class_list":{"0":"post-3742","1":"product","2":"type-product","3":"status-publish","4":"has-post-thumbnail","6":"product_cat-bron-krotka","7":"product_cat-glock","9":"first","10":"instock","11":"shipping-taxable","12":"product-type-simple"},"_links":{"self":[{"href":"https:\/\/www.strzelnica-magnum.pl\/en\/wp-json\/wp\/v2\/product\/3742","targetHints":{"allow":["GET"]}}],"collection":[{"href":"https:\/\/www.strzelnica-magnum.pl\/en\/wp-json\/wp\/v2\/product"}],"about":[{"href":"https:\/\/www.strzelnica-magnum.pl\/en\/wp-json\/wp\/v2\/types\/product"}],"replies":[{"embeddable":true,"href":"https:\/\/www.strzelnica-magnum.pl\/en\/wp-json\/wp\/v2\/comments?post=3742"}],"wp:featuredmedia":[{"embeddable":true,"href":"https:\/\/www.strzelnica-magnum.pl\/en\/wp-json\/wp\/v2\/media\/3743"}],"wp:attachment":[{"href":"https:\/\/www.strzelnica-magnum.pl\/en\/wp-json\/wp\/v2\/media?parent=3742"}],"wp:term":[{"taxonomy":"product_cat","embeddable":true,"href":"https:\/\/www.strzelnica-magnum.pl\/en\/wp-json\/wp\/v2\/product_cat?post=3742"},{"taxonomy":"product_tag","embeddable":true,"href":"https:\/\/www.strzelnica-magnum.pl\/en\/wp-json\/wp\/v2\/product_tag?post=3742"}],"curies":[{"name":"wp","href":"https:\/\/api.w.org\/{rel}","templated":true}]}}