{"id":3739,"date":"2025-07-16T11:20:20","date_gmt":"2025-07-16T11:20:20","guid":{"rendered":"https:\/\/www.strzelnica-magnum.pl\/?post_type=product&#038;p=3739"},"modified":"2025-07-16T11:20:20","modified_gmt":"2025-07-16T11:20:20","slug":"glock-32-gen3","status":"publish","type":"product","link":"https:\/\/www.strzelnica-magnum.pl\/en\/uzbrojenie\/bron-krotka\/glock-32-gen3\/","title":{"rendered":"Glock 32 Gen3"},"content":{"rendered":"<p><strong>Glock 32 Gen3<\/strong><\/p>\n<p>Szukasz pistoletu, kt\u00f3ry oferuje pot\u0119\u017cn\u0105 si\u0142\u0119 obalaj\u0105c\u0105 kalibru .357 SIG, a jednocze\u015bnie jest bardziej kompaktowy ni\u017c pe\u0142nowymiarowe konstrukcje? Glock 32 Gen3 to idealne po\u0142\u0105czenie! Ten model w rozmiarze compact zapewnia doskona\u0142y balans mi\u0119dzy \u0142atwo\u015bci\u0105 przenoszenia, komfortem strzelania a imponuj\u0105c\u0105 moc\u0105.<\/p>\n<p>G\u0142\u00f3wne cechy:<br \/>\nZnakomity kaliber .357 SIG: Zapewnia wysok\u0105 pr\u0119dko\u015b\u0107 i energi\u0119 kinetyczn\u0105, co przek\u0142ada si\u0119 na doskona\u0142e w\u0142a\u015bciwo\u015bci balistyczne i skuteczno\u015b\u0107.<br \/>\nIdealny rozmiar compact: Mniejszy ni\u017c modele standardowe, ale wci\u0105\u017c oferuj\u0105cy komfortowy chwyt i pojemny magazynek, co czyni go uniwersalnym wyborem.<br \/>\nSprawdzona niezawodno\u015b\u0107 Glocka: Jak ka\u017cdy Glock, model 32 Gen3 dzia\u0142a bez zarzutu w ka\u017cdych warunkach, gwarantuj\u0105c lata bezproblemowego u\u017cytkowania.<br \/>\nBezpiecze\u0144stwo: Wyposa\u017cony w trzy automatyczne systemy bezpiecze\u0144stwa (Safe Action\u00ae), kt\u00f3re minimalizuj\u0105 ryzyko przypadkowego wystrza\u0142u.<br \/>\nWszechstronno\u015b\u0107: Doskona\u0142y wyb\u00f3r zar\u00f3wno do samoobrony, jak i jako bro\u0144 s\u0142u\u017cbowa czy do strzelectwa sportowego.<\/p>\n<p>Glock 32 Gen3 to kompromis mocy i por\u0119czno\u015bci. Wybierz bro\u0144, kt\u00f3ra dostarczy Ci pewno\u015bci i efektywno\u015bci w ka\u017cdej sytuacji.<\/p>\n<p><strong>Cena 2 856 z\u0142<\/strong><\/p>\n<p><em>Bro\u0144 palna, amunicja i istotne elementy broni nie s\u0105 sprzedawane on-line. Mo\u017cna je naby\u0107 osobi\u015bcie w naszym sklepie. Warunkiem nabycia broni jest przed\u0142o\u017cenie aktualnego za\u015bwiadczenia (promesy) uprawniaj\u0105cej do zakupu broni oraz dowodu osobistego. Niniejsz\u0105 ofert\u0119 zamieszczamy w celu pogl\u0105dowym. Przed zakupem broni prosimy o kontakt telefoniczny.<\/em><\/p>\n","protected":false},"excerpt":{"rendered":"<p>Glock 32 Gen3 Szukasz pistoletu, kt\u00f3ry oferuje pot\u0119\u017cn\u0105 si\u0142\u0119 obalaj\u0105c\u0105 kalibru .357 SIG, a jednocze\u015bnie jest bardziej kompaktowy ni\u017c pe\u0142nowymiarowe konstrukcje? Glock 32 Gen3 to idealne<span class=\"excerpt-hellip\"> [\u2026]<\/span><\/p>\n","protected":false},"featured_media":3740,"comment_status":"closed","ping_status":"closed","template":"","meta":[],"product_cat":[42,47],"product_tag":[],"class_list":{"0":"post-3739","1":"product","2":"type-product","3":"status-publish","4":"has-post-thumbnail","6":"product_cat-bron-krotka","7":"product_cat-glock","9":"first","10":"instock","11":"shipping-taxable","12":"product-type-simple"},"_links":{"self":[{"href":"https:\/\/www.strzelnica-magnum.pl\/en\/wp-json\/wp\/v2\/product\/3739","targetHints":{"allow":["GET"]}}],"collection":[{"href":"https:\/\/www.strzelnica-magnum.pl\/en\/wp-json\/wp\/v2\/product"}],"about":[{"href":"https:\/\/www.strzelnica-magnum.pl\/en\/wp-json\/wp\/v2\/types\/product"}],"replies":[{"embeddable":true,"href":"https:\/\/www.strzelnica-magnum.pl\/en\/wp-json\/wp\/v2\/comments?post=3739"}],"wp:featuredmedia":[{"embeddable":true,"href":"https:\/\/www.strzelnica-magnum.pl\/en\/wp-json\/wp\/v2\/media\/3740"}],"wp:attachment":[{"href":"https:\/\/www.strzelnica-magnum.pl\/en\/wp-json\/wp\/v2\/media?parent=3739"}],"wp:term":[{"taxonomy":"product_cat","embeddable":true,"href":"https:\/\/www.strzelnica-magnum.pl\/en\/wp-json\/wp\/v2\/product_cat?post=3739"},{"taxonomy":"product_tag","embeddable":true,"href":"https:\/\/www.strzelnica-magnum.pl\/en\/wp-json\/wp\/v2\/product_tag?post=3739"}],"curies":[{"name":"wp","href":"https:\/\/api.w.org\/{rel}","templated":true}]}}