{"id":3736,"date":"2025-07-16T11:17:10","date_gmt":"2025-07-16T11:17:10","guid":{"rendered":"https:\/\/www.strzelnica-magnum.pl\/?post_type=product&#038;p=3736"},"modified":"2025-07-16T11:19:08","modified_gmt":"2025-07-16T11:19:08","slug":"glock-31-gen3","status":"publish","type":"product","link":"https:\/\/www.strzelnica-magnum.pl\/en\/uzbrojenie\/bron-krotka\/glock-31-gen3\/","title":{"rendered":"Glock 31 Gen3"},"content":{"rendered":"<p><strong>Glock 31 Gen3<\/strong><\/p>\n<p>Szukasz pistoletu, kt\u00f3ry \u0142\u0105czy imponuj\u0105c\u0105 si\u0142\u0119 obalaj\u0105c\u0105 z niezawodno\u015bci\u0105 i precyzj\u0105? Glock 31 Gen3 w kalibrze .357 SIG to wyb\u00f3r dla Ciebie! Ten pe\u0142nowymiarowy model oferuje doskona\u0142\u0105 ergonomi\u0119, sprawdzon\u0105 konstrukcj\u0119 Glocka i pot\u0119\u017cn\u0105 amunicj\u0119, idealn\u0105 zar\u00f3wno do samoobrony, jak i sportu.<\/p>\n<p>G\u0142\u00f3wne cechy:<br \/>\nPot\u0119\u017cny kaliber .357 SIG: Zapewnia wysok\u0105 pr\u0119dko\u015b\u0107 wylotow\u0105 i energi\u0119, co przek\u0142ada si\u0119 na doskona\u0142e w\u0142a\u015bciwo\u015bci balistyczne i zatrzymuj\u0105ce.<br \/>\nSprawdzona niezawodno\u015b\u0107 Glocka: Jak ka\u017cdy Glock, model 31 Gen3 zosta\u0142 zaprojektowany, aby dzia\u0142a\u0107 bez zarzutu w ka\u017cdych warunkach, oferuj\u0105c lata bezproblemowego u\u017cytkowania.<br \/>\nErgonomiczny chwyt: Zapewnia pewny i komfortowy uchwyt, co przek\u0142ada si\u0119 na lepsz\u0105 kontrol\u0119 nad broni\u0105, nawet przy strzelaniu silnym kalibrem.<br \/>\nBezpiecze\u0144stwo: Wyposa\u017cony w trzy automatyczne systemy bezpiecze\u0144stwa (Safe Action\u00ae), kt\u00f3re minimalizuj\u0105 ryzyko przypadkowego wystrza\u0142u.<br \/>\nWszechstronno\u015b\u0107: Idealny zar\u00f3wno dla s\u0142u\u017cb mundurowych, entuzjast\u00f3w strzelectwa sportowego, jak i do ochrony osobistej.<\/p>\n<p>Glock 31 Gen3 to si\u0142a i pewno\u015b\u0107 w Twoich r\u0119kach. Wybierz model, kt\u00f3ry sprosta Twoim wymaganiom, niezale\u017cnie od sytuacji.<\/p>\n<p><strong>Cena 2 856 z\u0142<\/strong><\/p>\n<p><em>Bro\u0144 palna, amunicja i istotne elementy broni nie s\u0105 sprzedawane on-line. Mo\u017cna je naby\u0107 osobi\u015bcie w naszym sklepie. Warunkiem nabycia broni jest przed\u0142o\u017cenie aktualnego za\u015bwiadczenia (promesy) uprawniaj\u0105cej do zakupu broni oraz dowodu osobistego. Niniejsz\u0105 ofert\u0119 zamieszczamy w celu pogl\u0105dowym. Przed zakupem broni prosimy o kontakt telefoniczny.<\/em><\/p>\n","protected":false},"excerpt":{"rendered":"<p>Glock 31 Gen3 Szukasz pistoletu, kt\u00f3ry \u0142\u0105czy imponuj\u0105c\u0105 si\u0142\u0119 obalaj\u0105c\u0105 z niezawodno\u015bci\u0105 i precyzj\u0105? Glock 31 Gen3 w kalibrze .357 SIG to wyb\u00f3r dla Ciebie! Ten<span class=\"excerpt-hellip\"> [\u2026]<\/span><\/p>\n","protected":false},"featured_media":3737,"comment_status":"closed","ping_status":"closed","template":"","meta":[],"product_cat":[42,47],"product_tag":[],"class_list":{"0":"post-3736","1":"product","2":"type-product","3":"status-publish","4":"has-post-thumbnail","6":"product_cat-bron-krotka","7":"product_cat-glock","9":"first","10":"instock","11":"shipping-taxable","12":"product-type-simple"},"_links":{"self":[{"href":"https:\/\/www.strzelnica-magnum.pl\/en\/wp-json\/wp\/v2\/product\/3736","targetHints":{"allow":["GET"]}}],"collection":[{"href":"https:\/\/www.strzelnica-magnum.pl\/en\/wp-json\/wp\/v2\/product"}],"about":[{"href":"https:\/\/www.strzelnica-magnum.pl\/en\/wp-json\/wp\/v2\/types\/product"}],"replies":[{"embeddable":true,"href":"https:\/\/www.strzelnica-magnum.pl\/en\/wp-json\/wp\/v2\/comments?post=3736"}],"wp:featuredmedia":[{"embeddable":true,"href":"https:\/\/www.strzelnica-magnum.pl\/en\/wp-json\/wp\/v2\/media\/3737"}],"wp:attachment":[{"href":"https:\/\/www.strzelnica-magnum.pl\/en\/wp-json\/wp\/v2\/media?parent=3736"}],"wp:term":[{"taxonomy":"product_cat","embeddable":true,"href":"https:\/\/www.strzelnica-magnum.pl\/en\/wp-json\/wp\/v2\/product_cat?post=3736"},{"taxonomy":"product_tag","embeddable":true,"href":"https:\/\/www.strzelnica-magnum.pl\/en\/wp-json\/wp\/v2\/product_tag?post=3736"}],"curies":[{"name":"wp","href":"https:\/\/api.w.org\/{rel}","templated":true}]}}