{"id":3733,"date":"2025-07-16T11:14:56","date_gmt":"2025-07-16T11:14:56","guid":{"rendered":"https:\/\/www.strzelnica-magnum.pl\/?post_type=product&#038;p=3733"},"modified":"2025-07-16T11:14:56","modified_gmt":"2025-07-16T11:14:56","slug":"glock-42-gen3","status":"publish","type":"product","link":"https:\/\/www.strzelnica-magnum.pl\/en\/uzbrojenie\/bron-krotka\/glock-42-gen3\/","title":{"rendered":"Glock 42 Gen3"},"content":{"rendered":"<p><strong>Glock 42 Gen3<\/strong><\/p>\n<p>Szukasz idealnego pistoletu do codziennego noszenia (EDC) lub jako bro\u0144 zapasow\u0105? Glock 42 Gen3 to doskona\u0142y wyb\u00f3r! Ten ultrakompaktowy pistolet w kalibrze .380 AUTO \u0142\u0105czy w sobie legendarn\u0105 niezawodno\u015b\u0107 marki Glock z wyj\u0105tkow\u0105 \u0142atwo\u015bci\u0105 ukrycia.<\/p>\n<p>G\u0142\u00f3wne cechy:<br \/>\nNiewielkie rozmiary i waga: Idealny do dyskretnego noszenia, nie obci\u0105\u017ca i nie rzuca si\u0119 w oczy.<br \/>\n\u0141atwo\u015b\u0107 obs\u0142ugi: Prosta konstrukcja i intuicyjny system spustowy sprawiaj\u0105, \u017ce jest \u0142atwy w obs\u0142udze nawet dla mniej do\u015bwiadczonych strzelc\u00f3w.<br \/>\nSprawdzona niezawodno\u015b\u0107 Glocka: Jak ka\u017cdy Glock, model 42 Gen3 zosta\u0142 zaprojektowany, aby dzia\u0142a\u0107 bez zarzutu w ka\u017cdych warunkach.<br \/>\nBezpiecze\u0144stwo: Wyposa\u017cony w trzy automatyczne systemy bezpiecze\u0144stwa (Safe Action\u00ae), kt\u00f3re minimalizuj\u0105 ryzyko przypadkowego wystrza\u0142u.<\/p>\n<p>Glock 42 Gen3 to komfort, dyskrecja i pewno\u015b\u0107 w jednym. Idealny dla tych, kt\u00f3rzy ceni\u0105 sobie minimalizm bez kompromis\u00f3w w kwestii bezpiecze\u0144stwa i efektywno\u015bci.<\/p>\n<p><strong>Cena 2 856 z\u0142<\/strong><\/p>\n<p><em>Bro\u0144 palna, amunicja i istotne elementy broni nie s\u0105 sprzedawane on-line. Mo\u017cna je naby\u0107 osobi\u015bcie w naszym sklepie. Warunkiem nabycia broni jest przed\u0142o\u017cenie aktualnego za\u015bwiadczenia (promesy) uprawniaj\u0105cej do zakupu broni oraz dowodu osobistego. Niniejsz\u0105 ofert\u0119 zamieszczamy w celu pogl\u0105dowym. Przed zakupem broni prosimy o kontakt telefoniczny.<\/em><\/p>\n","protected":false},"excerpt":{"rendered":"<p>Glock 42 Gen3 Szukasz idealnego pistoletu do codziennego noszenia (EDC) lub jako bro\u0144 zapasow\u0105? Glock 42 Gen3 to doskona\u0142y wyb\u00f3r! Ten ultrakompaktowy pistolet w kalibrze .380<span class=\"excerpt-hellip\"> [\u2026]<\/span><\/p>\n","protected":false},"featured_media":3734,"comment_status":"closed","ping_status":"closed","template":"","meta":[],"product_cat":[42,47],"product_tag":[],"class_list":{"0":"post-3733","1":"product","2":"type-product","3":"status-publish","4":"has-post-thumbnail","6":"product_cat-bron-krotka","7":"product_cat-glock","9":"first","10":"instock","11":"shipping-taxable","12":"product-type-simple"},"_links":{"self":[{"href":"https:\/\/www.strzelnica-magnum.pl\/en\/wp-json\/wp\/v2\/product\/3733","targetHints":{"allow":["GET"]}}],"collection":[{"href":"https:\/\/www.strzelnica-magnum.pl\/en\/wp-json\/wp\/v2\/product"}],"about":[{"href":"https:\/\/www.strzelnica-magnum.pl\/en\/wp-json\/wp\/v2\/types\/product"}],"replies":[{"embeddable":true,"href":"https:\/\/www.strzelnica-magnum.pl\/en\/wp-json\/wp\/v2\/comments?post=3733"}],"wp:featuredmedia":[{"embeddable":true,"href":"https:\/\/www.strzelnica-magnum.pl\/en\/wp-json\/wp\/v2\/media\/3734"}],"wp:attachment":[{"href":"https:\/\/www.strzelnica-magnum.pl\/en\/wp-json\/wp\/v2\/media?parent=3733"}],"wp:term":[{"taxonomy":"product_cat","embeddable":true,"href":"https:\/\/www.strzelnica-magnum.pl\/en\/wp-json\/wp\/v2\/product_cat?post=3733"},{"taxonomy":"product_tag","embeddable":true,"href":"https:\/\/www.strzelnica-magnum.pl\/en\/wp-json\/wp\/v2\/product_tag?post=3733"}],"curies":[{"name":"wp","href":"https:\/\/api.w.org\/{rel}","templated":true}]}}