{"id":3730,"date":"2025-07-16T11:11:12","date_gmt":"2025-07-16T11:11:12","guid":{"rendered":"https:\/\/www.strzelnica-magnum.pl\/?post_type=product&#038;p=3730"},"modified":"2025-07-16T11:11:12","modified_gmt":"2025-07-16T11:11:12","slug":"glock-28-gen3","status":"publish","type":"product","link":"https:\/\/www.strzelnica-magnum.pl\/en\/uzbrojenie\/bron-krotka\/glock-28-gen3\/","title":{"rendered":"Glock 28 Gen3"},"content":{"rendered":"<p><strong>Glock 28 Gen3<\/strong> to pistolet subkompaktowy, kt\u00f3ry oferuje legendarn\u0105 niezawodno\u015b\u0107 marki w najmniejszym mo\u017cliwym formacie dla kalibru .380 Auto (9x17mm Short). Zaprojektowany z my\u015bl\u0105 o maksymalnej dyskrecji, jest idealnym wyborem jako bro\u0144 do skrytego noszenia (EDC) lub jako pistolet zapasowy.<\/p>\n<p>Kluczowe Cechy:<br \/>\nSubkompaktowe Wymiary: Jako najmniejszy model w rodzinie .380 Auto, Glock 28 jest niezwykle \u0142atwy do ukrycia, nie powoduj\u0105c dyskomfortu nawet przy ca\u0142odziennym noszeniu.<br \/>\n\u0141agodny Odrzut: Kaliber .380 Auto w po\u0142\u0105czeniu z konstrukcj\u0105 pistoletu zapewnia bardzo niski odrzut, co u\u0142atwia pe\u0142n\u0105 kontrol\u0119 nad broni\u0105 i szybkie oddawanie celnych strza\u0142\u00f3w.<br \/>\nSprawdzona Platforma Gen3: Pistolet posiada wszystkie zalety trzeciej generacji Glocka, w tym charakterystyczn\u0105 faktur\u0119 chwytu i niezawodny, potr\u00f3jny system zabezpiecze\u0144 Safe Action\u00ae.<br \/>\nZaskakuj\u0105ca Pojemno\u015b\u0107: Mimo swoich kieszonkowych rozmiar\u00f3w, standardowy dwurz\u0119dowy magazynek mie\u015bci a\u017c 10 naboj\u00f3w, co jest doskona\u0142ym wynikiem w tej klasie wielko\u015bci.<\/p>\n<p>Glock 28 Gen3 to idealne rozwi\u0105zanie dla os\u00f3b, kt\u00f3re potrzebuj\u0105 niezawodnej, ale przede wszystkim maksymalnie dyskretnej broni do ochrony osobistej.<\/p>\n<p><strong>Cena 2 856 z\u0142<\/strong><\/p>\n<p><em>Bro\u0144 palna, amunicja i istotne elementy broni nie s\u0105 sprzedawane on-line. Mo\u017cna je naby\u0107 osobi\u015bcie w naszym sklepie. Warunkiem nabycia broni jest przed\u0142o\u017cenie aktualnego za\u015bwiadczenia (promesy) uprawniaj\u0105cej do zakupu broni oraz dowodu osobistego. Niniejsz\u0105 ofert\u0119 zamieszczamy w celu pogl\u0105dowym. Przed zakupem broni prosimy o kontakt telefoniczny.<\/em><\/p>\n","protected":false},"excerpt":{"rendered":"<p>Glock 28 Gen3 to pistolet subkompaktowy, kt\u00f3ry oferuje legendarn\u0105 niezawodno\u015b\u0107 marki w najmniejszym mo\u017cliwym formacie dla kalibru .380 Auto (9x17mm Short). Zaprojektowany z my\u015bl\u0105 o maksymalnej<span class=\"excerpt-hellip\"> [\u2026]<\/span><\/p>\n","protected":false},"featured_media":3731,"comment_status":"closed","ping_status":"closed","template":"","meta":[],"product_cat":[42,47],"product_tag":[],"class_list":{"0":"post-3730","1":"product","2":"type-product","3":"status-publish","4":"has-post-thumbnail","6":"product_cat-bron-krotka","7":"product_cat-glock","9":"first","10":"instock","11":"shipping-taxable","12":"product-type-simple"},"_links":{"self":[{"href":"https:\/\/www.strzelnica-magnum.pl\/en\/wp-json\/wp\/v2\/product\/3730","targetHints":{"allow":["GET"]}}],"collection":[{"href":"https:\/\/www.strzelnica-magnum.pl\/en\/wp-json\/wp\/v2\/product"}],"about":[{"href":"https:\/\/www.strzelnica-magnum.pl\/en\/wp-json\/wp\/v2\/types\/product"}],"replies":[{"embeddable":true,"href":"https:\/\/www.strzelnica-magnum.pl\/en\/wp-json\/wp\/v2\/comments?post=3730"}],"wp:featuredmedia":[{"embeddable":true,"href":"https:\/\/www.strzelnica-magnum.pl\/en\/wp-json\/wp\/v2\/media\/3731"}],"wp:attachment":[{"href":"https:\/\/www.strzelnica-magnum.pl\/en\/wp-json\/wp\/v2\/media?parent=3730"}],"wp:term":[{"taxonomy":"product_cat","embeddable":true,"href":"https:\/\/www.strzelnica-magnum.pl\/en\/wp-json\/wp\/v2\/product_cat?post=3730"},{"taxonomy":"product_tag","embeddable":true,"href":"https:\/\/www.strzelnica-magnum.pl\/en\/wp-json\/wp\/v2\/product_tag?post=3730"}],"curies":[{"name":"wp","href":"https:\/\/api.w.org\/{rel}","templated":true}]}}