{"id":3723,"date":"2025-07-16T11:02:41","date_gmt":"2025-07-16T11:02:41","guid":{"rendered":"https:\/\/www.strzelnica-magnum.pl\/?post_type=product&#038;p=3723"},"modified":"2025-07-16T11:07:12","modified_gmt":"2025-07-16T11:07:12","slug":"glock-25-gen3","status":"publish","type":"product","link":"https:\/\/www.strzelnica-magnum.pl\/en\/uzbrojenie\/bron-krotka\/glock-25-gen3\/","title":{"rendered":"Glock 25 Gen3"},"content":{"rendered":"<p><strong>Glock 25 Gen3<\/strong> <\/p>\n<p>Poczuj r\u00f3\u017cnic\u0119, jak\u0105 daje po\u0142\u0105czenie legendarnej niezawodno\u015bci Glocka z minimalnym odrzutem amunicji .380 Auto. Stworzony dla tych, kt\u00f3rzy szukaj\u0105 maksymalnego komfortu i pewno\u015bci, G25 Gen3 pozwala na b\u0142yskawiczne i celne oddawanie kolejnych strza\u0142\u00f3w.<br \/>\nJego \u0142agodna charakterystyka pracy sprawia, \u017ce trening staje si\u0119 przyjemno\u015bci\u0105, a kompaktowe wymiary czyni\u0105 go idealnym narz\u0119dziem do dyskretnego przenoszenia. Nie rezygnuj z si\u0142y ognia \u2013 15-nabojowy magazynek daje Ci przewag\u0119 i spok\u00f3j ducha.<br \/>\nTo idealny wyb\u00f3r, je\u015bli cenisz precyzj\u0119, \u0142atwo\u015b\u0107 obs\u0142ugi i dyskrecj\u0119 na najwy\u017cszym poziomie.<\/p>\n<p><strong>Cena 2 856 z\u0142<\/strong><\/p>\n<p><em>Bro\u0144 palna, amunicja i istotne elementy broni nie s\u0105 sprzedawane on-line. Mo\u017cna je naby\u0107 osobi\u015bcie w naszym sklepie. Warunkiem nabycia broni jest przed\u0142o\u017cenie aktualnego za\u015bwiadczenia (promesy) uprawniaj\u0105cej do zakupu broni oraz dowodu osobistego. Niniejsz\u0105 ofert\u0119 zamieszczamy w celu pogl\u0105dowym. Przed zakupem broni prosimy o kontakt telefoniczny.<\/em><\/p>\n","protected":false},"excerpt":{"rendered":"<p>Glock 25 Gen3 Poczuj r\u00f3\u017cnic\u0119, jak\u0105 daje po\u0142\u0105czenie legendarnej niezawodno\u015bci Glocka z minimalnym odrzutem amunicji .380 Auto. Stworzony dla tych, kt\u00f3rzy szukaj\u0105 maksymalnego komfortu i pewno\u015bci,<span class=\"excerpt-hellip\"> [\u2026]<\/span><\/p>\n","protected":false},"featured_media":3724,"comment_status":"closed","ping_status":"closed","template":"","meta":[],"product_cat":[42,47],"product_tag":[],"class_list":{"0":"post-3723","1":"product","2":"type-product","3":"status-publish","4":"has-post-thumbnail","6":"product_cat-bron-krotka","7":"product_cat-glock","9":"first","10":"instock","11":"shipping-taxable","12":"product-type-simple"},"_links":{"self":[{"href":"https:\/\/www.strzelnica-magnum.pl\/en\/wp-json\/wp\/v2\/product\/3723","targetHints":{"allow":["GET"]}}],"collection":[{"href":"https:\/\/www.strzelnica-magnum.pl\/en\/wp-json\/wp\/v2\/product"}],"about":[{"href":"https:\/\/www.strzelnica-magnum.pl\/en\/wp-json\/wp\/v2\/types\/product"}],"replies":[{"embeddable":true,"href":"https:\/\/www.strzelnica-magnum.pl\/en\/wp-json\/wp\/v2\/comments?post=3723"}],"wp:featuredmedia":[{"embeddable":true,"href":"https:\/\/www.strzelnica-magnum.pl\/en\/wp-json\/wp\/v2\/media\/3724"}],"wp:attachment":[{"href":"https:\/\/www.strzelnica-magnum.pl\/en\/wp-json\/wp\/v2\/media?parent=3723"}],"wp:term":[{"taxonomy":"product_cat","embeddable":true,"href":"https:\/\/www.strzelnica-magnum.pl\/en\/wp-json\/wp\/v2\/product_cat?post=3723"},{"taxonomy":"product_tag","embeddable":true,"href":"https:\/\/www.strzelnica-magnum.pl\/en\/wp-json\/wp\/v2\/product_tag?post=3723"}],"curies":[{"name":"wp","href":"https:\/\/api.w.org\/{rel}","templated":true}]}}