{"id":3708,"date":"2025-07-15T14:08:32","date_gmt":"2025-07-15T14:08:32","guid":{"rendered":"https:\/\/www.strzelnica-magnum.pl\/?post_type=product&#038;p=3708"},"modified":"2025-07-15T14:08:32","modified_gmt":"2025-07-15T14:08:32","slug":"glock-30s-gen3","status":"publish","type":"product","link":"https:\/\/www.strzelnica-magnum.pl\/en\/uzbrojenie\/bron-krotka\/glock-30s-gen3\/","title":{"rendered":"Glock 30S Gen3"},"content":{"rendered":"<p><strong>Glock 30S Gen3<\/strong> to unikalne po\u0142\u0105czenie kompaktowych rozmiar\u00f3w, pot\u0119\u017cnego kalibru .45 ACP i zwi\u0119kszonej dyskrecji. \u0141\u0105czy on sprawdzony szkielet Glocka 30 Gen3 z cie\u0144szym, odchudzonym zamkiem pochodz\u0105cym z modelu Glock 36. Dzi\u0119ki temu oferuje mniejszy obrys i wag\u0119, jednocze\u015bnie zachowuj\u0105c imponuj\u0105c\u0105 si\u0142\u0119 obalaj\u0105c\u0105 i niezawodno\u015b\u0107, co czyni go doskona\u0142ym wyborem do codziennego, ukrytego noszenia.<\/p>\n<p>Kluczowe cechy Glocka 30S Gen3 to:<br \/>\nSmuklejszy Zamek: Najwa\u017cniejsz\u0105 cech\u0105 jest cie\u0144szy zamek, kt\u00f3ry znacz\u0105co redukuje wag\u0119 i szeroko\u015b\u0107 pistoletu, u\u0142atwiaj\u0105c ukryte noszenie i zwi\u0119kszaj\u0105c komfort.<br \/>\nPot\u0119\u017cny Kaliber .45 ACP: Mimo zredukowanych wymiar\u00f3w, pistolet strzela sprawdzon\u0105 amunicj\u0105 .45 ACP, znan\u0105 ze swojej skuteczno\u015bci i du\u017cej si\u0142y obalaj\u0105cej.<br \/>\nKompaktowe rozmiary: Optymalne wymiary sprawiaj\u0105, \u017ce Glock 30S Gen3 jest \u0142atwy do ukrytego noszenia, jednocze\u015bnie oferuj\u0105c pewny chwyt i komfort strzelania.<br \/>\nSprawdzona Niezawodno\u015b\u0107: Jak ka\u017cdy Glock, model 30S Gen3 cechuje si\u0119 legendarn\u0105 niezawodno\u015bci\u0105 i prostot\u0105 konstrukcji, dzia\u0142aj\u0105c bez zarzutu nawet w najtrudniejszych warunkach.<br \/>\nErgonomiczny Chwyt: Profil r\u0119koje\u015bci Gen3 jest powszechnie uznawany za bardzo komfortowy i pewny, co pomaga w kontroli mocnego kalibru.<br \/>\nSystem Bezpiecznik\u00f3w Safe Action\u00ae: Trzy niezale\u017cne, automatyczne bezpieczniki gwarantuj\u0105 najwy\u017cszy poziom bezpiecze\u0144stwa, jednocze\u015bnie nie utrudniaj\u0105c szybkiego oddania strza\u0142u.<\/p>\n<p>Glock 30S Gen3 to doskona\u0142y wyb\u00f3r dla tych, kt\u00f3rzy poszukuj\u0105 pistoletu o du\u017cej mocy i niezawodno\u015bci, ale zale\u017cy im na maksymalnej dyskrecji i \u0142atwo\u015bci ukrytego noszenia.<\/p>\n<p><strong>Cena 3 297 z\u0142<\/strong><\/p>\n<p><em>Bro\u0144 palna, amunicja i istotne elementy broni nie s\u0105 sprzedawane on-line. Mo\u017cna je naby\u0107 osobi\u015bcie w naszym sklepie. Warunkiem nabycia broni jest przed\u0142o\u017cenie aktualnego za\u015bwiadczenia (promesy) uprawniaj\u0105cej do zakupu broni oraz dowodu osobistego. Niniejsz\u0105 ofert\u0119 zamieszczamy w celu pogl\u0105dowym. Przed zakupem broni prosimy o kontakt telefoniczny.<\/em><\/p>\n","protected":false},"excerpt":{"rendered":"<p>Glock 30S Gen3 to unikalne po\u0142\u0105czenie kompaktowych rozmiar\u00f3w, pot\u0119\u017cnego kalibru .45 ACP i zwi\u0119kszonej dyskrecji. \u0141\u0105czy on sprawdzony szkielet Glocka 30 Gen3 z cie\u0144szym, odchudzonym zamkiem<span class=\"excerpt-hellip\"> [\u2026]<\/span><\/p>\n","protected":false},"featured_media":3709,"comment_status":"closed","ping_status":"closed","template":"","meta":[],"product_cat":[42,47],"product_tag":[],"class_list":{"0":"post-3708","1":"product","2":"type-product","3":"status-publish","4":"has-post-thumbnail","6":"product_cat-bron-krotka","7":"product_cat-glock","9":"first","10":"instock","11":"shipping-taxable","12":"product-type-simple"},"_links":{"self":[{"href":"https:\/\/www.strzelnica-magnum.pl\/en\/wp-json\/wp\/v2\/product\/3708","targetHints":{"allow":["GET"]}}],"collection":[{"href":"https:\/\/www.strzelnica-magnum.pl\/en\/wp-json\/wp\/v2\/product"}],"about":[{"href":"https:\/\/www.strzelnica-magnum.pl\/en\/wp-json\/wp\/v2\/types\/product"}],"replies":[{"embeddable":true,"href":"https:\/\/www.strzelnica-magnum.pl\/en\/wp-json\/wp\/v2\/comments?post=3708"}],"wp:featuredmedia":[{"embeddable":true,"href":"https:\/\/www.strzelnica-magnum.pl\/en\/wp-json\/wp\/v2\/media\/3709"}],"wp:attachment":[{"href":"https:\/\/www.strzelnica-magnum.pl\/en\/wp-json\/wp\/v2\/media?parent=3708"}],"wp:term":[{"taxonomy":"product_cat","embeddable":true,"href":"https:\/\/www.strzelnica-magnum.pl\/en\/wp-json\/wp\/v2\/product_cat?post=3708"},{"taxonomy":"product_tag","embeddable":true,"href":"https:\/\/www.strzelnica-magnum.pl\/en\/wp-json\/wp\/v2\/product_tag?post=3708"}],"curies":[{"name":"wp","href":"https:\/\/api.w.org\/{rel}","templated":true}]}}