{"id":3696,"date":"2025-07-15T13:42:04","date_gmt":"2025-07-15T13:42:04","guid":{"rendered":"https:\/\/www.strzelnica-magnum.pl\/?post_type=product&#038;p=3696"},"modified":"2025-07-15T13:42:04","modified_gmt":"2025-07-15T13:42:04","slug":"glock-34-gen3","status":"publish","type":"product","link":"https:\/\/www.strzelnica-magnum.pl\/en\/uzbrojenie\/bron-krotka\/glock-34-gen3\/","title":{"rendered":"Glock 34 Gen3"},"content":{"rendered":"<p><strong>Glock 34 Gen3<\/strong> to pistolet zaprojektowany z my\u015bl\u0105 o maksymalnej precyzji i wydajno\u015bci w strzelectwie sportowym. Stanowi\u0105c rzadziej spotykan\u0105, ale wysoko cenion\u0105 wariacj\u0119, \u0142\u0105czy w sobie wyd\u0142u\u017con\u0105 luf\u0119 i lini\u0119 celowania z pot\u0119\u017cnym kalibrem .40 S&#038;W. To idealny wyb\u00f3r dla strzelc\u00f3w, kt\u00f3rzy potrzebuj\u0105 przewagi na zawodach, gdzie liczy si\u0119 ka\u017cdy u\u0142amek sekundy i ka\u017cdy punkt.<\/p>\n<p>Kluczowe cechy Glocka 24 Gen3 to:<br \/>\nWyd\u0142u\u017cona lufa i linia celowania: D\u0142u\u017csza lufa przek\u0142ada si\u0119 na zwi\u0119kszon\u0105 celno\u015b\u0107, co jest kluczowe w strzelectwie precyzyjnym. Wyd\u0142u\u017cona linia celowania u\u0142atwia szybsze i dok\u0142adniejsze namierzanie celu.<br \/>\nPot\u0119\u017cny Kaliber .40 S&#038;W: Pistolet wykorzystuje amunicj\u0119 .40 S&#038;W, kt\u00f3ra oferuje znaczn\u0105 si\u0142\u0119 obalaj\u0105c\u0105 i energi\u0119 kinetyczn\u0105, czyni\u0105c go skutecznym narz\u0119dziem w wielu zastosowaniach sportowych.<br \/>\nSprawdzona Niezawodno\u015b\u0107 Glocka: Jak ka\u017cdy Glock, model 24 Gen3 cechuje si\u0119 legendarn\u0105 niezawodno\u015bci\u0105 i prostot\u0105 konstrukcji, dzia\u0142aj\u0105c bez zarzutu nawet w intensywnych warunkach zawod\u00f3w.<br \/>\nErgonomiczny Chwyt: Profil r\u0119koje\u015bci Gen3 jest powszechnie uznawany za bardzo komfortowy i pewny, co pomaga w kontroli mocniejszego kalibru.<br \/>\nSystem Bezpiecznik\u00f3w Safe Action\u00ae: Trzy niezale\u017cne, automatyczne bezpieczniki gwarantuj\u0105 najwy\u017cszy poziom bezpiecze\u0144stwa, jednocze\u015bnie nie utrudniaj\u0105c szybkiego oddania strza\u0142u.<\/p>\n<p>Glock 24 Gen3 to doskona\u0142y wyb\u00f3r dla ka\u017cdego, kto szuka pistoletu o wysokiej wydajno\u015bci, stworzonego do rywalizacji sportowej, gdzie celno\u015b\u0107 i moc id\u0105 w parze.<\/p>\n<p><strong>Cena 3 528 z\u0142<\/strong><\/p>\n<p><em>Bro\u0144 palna, amunicja i istotne elementy broni nie s\u0105 sprzedawane on-line. Mo\u017cna je naby\u0107 osobi\u015bcie w naszym sklepie. Warunkiem nabycia broni jest przed\u0142o\u017cenie aktualnego za\u015bwiadczenia (promesy) uprawniaj\u0105cej do zakupu broni oraz dowodu osobistego. Niniejsz\u0105 ofert\u0119 zamieszczamy w celu pogl\u0105dowym. Przed zakupem broni prosimy o kontakt telefoniczny.<\/em><\/p>\n","protected":false},"excerpt":{"rendered":"<p>Glock 34 Gen3 to pistolet zaprojektowany z my\u015bl\u0105 o maksymalnej precyzji i wydajno\u015bci w strzelectwie sportowym. Stanowi\u0105c rzadziej spotykan\u0105, ale wysoko cenion\u0105 wariacj\u0119, \u0142\u0105czy w sobie<span class=\"excerpt-hellip\"> [\u2026]<\/span><\/p>\n","protected":false},"featured_media":3697,"comment_status":"closed","ping_status":"closed","template":"","meta":[],"product_cat":[42,47],"product_tag":[],"class_list":{"0":"post-3696","1":"product","2":"type-product","3":"status-publish","4":"has-post-thumbnail","6":"product_cat-bron-krotka","7":"product_cat-glock","9":"first","10":"instock","11":"shipping-taxable","12":"product-type-simple"},"_links":{"self":[{"href":"https:\/\/www.strzelnica-magnum.pl\/en\/wp-json\/wp\/v2\/product\/3696","targetHints":{"allow":["GET"]}}],"collection":[{"href":"https:\/\/www.strzelnica-magnum.pl\/en\/wp-json\/wp\/v2\/product"}],"about":[{"href":"https:\/\/www.strzelnica-magnum.pl\/en\/wp-json\/wp\/v2\/types\/product"}],"replies":[{"embeddable":true,"href":"https:\/\/www.strzelnica-magnum.pl\/en\/wp-json\/wp\/v2\/comments?post=3696"}],"wp:featuredmedia":[{"embeddable":true,"href":"https:\/\/www.strzelnica-magnum.pl\/en\/wp-json\/wp\/v2\/media\/3697"}],"wp:attachment":[{"href":"https:\/\/www.strzelnica-magnum.pl\/en\/wp-json\/wp\/v2\/media?parent=3696"}],"wp:term":[{"taxonomy":"product_cat","embeddable":true,"href":"https:\/\/www.strzelnica-magnum.pl\/en\/wp-json\/wp\/v2\/product_cat?post=3696"},{"taxonomy":"product_tag","embeddable":true,"href":"https:\/\/www.strzelnica-magnum.pl\/en\/wp-json\/wp\/v2\/product_tag?post=3696"}],"curies":[{"name":"wp","href":"https:\/\/api.w.org\/{rel}","templated":true}]}}