{"id":3690,"date":"2025-07-15T13:33:34","date_gmt":"2025-07-15T13:33:34","guid":{"rendered":"https:\/\/www.strzelnica-magnum.pl\/?post_type=product&#038;p=3690"},"modified":"2025-07-15T13:33:34","modified_gmt":"2025-07-15T13:33:34","slug":"glock-23-gen3","status":"publish","type":"product","link":"https:\/\/www.strzelnica-magnum.pl\/en\/uzbrojenie\/bron-krotka\/glock-23-gen3\/","title":{"rendered":"Glock 23 Gen3"},"content":{"rendered":"<p><strong>Glock 23 Gen3<\/strong> to niezawodny pistolet, kt\u00f3ry oferuje idealne po\u0142\u0105czenie kompaktowych rozmiar\u00f3w z pot\u0119\u017cn\u0105 si\u0142\u0105 obalaj\u0105c\u0105 kalibru .40 S&#038;W. Stanowi doskona\u0142y kompromis mi\u0119dzy \u0142atwo\u015bci\u0105 ukrytego noszenia a efektywno\u015bci\u0105 du\u017cej amunicji, co czyni go popularnym wyborem dla s\u0142u\u017cb mundurowych, do samoobrony oraz dla strzelc\u00f3w ceni\u0105cych sobie moc i kontrol\u0119.<\/p>\n<p>Kluczowe cechy Glocka 23 Gen3 to:<br \/>\nPot\u0119\u017cny Kaliber .40 S&#038;W: Amunicja .40 S&#038;W jest znana ze swojej du\u017cej energii kinetycznej i si\u0142y zatrzymania, co sprawia, \u017ce Glock 23 Gen3 jest niezwykle efektywnym narz\u0119dziem w sytuacjach wymagaj\u0105cych zdecydowanej si\u0142y ognia.<br \/>\nKompaktowe rozmiary: Optymalne wymiary sprawiaj\u0105, \u017ce Glock 23 Gen3 jest \u0142atwy do ukrytego noszenia, jednocze\u015bnie oferuj\u0105c pewny chwyt i komfort strzelania.<br \/>\nSprawdzona Niezawodno\u015b\u0107: Dzi\u0119ki minimalistycznej konstrukcji i wysokiej jako\u015bci materia\u0142om, Glock 23 Gen3 s\u0142ynie z bezawaryjnego dzia\u0142ania w ka\u017cdych warunkach.<br \/>\nErgonomiczny Chwyt: Profil r\u0119koje\u015bci Gen3 jest powszechnie uznawany za bardzo komfortowy i pewny, co pomaga w kontroli mocniejszego kalibru.<br \/>\nSystem Bezpiecznik\u00f3w Safe Action\u00ae: Trzy niezale\u017cne, automatyczne bezpieczniki gwarantuj\u0105 najwy\u017cszy poziom bezpiecze\u0144stwa, jednocze\u015bnie nie utrudniaj\u0105c szybkiego oddania strza\u0142u.<\/p>\n<p>Glock 23 Gen3 to klasyczny wyb\u00f3r dla ka\u017cdego, kto szuka niezawodnego i skutecznego pistoletu, kt\u00f3ry \u0142\u0105czy w sobie uniwersalno\u015b\u0107 z moc\u0105 kalibru .40 S&#038;W.<\/p>\n<p><strong>Cena 2 856 z\u0142<\/strong><\/p>\n<p><em>Bro\u0144 palna, amunicja i istotne elementy broni nie s\u0105 sprzedawane on-line. Mo\u017cna je naby\u0107 osobi\u015bcie w naszym sklepie. Warunkiem nabycia broni jest przed\u0142o\u017cenie aktualnego za\u015bwiadczenia (promesy) uprawniaj\u0105cej do zakupu broni oraz dowodu osobistego. Niniejsz\u0105 ofert\u0119 zamieszczamy w celu pogl\u0105dowym. Przed zakupem broni prosimy o kontakt telefoniczny.<\/em><\/p>\n","protected":false},"excerpt":{"rendered":"<p>Glock 23 Gen3 to niezawodny pistolet, kt\u00f3ry oferuje idealne po\u0142\u0105czenie kompaktowych rozmiar\u00f3w z pot\u0119\u017cn\u0105 si\u0142\u0105 obalaj\u0105c\u0105 kalibru .40 S&#038;W. Stanowi doskona\u0142y kompromis mi\u0119dzy \u0142atwo\u015bci\u0105 ukrytego noszenia<span class=\"excerpt-hellip\"> [\u2026]<\/span><\/p>\n","protected":false},"featured_media":3691,"comment_status":"closed","ping_status":"closed","template":"","meta":[],"product_cat":[42,47],"product_tag":[],"class_list":{"0":"post-3690","1":"product","2":"type-product","3":"status-publish","4":"has-post-thumbnail","6":"product_cat-bron-krotka","7":"product_cat-glock","9":"first","10":"instock","11":"shipping-taxable","12":"product-type-simple"},"_links":{"self":[{"href":"https:\/\/www.strzelnica-magnum.pl\/en\/wp-json\/wp\/v2\/product\/3690","targetHints":{"allow":["GET"]}}],"collection":[{"href":"https:\/\/www.strzelnica-magnum.pl\/en\/wp-json\/wp\/v2\/product"}],"about":[{"href":"https:\/\/www.strzelnica-magnum.pl\/en\/wp-json\/wp\/v2\/types\/product"}],"replies":[{"embeddable":true,"href":"https:\/\/www.strzelnica-magnum.pl\/en\/wp-json\/wp\/v2\/comments?post=3690"}],"wp:featuredmedia":[{"embeddable":true,"href":"https:\/\/www.strzelnica-magnum.pl\/en\/wp-json\/wp\/v2\/media\/3691"}],"wp:attachment":[{"href":"https:\/\/www.strzelnica-magnum.pl\/en\/wp-json\/wp\/v2\/media?parent=3690"}],"wp:term":[{"taxonomy":"product_cat","embeddable":true,"href":"https:\/\/www.strzelnica-magnum.pl\/en\/wp-json\/wp\/v2\/product_cat?post=3690"},{"taxonomy":"product_tag","embeddable":true,"href":"https:\/\/www.strzelnica-magnum.pl\/en\/wp-json\/wp\/v2\/product_tag?post=3690"}],"curies":[{"name":"wp","href":"https:\/\/api.w.org\/{rel}","templated":true}]}}