{"id":3687,"date":"2025-07-15T13:24:40","date_gmt":"2025-07-15T13:24:40","guid":{"rendered":"https:\/\/www.strzelnica-magnum.pl\/?post_type=product&#038;p=3687"},"modified":"2025-07-15T13:24:40","modified_gmt":"2025-07-15T13:24:40","slug":"glock-22-gen3","status":"publish","type":"product","link":"https:\/\/www.strzelnica-magnum.pl\/en\/uzbrojenie\/bron-krotka\/glock-22-gen3\/","title":{"rendered":"Glock 22 Gen3"},"content":{"rendered":"<p><strong>Glock 22 Gen3<\/strong> to niezawodny pistolet, kt\u00f3ry ugruntowa\u0142 pozycj\u0119 kalibru .40 S&#038;W jako standardu dla wielu s\u0142u\u017cb mundurowych na \u015bwiecie. \u0141\u0105czy w sobie sprawdzon\u0105 konstrukcj\u0119 i legendarn\u0105 niezawodno\u015b\u0107 Glocka z pot\u0119\u017cn\u0105 si\u0142\u0105 obalaj\u0105c\u0105 amunicji .40 S&#038;W. To doskona\u0142y wyb\u00f3r dla tych, kt\u00f3rzy ceni\u0105 sobie klasyczne rozwi\u0105zania i du\u017c\u0105 moc.<\/p>\n<p>Kluczowe cechy Glocka 22 Gen3 to:<br \/>\nPot\u0119\u017cny Kaliber .40 S&#038;W: Amunicja .40 S&#038;W oferuje znaczn\u0105 energi\u0119 kinetyczn\u0105 i si\u0142\u0119 obalaj\u0105c\u0105, co czyni Glocka 22 Gen3 skutecznym narz\u0119dziem do samoobrony i zastosowa\u0144 taktycznych.<br \/>\nSprawdzona Niezawodno\u015b\u0107: Dzi\u0119ki minimalistycznej konstrukcji i wysokiej jako\u015bci materia\u0142om, Glock 22 Gen3 s\u0142ynie z bezawaryjnego dzia\u0142ania w ka\u017cdych warunkach.<br \/>\nErgonomiczny Chwyt: Profil r\u0119koje\u015bci Gen3 jest powszechnie uznawany za bardzo komfortowy i pewny, co pomaga w kontroli mocniejszego kalibru.<br \/>\nSystem Bezpiecznik\u00f3w Safe Action\u00ae: Trzy niezale\u017cne, automatyczne bezpieczniki gwarantuj\u0105 najwy\u017cszy poziom bezpiecze\u0144stwa, jednocze\u015bnie nie utrudniaj\u0105c szybkiego oddania strza\u0142u.<br \/>\nWszechstronno\u015b\u0107: Glock 22 Gen3, dzi\u0119ki swoim pe\u0142nowymiarowym gabarytom i pojemnemu magazynkowi, doskonale sprawdzi si\u0119 w s\u0142u\u017cbie, na strzelnicy, jak i w zastosowaniach obronnych.<\/p>\n<p>Glock 22 Gen3 to klasyczny i sprawdzony wyb\u00f3r dla ka\u017cdego, kto szuka pistoletu o du\u017cej mocy, niezawodno\u015bci i prostocie obs\u0142ugi.<\/p>\n<p><strong>Cena 2 856 z\u0142<\/strong><\/p>\n<p><em>Bro\u0144 palna, amunicja i istotne elementy broni nie s\u0105 sprzedawane on-line. Mo\u017cna je naby\u0107 osobi\u015bcie w naszym sklepie. Warunkiem nabycia broni jest przed\u0142o\u017cenie aktualnego za\u015bwiadczenia (promesy) uprawniaj\u0105cej do zakupu broni oraz dowodu osobistego. Niniejsz\u0105 ofert\u0119 zamieszczamy w celu pogl\u0105dowym. Przed zakupem broni prosimy o kontakt telefoniczny.<\/em><\/p>\n","protected":false},"excerpt":{"rendered":"<p>Glock 22 Gen3 to niezawodny pistolet, kt\u00f3ry ugruntowa\u0142 pozycj\u0119 kalibru .40 S&#038;W jako standardu dla wielu s\u0142u\u017cb mundurowych na \u015bwiecie. \u0141\u0105czy w sobie sprawdzon\u0105 konstrukcj\u0119 i<span class=\"excerpt-hellip\"> [\u2026]<\/span><\/p>\n","protected":false},"featured_media":3688,"comment_status":"closed","ping_status":"closed","template":"","meta":[],"product_cat":[42,47],"product_tag":[],"class_list":{"0":"post-3687","1":"product","2":"type-product","3":"status-publish","4":"has-post-thumbnail","6":"product_cat-bron-krotka","7":"product_cat-glock","9":"first","10":"instock","11":"shipping-taxable","12":"product-type-simple"},"_links":{"self":[{"href":"https:\/\/www.strzelnica-magnum.pl\/en\/wp-json\/wp\/v2\/product\/3687","targetHints":{"allow":["GET"]}}],"collection":[{"href":"https:\/\/www.strzelnica-magnum.pl\/en\/wp-json\/wp\/v2\/product"}],"about":[{"href":"https:\/\/www.strzelnica-magnum.pl\/en\/wp-json\/wp\/v2\/types\/product"}],"replies":[{"embeddable":true,"href":"https:\/\/www.strzelnica-magnum.pl\/en\/wp-json\/wp\/v2\/comments?post=3687"}],"wp:featuredmedia":[{"embeddable":true,"href":"https:\/\/www.strzelnica-magnum.pl\/en\/wp-json\/wp\/v2\/media\/3688"}],"wp:attachment":[{"href":"https:\/\/www.strzelnica-magnum.pl\/en\/wp-json\/wp\/v2\/media?parent=3687"}],"wp:term":[{"taxonomy":"product_cat","embeddable":true,"href":"https:\/\/www.strzelnica-magnum.pl\/en\/wp-json\/wp\/v2\/product_cat?post=3687"},{"taxonomy":"product_tag","embeddable":true,"href":"https:\/\/www.strzelnica-magnum.pl\/en\/wp-json\/wp\/v2\/product_tag?post=3687"}],"curies":[{"name":"wp","href":"https:\/\/api.w.org\/{rel}","templated":true}]}}