{"id":3678,"date":"2025-07-15T13:13:33","date_gmt":"2025-07-15T13:13:33","guid":{"rendered":"https:\/\/www.strzelnica-magnum.pl\/?post_type=product&#038;p=3678"},"modified":"2025-07-15T13:13:33","modified_gmt":"2025-07-15T13:13:33","slug":"glock-19-gen3","status":"publish","type":"product","link":"https:\/\/www.strzelnica-magnum.pl\/en\/uzbrojenie\/bron-krotka\/glock-19-gen3\/","title":{"rendered":"Glock 19 Gen3"},"content":{"rendered":"<p><strong>Glock 19 Gen3<\/strong> to bez w\u0105tpienia jeden z najbardziej uniwersalnych i popularnych pistolet\u00f3w na \u015bwiecie. \u0141\u0105czy w sobie sprawdzon\u0105 niezawodno\u015b\u0107, kompaktowe rozmiary oraz prostot\u0119 obs\u0142ugi, co czyni go doskona\u0142ym wyborem zar\u00f3wno dla pocz\u0105tkuj\u0105cych strzelc\u00f3w, s\u0142u\u017cb mundurowych, jak i do codziennego noszenia.<\/p>\n<p>Kluczowe cechy Glocka 19 Gen3 to:<br \/>\nSprawdzona Niezawodno\u015b\u0107: Dzi\u0119ki minimalistycznej konstrukcji i wysokiej jako\u015bci materia\u0142om, Glock 19 Gen3 s\u0142ynie z bezawaryjnego dzia\u0142ania w ka\u017cdych warunkach, na kt\u00f3rej mo\u017cna polega\u0107.<br \/>\nIdealny Kompromis Rozmiaru: Kompaktowe wymiary zapewniaj\u0105 \u0142atwo\u015b\u0107 ukrytego noszenia, jednocze\u015bnie oferuj\u0105c pewny i komfortowy chwyt oraz wystarczaj\u0105co d\u0142ug\u0105 lini\u0119 celowania dla precyzyjnego strzelania.<br \/>\nSystem Bezpiecznik\u00f3w Safe Action\u00ae: Trzy niezale\u017cne, automatyczne bezpieczniki gwarantuj\u0105 najwy\u017cszy poziom bezpiecze\u0144stwa, jednocze\u015bnie nie utrudniaj\u0105c szybkiego oddania strza\u0142u.<br \/>\nIntuicyjna Obs\u0142uga: Prosta budowa i \u0142atwo\u015b\u0107 demonta\u017cu sprawiaj\u0105, \u017ce pistolet jest niezwykle przyjazny w obs\u0142udze i konserwacji.<br \/>\nWszechstronno\u015b\u0107: Glock 19 Gen3 doskonale sprawdza si\u0119 w wielu rolach \u2013 od treningu na strzelnicy, przez samoobron\u0119, a\u017c po s\u0142u\u017cb\u0119 w formacjach mundurowych.<\/p>\n<p>Glock 19 Gen3 to klasyczny wyb\u00f3r dla ka\u017cdego, kto szuka solidnego, niezawodnego i skutecznego pistoletu, kt\u00f3ry \u0142\u0105czy w sobie uniwersalno\u015b\u0107 z legendarn\u0105 jako\u015bci\u0105.<\/p>\n<p><strong>Cena 2 856 z\u0142<\/strong><\/p>\n<p><em>Bro\u0144 palna, amunicja i istotne elementy broni nie s\u0105 sprzedawane on-line. Mo\u017cna je naby\u0107 osobi\u015bcie w naszym sklepie. Warunkiem nabycia broni jest przed\u0142o\u017cenie aktualnego za\u015bwiadczenia (promesy) uprawniaj\u0105cej do zakupu broni oraz dowodu osobistego. Niniejsz\u0105 ofert\u0119 zamieszczamy w celu pogl\u0105dowym. Przed zakupem broni prosimy o kontakt telefoniczny.<\/em><\/p>\n","protected":false},"excerpt":{"rendered":"<p>Glock 19 Gen3 to bez w\u0105tpienia jeden z najbardziej uniwersalnych i popularnych pistolet\u00f3w na \u015bwiecie. \u0141\u0105czy w sobie sprawdzon\u0105 niezawodno\u015b\u0107, kompaktowe rozmiary oraz prostot\u0119 obs\u0142ugi, co<span class=\"excerpt-hellip\"> [\u2026]<\/span><\/p>\n","protected":false},"featured_media":3679,"comment_status":"closed","ping_status":"closed","template":"","meta":[],"product_cat":[42,47],"product_tag":[],"class_list":{"0":"post-3678","1":"product","2":"type-product","3":"status-publish","4":"has-post-thumbnail","6":"product_cat-bron-krotka","7":"product_cat-glock","9":"first","10":"instock","11":"shipping-taxable","12":"product-type-simple"},"_links":{"self":[{"href":"https:\/\/www.strzelnica-magnum.pl\/en\/wp-json\/wp\/v2\/product\/3678","targetHints":{"allow":["GET"]}}],"collection":[{"href":"https:\/\/www.strzelnica-magnum.pl\/en\/wp-json\/wp\/v2\/product"}],"about":[{"href":"https:\/\/www.strzelnica-magnum.pl\/en\/wp-json\/wp\/v2\/types\/product"}],"replies":[{"embeddable":true,"href":"https:\/\/www.strzelnica-magnum.pl\/en\/wp-json\/wp\/v2\/comments?post=3678"}],"wp:featuredmedia":[{"embeddable":true,"href":"https:\/\/www.strzelnica-magnum.pl\/en\/wp-json\/wp\/v2\/media\/3679"}],"wp:attachment":[{"href":"https:\/\/www.strzelnica-magnum.pl\/en\/wp-json\/wp\/v2\/media?parent=3678"}],"wp:term":[{"taxonomy":"product_cat","embeddable":true,"href":"https:\/\/www.strzelnica-magnum.pl\/en\/wp-json\/wp\/v2\/product_cat?post=3678"},{"taxonomy":"product_tag","embeddable":true,"href":"https:\/\/www.strzelnica-magnum.pl\/en\/wp-json\/wp\/v2\/product_tag?post=3678"}],"curies":[{"name":"wp","href":"https:\/\/api.w.org\/{rel}","templated":true}]}}