{"id":3646,"date":"2025-07-15T12:08:52","date_gmt":"2025-07-15T12:08:52","guid":{"rendered":"https:\/\/www.strzelnica-magnum.pl\/?post_type=product&#038;p=3646"},"modified":"2025-07-15T12:08:52","modified_gmt":"2025-07-15T12:08:52","slug":"glock-21-gen4","status":"publish","type":"product","link":"https:\/\/www.strzelnica-magnum.pl\/en\/uzbrojenie\/bron-krotka\/glock-21-gen4\/","title":{"rendered":"Glock 21 Gen4"},"content":{"rendered":"<p><strong>Glock 21 Gen4<\/strong> to pe\u0142nowymiarowy pistolet samopowtarzalny, zaprojektowany z my\u015bl\u0105 o u\u017cytkownikach ceni\u0105cych sobie pot\u0119\u017cn\u0105 si\u0142\u0119 obalaj\u0105c\u0105 legendarnego kalibru .45 ACP. Ten model \u0142\u0105czy w sobie sprawdzon\u0105 niezawodno\u015b\u0107 i prostot\u0119 konstrukcji Glocka z du\u017c\u0105 energi\u0105 kinetyczn\u0105 pocisku, co czyni go doskona\u0142ym wyborem zar\u00f3wno do samoobrony, jak i zastosowa\u0144 taktycznych.<\/p>\n<p>Kluczowe cechy Glocka 21 Gen4 to:<br \/>\nPot\u0119\u017cny Kaliber .45 ACP: Amunicja .45 ACP jest znana ze swojej skuteczno\u015bci i mocy zatrzymania, co sprawia, \u017ce Glock 21 Gen4 jest niezwykle efektywnym narz\u0119dziem w sytuacjach wymagaj\u0105cych decyduj\u0105cej si\u0142y ognia.<br \/>\nSprawdzona Niezawodno\u015b\u0107: Jak ka\u017cdy Glock, model 21 Gen4 cechuje si\u0119 legendarn\u0105 niezawodno\u015bci\u0105 i prostot\u0105 konstrukcji, dzia\u0142aj\u0105c bez zarzutu nawet w najtrudniejszych warunkach.<br \/>\nErgonomiczny Chwyt Gen4: Teksturowana r\u0119koje\u015b\u0107 w po\u0142\u0105czeniu z wymiennymi nak\u0142adkami pozwala na idealne dopasowanie do d\u0142oni strzelca, zapewniaj\u0105c pewny i komfortowy chwyt, co jest kluczowe przy kontroli mocnego kalibru.<br \/>\nSystem Bezpiecznik\u00f3w Safe Action\u00ae: Trzy niezale\u017cne, automatyczne bezpieczniki gwarantuj\u0105 najwy\u017cszy poziom bezpiecze\u0144stwa, jednocze\u015bnie nie utrudniaj\u0105c szybkiego oddania strza\u0142u.<br \/>\nPojemny Magazynek: Mimo pot\u0119\u017cnego kalibru, Glock 21 Gen4 oferuje standardowy magazynek o pojemno\u015bci 13 naboj\u00f3w, zapewniaj\u0105c odpowiedni\u0105 si\u0142\u0119 ognia.<\/p>\n<p>Glock 21 Gen4 to idealny wyb\u00f3r dla ka\u017cdego, kto szuka niezawodnego pistoletu o du\u017cej mocy, kt\u00f3ry sprosta najwy\u017cszym wymaganiom.<\/p>\n<p><strong>Cena 3 486 z\u0142<\/strong><\/p>\n<p><em>Bro\u0144 palna, amunicja i istotne elementy broni nie s\u0105 sprzedawane on-line. Mo\u017cna je naby\u0107 osobi\u015bcie w naszym sklepie. Warunkiem nabycia broni jest przed\u0142o\u017cenie aktualnego za\u015bwiadczenia (promesy) uprawniaj\u0105cej do zakupu broni oraz dowodu osobistego. Niniejsz\u0105 ofert\u0119 zamieszczamy w celu pogl\u0105dowym. Przed zakupem broni prosimy o kontakt telefoniczny.<\/em><\/p>\n","protected":false},"excerpt":{"rendered":"<p>Glock 21 Gen4 to pe\u0142nowymiarowy pistolet samopowtarzalny, zaprojektowany z my\u015bl\u0105 o u\u017cytkownikach ceni\u0105cych sobie pot\u0119\u017cn\u0105 si\u0142\u0119 obalaj\u0105c\u0105 legendarnego kalibru .45 ACP. Ten model \u0142\u0105czy w sobie<span class=\"excerpt-hellip\"> [\u2026]<\/span><\/p>\n","protected":false},"featured_media":3647,"comment_status":"closed","ping_status":"closed","template":"","meta":[],"product_cat":[42,47],"product_tag":[],"class_list":{"0":"post-3646","1":"product","2":"type-product","3":"status-publish","4":"has-post-thumbnail","6":"product_cat-bron-krotka","7":"product_cat-glock","9":"first","10":"instock","11":"shipping-taxable","12":"product-type-simple"},"_links":{"self":[{"href":"https:\/\/www.strzelnica-magnum.pl\/en\/wp-json\/wp\/v2\/product\/3646","targetHints":{"allow":["GET"]}}],"collection":[{"href":"https:\/\/www.strzelnica-magnum.pl\/en\/wp-json\/wp\/v2\/product"}],"about":[{"href":"https:\/\/www.strzelnica-magnum.pl\/en\/wp-json\/wp\/v2\/types\/product"}],"replies":[{"embeddable":true,"href":"https:\/\/www.strzelnica-magnum.pl\/en\/wp-json\/wp\/v2\/comments?post=3646"}],"wp:featuredmedia":[{"embeddable":true,"href":"https:\/\/www.strzelnica-magnum.pl\/en\/wp-json\/wp\/v2\/media\/3647"}],"wp:attachment":[{"href":"https:\/\/www.strzelnica-magnum.pl\/en\/wp-json\/wp\/v2\/media?parent=3646"}],"wp:term":[{"taxonomy":"product_cat","embeddable":true,"href":"https:\/\/www.strzelnica-magnum.pl\/en\/wp-json\/wp\/v2\/product_cat?post=3646"},{"taxonomy":"product_tag","embeddable":true,"href":"https:\/\/www.strzelnica-magnum.pl\/en\/wp-json\/wp\/v2\/product_tag?post=3646"}],"curies":[{"name":"wp","href":"https:\/\/api.w.org\/{rel}","templated":true}]}}