{"id":3631,"date":"2025-07-15T11:41:35","date_gmt":"2025-07-15T11:41:35","guid":{"rendered":"https:\/\/www.strzelnica-magnum.pl\/?post_type=product&#038;p=3631"},"modified":"2025-07-15T11:41:35","modified_gmt":"2025-07-15T11:41:35","slug":"glock-35-gen4","status":"publish","type":"product","link":"https:\/\/www.strzelnica-magnum.pl\/en\/uzbrojenie\/bron-krotka\/glock-35-gen4\/","title":{"rendered":"Glock 35 Gen4"},"content":{"rendered":"<p><strong>Glock 35 Gen4<\/strong> to pistolet sportowy i taktyczny, kt\u00f3ry \u0142\u0105czy w sobie wyd\u0142u\u017con\u0105 luf\u0119 i lini\u0119 celowania z moc\u0105 kalibru .40 S&#038;W. Stworzony z my\u015bl\u0105 o strzelcach wymagaj\u0105cych maksymalnej precyzji i si\u0142y obalaj\u0105cej, jest doskona\u0142ym wyborem do strzelectwa sportowego, zw\u0142aszcza w dynamicznych konkurencjach, oraz dla s\u0142u\u017cb mundurowych.<\/p>\n<p>Kluczowe cechy Glocka 35 Gen4 to:<br \/>\nWyd\u0142u\u017cona lufa i linia celowania: D\u0142u\u017csza lufa (5,31 cala) zapewnia zwi\u0119kszon\u0105 celno\u015b\u0107, co jest kluczowe w strzelectwie precyzyjnym. D\u0142u\u017csza linia celowania u\u0142atwia szybsze i dok\u0142adniejsze namierzanie celu.<br \/>\nMocny kaliber .40 S&#038;W: Pistolet wykorzystuje amunicj\u0119 .40 S&#038;W, kt\u00f3ra oferuje znaczn\u0105 si\u0142\u0119 obalaj\u0105c\u0105 i energi\u0119 kinetyczn\u0105, czyni\u0105c go skutecznym narz\u0119dziem w wielu zastosowaniach.<br \/>\nSprawdzona niezawodno\u015b\u0107 Glocka: Jak ka\u017cdy Glock, model 35 Gen4 cechuje si\u0119 legendarn\u0105 niezawodno\u015bci\u0105 i prostot\u0105 konstrukcji, dzia\u0142aj\u0105c bez zarzutu nawet w najtrudniejszych warunkach.<br \/>\nErgonomiczny chwyt Gen4: Teksturowana r\u0119koje\u015b\u0107 w po\u0142\u0105czeniu z wymiennymi nak\u0142adkami pozwala na idealne dopasowanie do d\u0142oni strzelca, zapewniaj\u0105c pewny i komfortowy chwyt, co jest istotne przy kontroli mocniejszego kalibru.<br \/>\nSystem bezpiecznik\u00f3w Safe Action\u00ae: Trzy niezale\u017cne, automatyczne bezpieczniki gwarantuj\u0105 najwy\u017cszy poziom bezpiecze\u0144stwa, jednocze\u015bnie nie utrudniaj\u0105c szybkiego oddania strza\u0142u.<\/p>\n<p>Glock 35 Gen4 to idealny wyb\u00f3r dla strzelc\u00f3w sportowych i profesjonalist\u00f3w, kt\u00f3rzy poszukuj\u0105 pistoletu oferuj\u0105cego po\u0142\u0105czenie wysokiej celno\u015bci, mocy i niezawodno\u015bci w sprawdzonym pakiecie Glocka.<\/p>\n<p><strong>Cena 3 738 z\u0142<\/strong><\/p>\n<p><em>Bro\u0144 palna, amunicja i istotne elementy broni nie s\u0105 sprzedawane on-line. Mo\u017cna je naby\u0107 osobi\u015bcie w naszym sklepie. Warunkiem nabycia broni jest przed\u0142o\u017cenie aktualnego za\u015bwiadczenia (promesy) uprawniaj\u0105cej do zakupu broni oraz dowodu osobistego. Niniejsz\u0105 ofert\u0119 zamieszczamy w celu pogl\u0105dowym. Przed zakupem broni prosimy o kontakt telefoniczny.<\/em><\/p>\n","protected":false},"excerpt":{"rendered":"<p>Glock 35 Gen4 to pistolet sportowy i taktyczny, kt\u00f3ry \u0142\u0105czy w sobie wyd\u0142u\u017con\u0105 luf\u0119 i lini\u0119 celowania z moc\u0105 kalibru .40 S&#038;W. Stworzony z my\u015bl\u0105 o<span class=\"excerpt-hellip\"> [\u2026]<\/span><\/p>\n","protected":false},"featured_media":3632,"comment_status":"closed","ping_status":"closed","template":"","meta":[],"product_cat":[42,47],"product_tag":[],"class_list":{"0":"post-3631","1":"product","2":"type-product","3":"status-publish","4":"has-post-thumbnail","6":"product_cat-bron-krotka","7":"product_cat-glock","9":"first","10":"instock","11":"shipping-taxable","12":"product-type-simple"},"_links":{"self":[{"href":"https:\/\/www.strzelnica-magnum.pl\/en\/wp-json\/wp\/v2\/product\/3631","targetHints":{"allow":["GET"]}}],"collection":[{"href":"https:\/\/www.strzelnica-magnum.pl\/en\/wp-json\/wp\/v2\/product"}],"about":[{"href":"https:\/\/www.strzelnica-magnum.pl\/en\/wp-json\/wp\/v2\/types\/product"}],"replies":[{"embeddable":true,"href":"https:\/\/www.strzelnica-magnum.pl\/en\/wp-json\/wp\/v2\/comments?post=3631"}],"wp:featuredmedia":[{"embeddable":true,"href":"https:\/\/www.strzelnica-magnum.pl\/en\/wp-json\/wp\/v2\/media\/3632"}],"wp:attachment":[{"href":"https:\/\/www.strzelnica-magnum.pl\/en\/wp-json\/wp\/v2\/media?parent=3631"}],"wp:term":[{"taxonomy":"product_cat","embeddable":true,"href":"https:\/\/www.strzelnica-magnum.pl\/en\/wp-json\/wp\/v2\/product_cat?post=3631"},{"taxonomy":"product_tag","embeddable":true,"href":"https:\/\/www.strzelnica-magnum.pl\/en\/wp-json\/wp\/v2\/product_tag?post=3631"}],"curies":[{"name":"wp","href":"https:\/\/api.w.org\/{rel}","templated":true}]}}