{"id":3619,"date":"2025-07-15T11:18:07","date_gmt":"2025-07-15T11:18:07","guid":{"rendered":"https:\/\/www.strzelnica-magnum.pl\/?post_type=product&#038;p=3619"},"modified":"2025-07-15T11:18:08","modified_gmt":"2025-07-15T11:18:08","slug":"glock-22-gen4","status":"publish","type":"product","link":"https:\/\/www.strzelnica-magnum.pl\/en\/uzbrojenie\/bron-krotka\/glock-22-gen4\/","title":{"rendered":"Glock 22 Gen4"},"content":{"rendered":"<p><strong>Glock 22 Gen4<\/strong> to sprawdzony pistolet samopowtarzalny, kt\u00f3ry \u0142\u0105czy legendarn\u0105 niezawodno\u015b\u0107 Glocka z moc\u0105 i energi\u0105 kinetyczn\u0105 amunicji kalibru .40 S&#038;W. Zaprojektowany z my\u015bl\u0105 o s\u0142u\u017cbach mundurowych i strzelcach ceni\u0105cych sobie si\u0142\u0119 obalaj\u0105c\u0105, stanowi doskona\u0142e narz\u0119dzie do zastosowa\u0144 taktycznych i samoobrony.<\/p>\n<p>Kluczowe cechy Glocka 22 Gen 4 to:<br \/>\nMocny Kaliber .40 S&#038;W: Amunicja .40 S&#038;W oferuje znaczn\u0105 si\u0142\u0119 obalaj\u0105c\u0105 i energi\u0119, co czyni Glocka 22 idealnym wyborem do zastosowa\u0144 wymagaj\u0105cych maksymalnej skuteczno\u015bci.<br \/>\nSprawdzona Niezawodno\u015b\u0107: Jak ka\u017cdy Glock, model 22 Gen 4 cechuje si\u0119 legendarn\u0105 niezawodno\u015bci\u0105 i prostot\u0105 konstrukcji, dzia\u0142aj\u0105c bez zarzutu nawet w najtrudniejszych warunkach.<br \/>\nErgonomiczny Chwyt Gen 4: Teksturowana r\u0119koje\u015b\u0107 w po\u0142\u0105czeniu z wymiennymi nak\u0142adkami pozwala na idealne dopasowanie do d\u0142oni strzelca, zapewniaj\u0105c pewny i komfortowy chwyt, niezb\u0119dny do kontroli mocnego kalibru.<br \/>\nSystem Bezpiecznik\u00f3w Safe Action\u00ae: Trzy niezale\u017cne, automatyczne bezpieczniki gwarantuj\u0105 najwy\u017cszy poziom bezpiecze\u0144stwa, jednocze\u015bnie nie utrudniaj\u0105c szybkiego oddania strza\u0142u.<br \/>\nWszechstronno\u015b\u0107: Mimo mocnego kalibru, pistolet zachowuje rozmiary zbli\u017cone do popularnego Glocka 17, co pozwala na wygodne noszenie i u\u017cytkowanie.<\/p>\n<p>Glock 22 Gen 4 to wyb\u00f3r dla tych, kt\u00f3rzy potrzebuj\u0105 maksymalnej si\u0142y ognia i niezawodno\u015bci w sprawdzonym pakiecie.<\/p>\n<p><strong>Cena 3 066 z\u0142<\/strong><\/p>\n<p><em>Bro\u0144 palna, amunicja i istotne elementy broni nie s\u0105 sprzedawane on-line. Mo\u017cna je naby\u0107 osobi\u015bcie w naszym sklepie. Warunkiem nabycia broni jest przed\u0142o\u017cenie aktualnego za\u015bwiadczenia (promesy) uprawniaj\u0105cej do zakupu broni oraz dowodu osobistego. Niniejsz\u0105 ofert\u0119 zamieszczamy w celu pogl\u0105dowym. Przed zakupem broni prosimy o kontakt telefoniczny.<\/em><\/p>\n","protected":false},"excerpt":{"rendered":"<p>Glock 22 Gen4 to sprawdzony pistolet samopowtarzalny, kt\u00f3ry \u0142\u0105czy legendarn\u0105 niezawodno\u015b\u0107 Glocka z moc\u0105 i energi\u0105 kinetyczn\u0105 amunicji kalibru .40 S&#038;W. Zaprojektowany z my\u015bl\u0105 o s\u0142u\u017cbach<span class=\"excerpt-hellip\"> [\u2026]<\/span><\/p>\n","protected":false},"featured_media":3622,"comment_status":"closed","ping_status":"closed","template":"","meta":[],"product_cat":[42,47],"product_tag":[],"class_list":{"0":"post-3619","1":"product","2":"type-product","3":"status-publish","4":"has-post-thumbnail","6":"product_cat-bron-krotka","7":"product_cat-glock","9":"first","10":"instock","11":"shipping-taxable","12":"product-type-simple"},"_links":{"self":[{"href":"https:\/\/www.strzelnica-magnum.pl\/en\/wp-json\/wp\/v2\/product\/3619","targetHints":{"allow":["GET"]}}],"collection":[{"href":"https:\/\/www.strzelnica-magnum.pl\/en\/wp-json\/wp\/v2\/product"}],"about":[{"href":"https:\/\/www.strzelnica-magnum.pl\/en\/wp-json\/wp\/v2\/types\/product"}],"replies":[{"embeddable":true,"href":"https:\/\/www.strzelnica-magnum.pl\/en\/wp-json\/wp\/v2\/comments?post=3619"}],"wp:featuredmedia":[{"embeddable":true,"href":"https:\/\/www.strzelnica-magnum.pl\/en\/wp-json\/wp\/v2\/media\/3622"}],"wp:attachment":[{"href":"https:\/\/www.strzelnica-magnum.pl\/en\/wp-json\/wp\/v2\/media?parent=3619"}],"wp:term":[{"taxonomy":"product_cat","embeddable":true,"href":"https:\/\/www.strzelnica-magnum.pl\/en\/wp-json\/wp\/v2\/product_cat?post=3619"},{"taxonomy":"product_tag","embeddable":true,"href":"https:\/\/www.strzelnica-magnum.pl\/en\/wp-json\/wp\/v2\/product_tag?post=3619"}],"curies":[{"name":"wp","href":"https:\/\/api.w.org\/{rel}","templated":true}]}}