{"id":3596,"date":"2025-07-11T17:10:59","date_gmt":"2025-07-11T17:10:59","guid":{"rendered":"https:\/\/www.strzelnica-magnum.pl\/?post_type=product&#038;p=3596"},"modified":"2025-07-23T16:41:06","modified_gmt":"2025-07-23T16:41:06","slug":"glock-19-gen4","status":"publish","type":"product","link":"https:\/\/www.strzelnica-magnum.pl\/en\/uzbrojenie\/bron-krotka\/glock\/glock-19-gen4\/","title":{"rendered":"Glock 19 Gen4"},"content":{"rendered":"<p><strong>Glock 19 Gen4<\/strong> to kompaktowy pistolet samopowtarzalny, kt\u00f3ry od lat cieszy si\u0119 nies\u0142abn\u0105c\u0105 popularno\u015bci\u0105 w\u015br\u00f3d strzelc\u00f3w na ca\u0142ym \u015bwiecie. Zaprojektowany z my\u015bl\u0105 o wszechstronno\u015bci, stanowi idealny wyb\u00f3r zar\u00f3wno do cel\u00f3w sportowych, rekreacyjnych, jak i samoobrony.<\/p>\n<p>Cechy charakterystyczne Glocka 19 Gen 4 to:<br \/>\nSprawdzona niezawodno\u015b\u0107: Dzi\u0119ki prostej konstrukcji i wysokiej jako\u015bci materia\u0142om, pistolet ten jest niezwykle odporny na awarie, dzia\u0142aj\u0105c bez zarzutu nawet w trudnych warunkach.<br \/>\nErgonomiczny chwyt: Teksturowana r\u0119koje\u015b\u0107 w po\u0142\u0105czeniu z wymiennymi nak\u0142adkami pozwala na idealne dopasowanie do d\u0142oni strzelca, zapewniaj\u0105c pewny i komfortowy chwyt.<br \/>\nSystem bezpiecznik\u00f3w Safe Action\u00ae: Trzy niezale\u017cne, automatyczne bezpieczniki gwarantuj\u0105 najwy\u017cszy poziom bezpiecze\u0144stwa, jednocze\u015bnie nie utrudniaj\u0105c szybkiego oddania strza\u0142u.<br \/>\n\u0141atwo\u015b\u0107 obs\u0142ugi: Intuicyjna obs\u0142uga i prosty demonta\u017c sprawiaj\u0105, \u017ce Glock 19 Gen 4 jest przyjazny dla u\u017cytkownika, zar\u00f3wno dla pocz\u0105tkuj\u0105cych, jak i do\u015bwiadczonych strzelc\u00f3w.<br \/>\nWszechstronno\u015b\u0107: Kompaktowe rozmiary po\u0142\u0105czone z pojemnym magazynkiem (standardowo 15 naboi) sprawiaj\u0105, \u017ce idealnie sprawdza si\u0119 zar\u00f3wno na strzelnicy, jak i do codziennego noszenia.<\/p>\n<p>Je\u015bli szukasz niezawodnego, precyzyjnego i \u0142atwego w obs\u0142udze pistoletu, Glock 19 Gen 4 jest doskona\u0142ym wyborem, kt\u00f3ry spe\u0142ni Twoje oczekiwania.<\/p>\n<p><strong>Cena 3 066 z\u0142<\/strong><\/p>\n<p><em>Bro\u0144 palna, amunicja i istotne elementy broni nie s\u0105 sprzedawane on-line. Mo\u017cna je naby\u0107 osobi\u015bcie w naszym sklepie. Warunkiem nabycia broni jest przed\u0142o\u017cenie aktualnego za\u015bwiadczenia (promesy) uprawniaj\u0105cej do zakupu broni oraz dowodu osobistego. Niniejsz\u0105 ofert\u0119 zamieszczamy w celu pogl\u0105dowym. Przed zakupem broni prosimy o kontakt telefoniczny.<\/em><\/p>\n","protected":false},"excerpt":{"rendered":"<p>Glock 19 Gen4 to kompaktowy pistolet samopowtarzalny, kt\u00f3ry od lat cieszy si\u0119 nies\u0142abn\u0105c\u0105 popularno\u015bci\u0105 w\u015br\u00f3d strzelc\u00f3w na ca\u0142ym \u015bwiecie. Zaprojektowany z my\u015bl\u0105 o wszechstronno\u015bci, stanowi idealny<span class=\"excerpt-hellip\"> [\u2026]<\/span><\/p>\n","protected":false},"featured_media":3597,"comment_status":"closed","ping_status":"closed","template":"","meta":[],"product_cat":[47,42],"product_tag":[],"class_list":{"0":"post-3596","1":"product","2":"type-product","3":"status-publish","4":"has-post-thumbnail","6":"product_cat-glock","7":"product_cat-bron-krotka","9":"first","10":"instock","11":"shipping-taxable","12":"product-type-simple"},"_links":{"self":[{"href":"https:\/\/www.strzelnica-magnum.pl\/en\/wp-json\/wp\/v2\/product\/3596","targetHints":{"allow":["GET"]}}],"collection":[{"href":"https:\/\/www.strzelnica-magnum.pl\/en\/wp-json\/wp\/v2\/product"}],"about":[{"href":"https:\/\/www.strzelnica-magnum.pl\/en\/wp-json\/wp\/v2\/types\/product"}],"replies":[{"embeddable":true,"href":"https:\/\/www.strzelnica-magnum.pl\/en\/wp-json\/wp\/v2\/comments?post=3596"}],"wp:featuredmedia":[{"embeddable":true,"href":"https:\/\/www.strzelnica-magnum.pl\/en\/wp-json\/wp\/v2\/media\/3597"}],"wp:attachment":[{"href":"https:\/\/www.strzelnica-magnum.pl\/en\/wp-json\/wp\/v2\/media?parent=3596"}],"wp:term":[{"taxonomy":"product_cat","embeddable":true,"href":"https:\/\/www.strzelnica-magnum.pl\/en\/wp-json\/wp\/v2\/product_cat?post=3596"},{"taxonomy":"product_tag","embeddable":true,"href":"https:\/\/www.strzelnica-magnum.pl\/en\/wp-json\/wp\/v2\/product_tag?post=3596"}],"curies":[{"name":"wp","href":"https:\/\/api.w.org\/{rel}","templated":true}]}}