{"id":3584,"date":"2025-07-11T14:39:25","date_gmt":"2025-07-11T14:39:25","guid":{"rendered":"https:\/\/www.strzelnica-magnum.pl\/?post_type=product&#038;p=3584"},"modified":"2025-07-11T14:39:25","modified_gmt":"2025-07-11T14:39:25","slug":"glock-45-fs-mos","status":"publish","type":"product","link":"https:\/\/www.strzelnica-magnum.pl\/en\/uzbrojenie\/bron-krotka\/glock-45-fs-mos\/","title":{"rendered":"Glock 45 FS MOS"},"content":{"rendered":"<p><strong>Glock 45 FS MOS<\/strong> to rozwini\u0119cie popularnej koncepcji &#8220;crossover&#8221;, kt\u00f3re \u0142\u0105czy szybko\u015b\u0107 i por\u0119czno\u015b\u0107 kompaktu z ergonomi\u0105 pe\u0142nowymiarowej broni s\u0142u\u017cbowej, dodaj\u0105c do tego kluczow\u0105 funkcjonalno\u015b\u0107 \u2013 gotowo\u015b\u0107 do monta\u017cu optyki. Model ten wykorzystuje kompaktowy zamek z modelu G19 na pe\u0142nowymiarowym szkielecie z G17, tworz\u0105c idealnie wywa\u017con\u0105 platform\u0119 dla najbardziej wymagaj\u0105cych strzelc\u00f3w.<\/p>\n<p>Kluczowe Cechy:<br \/>\nSystem MOS (Modular Optic System): Fabrycznie frezowany zamek z systemem wymiennych p\u0142ytek monta\u017cowych pozwala na b\u0142yskawiczny i solidny monta\u017c szerokiej gamy celownik\u00f3w kolimatorowych. To idealne rozwi\u0105zanie dla strzelc\u00f3w pragn\u0105cych zwi\u0119kszy\u0107 szybko\u015b\u0107 i precyzj\u0119 celowania.<br \/>\nKonfiguracja Crossover: Po\u0142\u0105czenie kompaktowego zamka (G19) z pe\u0142nowymiarowym chwytem (G17) zapewnia doskona\u0142y balans, szybkie wyj\u015bcie z kabury oraz pewny, wysoki chwyt, kt\u00f3ry u\u0142atwia kontrol\u0119 odrzutu.<br \/>\nPrzednie Naci\u0119cia (FS &#8211; Front Serrations): Dodatkowe \u017cebrowania w przedniej cz\u0119\u015bci zamka gwarantuj\u0105 pewny chwyt podczas prze\u0142adowania i kontroli broni w ka\u017cdych warunkach, tak\u017ce w r\u0119kawicach.<\/p>\n<p>Pe\u0142na Charakterystyka Generacji 5:<br \/>\nLufa Glock Marksman Barrel (GMB): Zapewnia najwy\u017csz\u0105 celno\u015b\u0107, charakterystyczn\u0105 dla sportowych pistolet\u00f3w.<br \/>\nObustronna d\u017awignia zrzutu zamka: Pe\u0142na swoboda obs\u0142ugi dla strzelc\u00f3w prawo- i lewor\u0119cznych.<br \/>\nWyko\u0144czenie nDLC: Niezwykle odporna na zarysowania i korozj\u0119 czarna pow\u0142oka chroni\u0105ca zamek i luf\u0119.<\/p>\n<p>Glock 45 FS MOS to bro\u0144 stworzona z my\u015bl\u0105 o maksymalnej wszechstronno\u015bci. Doskonale sprawdza si\u0119 w zastosowaniach s\u0142u\u017cbowych, sportach dynamicznych oraz jako niezawodna platforma do ochrony osobistej. To wyb\u00f3r dla tych, kt\u00f3rzy nie chc\u0105 i\u015b\u0107 na kompromis i oczekuj\u0105 od broni idealnego po\u0142\u0105czenia ergonomii, niezawodno\u015bci i nowoczesnych rozwi\u0105za\u0144 technologicznych.<\/p>\n<p><strong>Cena 3 885 z\u0142<\/strong><\/p>\n<p><em>Bro\u0144 palna, amunicja i istotne elementy broni nie s\u0105 sprzedawane on-line. Mo\u017cna je naby\u0107 osobi\u015bcie w naszym sklepie. Warunkiem nabycia broni jest przed\u0142o\u017cenie aktualnego za\u015bwiadczenia (promesy) uprawniaj\u0105cej do zakupu broni oraz dowodu osobistego. Niniejsz\u0105 ofert\u0119 zamieszczamy w celu pogl\u0105dowym. Przed zakupem broni prosimy o kontakt telefoniczny.<\/em><\/p>\n","protected":false},"excerpt":{"rendered":"<p>Glock 45 FS MOS to rozwini\u0119cie popularnej koncepcji &#8220;crossover&#8221;, kt\u00f3re \u0142\u0105czy szybko\u015b\u0107 i por\u0119czno\u015b\u0107 kompaktu z ergonomi\u0105 pe\u0142nowymiarowej broni s\u0142u\u017cbowej, dodaj\u0105c do tego kluczow\u0105 funkcjonalno\u015b\u0107 \u2013<span class=\"excerpt-hellip\"> [\u2026]<\/span><\/p>\n","protected":false},"featured_media":3585,"comment_status":"closed","ping_status":"closed","template":"","meta":[],"product_cat":[42,47],"product_tag":[],"class_list":{"0":"post-3584","1":"product","2":"type-product","3":"status-publish","4":"has-post-thumbnail","6":"product_cat-bron-krotka","7":"product_cat-glock","9":"first","10":"instock","11":"shipping-taxable","12":"product-type-simple"},"_links":{"self":[{"href":"https:\/\/www.strzelnica-magnum.pl\/en\/wp-json\/wp\/v2\/product\/3584","targetHints":{"allow":["GET"]}}],"collection":[{"href":"https:\/\/www.strzelnica-magnum.pl\/en\/wp-json\/wp\/v2\/product"}],"about":[{"href":"https:\/\/www.strzelnica-magnum.pl\/en\/wp-json\/wp\/v2\/types\/product"}],"replies":[{"embeddable":true,"href":"https:\/\/www.strzelnica-magnum.pl\/en\/wp-json\/wp\/v2\/comments?post=3584"}],"wp:featuredmedia":[{"embeddable":true,"href":"https:\/\/www.strzelnica-magnum.pl\/en\/wp-json\/wp\/v2\/media\/3585"}],"wp:attachment":[{"href":"https:\/\/www.strzelnica-magnum.pl\/en\/wp-json\/wp\/v2\/media?parent=3584"}],"wp:term":[{"taxonomy":"product_cat","embeddable":true,"href":"https:\/\/www.strzelnica-magnum.pl\/en\/wp-json\/wp\/v2\/product_cat?post=3584"},{"taxonomy":"product_tag","embeddable":true,"href":"https:\/\/www.strzelnica-magnum.pl\/en\/wp-json\/wp\/v2\/product_tag?post=3584"}],"curies":[{"name":"wp","href":"https:\/\/api.w.org\/{rel}","templated":true}]}}