{"id":3572,"date":"2025-07-11T13:04:20","date_gmt":"2025-07-11T13:04:20","guid":{"rendered":"https:\/\/www.strzelnica-magnum.pl\/?post_type=product&#038;p=3572"},"modified":"2025-07-11T13:04:20","modified_gmt":"2025-07-11T13:04:20","slug":"glock-19x-coyote","status":"publish","type":"product","link":"https:\/\/www.strzelnica-magnum.pl\/en\/uzbrojenie\/bron-krotka\/glock-19x-coyote\/","title":{"rendered":"Glock 19X Coyote"},"content":{"rendered":"<p><strong>Glock 19X Coyote<\/strong> to wyj\u0105tkowy pistolet typu &#8220;crossover&#8221;, kt\u00f3ry \u0142\u0105czy w sobie najlepsze cechy dw\u00f3ch najpopularniejszych modeli Glocka. Stworzony jako propozycja dla armii ameryka\u0144skiej, \u0142\u0105czy kompaktowy zamek z modelu Glock 19 z pe\u0142nowymiarowym chwytem z modelu Glock 17. Rezultatem jest bro\u0144 o doskona\u0142ym balansie, wyj\u0105tkowej ergonomii i du\u017cej pojemno\u015bci magazynka, idealna dla strzelc\u00f3w ceni\u0105cych pewny chwyt i kontrol\u0119.<\/p>\n<p>Kluczowe Cechy:<br \/>\nKonstrukcja Crossover: Kompaktowy zamek (G19) u\u0142atwia przenoszenie, a pe\u0142nowymiarowy chwyt (G17) gwarantuje doskona\u0142\u0105 kontrol\u0119, pewne trzymanie broni i du\u017c\u0105 pojemno\u015b\u0107 magazynka.<br \/>\nFabryczny Kolor Coyote: To pierwszy fabrycznie kolorowany pistolet w historii firmy Glock. Zar\u00f3wno zamek, pokryty odporn\u0105 pow\u0142ok\u0105 nPVD, jak i polimerowy szkielet wykonano w unikalnym, wojskowym kolorze &#8220;Coyote&#8221;.<br \/>\nUdoskonalenia Gen5: Pistolet bazuje na rozwi\u0105zaniach 5. generacji, w tym posiada now\u0105, celniejsz\u0105 luf\u0119 Glock Marksman Barrel (GMB) oraz pozbawiony jest profilowania na palce, co zapewnia uniwersalny i wygodny chwyt dla ka\u017cdego u\u017cytkownika.<br \/>\nGotowy do Dzia\u0142ania: W standardzie wyposa\u017cony jest w stalowe, trytowe przyrz\u0105dy celownicze, kt\u00f3re umo\u017cliwiaj\u0105 skuteczne celowanie w warunkach ograniczonego o\u015bwietlenia.<br \/>\nKompletny Zestaw: W zestawie z pistoletem znajduj\u0105 si\u0119 trzy magazynki (jeden standardowy 17 naboj\u00f3w i dwa przed\u0142u\u017cone na 19 naboj\u00f3w) oraz zintegrowany zaczep na smycz taktyczn\u0105.<\/p>\n<p>Glock 19X to niezawodny, precyzyjny i niezwykle wszechstronny pistolet. Jego wojskowy rodow\u00f3d i unikalna konfiguracja czyni\u0105 go doskona\u0142ym wyborem zar\u00f3wno dla strzelc\u00f3w sportowych i dynamicznych, jak i dla entuzjast\u00f3w broni palnej poszukuj\u0105cych sprawdzonego i nietuzinkowego pistoletu.<\/p>\n<p><strong>Cena 3 650 z\u0142<\/strong><\/p>\n<p><em>Bro\u0144 palna, amunicja i istotne elementy broni nie s\u0105 sprzedawane on-line. Mo\u017cna je naby\u0107 osobi\u015bcie w naszym sklepie. Warunkiem nabycia broni jest przed\u0142o\u017cenie aktualnego za\u015bwiadczenia (promesy) uprawniaj\u0105cej do zakupu broni oraz dowodu osobistego. Niniejsz\u0105 ofert\u0119 zamieszczamy w celu pogl\u0105dowym. Przed zakupem broni prosimy o kontakt telefoniczny.<\/em><\/p>\n","protected":false},"excerpt":{"rendered":"<p>Glock 19X Coyote to wyj\u0105tkowy pistolet typu &#8220;crossover&#8221;, kt\u00f3ry \u0142\u0105czy w sobie najlepsze cechy dw\u00f3ch najpopularniejszych modeli Glocka. Stworzony jako propozycja dla armii ameryka\u0144skiej, \u0142\u0105czy kompaktowy<span class=\"excerpt-hellip\"> [\u2026]<\/span><\/p>\n","protected":false},"featured_media":3573,"comment_status":"closed","ping_status":"closed","template":"","meta":[],"product_cat":[42,47],"product_tag":[],"class_list":{"0":"post-3572","1":"product","2":"type-product","3":"status-publish","4":"has-post-thumbnail","6":"product_cat-bron-krotka","7":"product_cat-glock","9":"first","10":"instock","11":"shipping-taxable","12":"product-type-simple"},"_links":{"self":[{"href":"https:\/\/www.strzelnica-magnum.pl\/en\/wp-json\/wp\/v2\/product\/3572","targetHints":{"allow":["GET"]}}],"collection":[{"href":"https:\/\/www.strzelnica-magnum.pl\/en\/wp-json\/wp\/v2\/product"}],"about":[{"href":"https:\/\/www.strzelnica-magnum.pl\/en\/wp-json\/wp\/v2\/types\/product"}],"replies":[{"embeddable":true,"href":"https:\/\/www.strzelnica-magnum.pl\/en\/wp-json\/wp\/v2\/comments?post=3572"}],"wp:featuredmedia":[{"embeddable":true,"href":"https:\/\/www.strzelnica-magnum.pl\/en\/wp-json\/wp\/v2\/media\/3573"}],"wp:attachment":[{"href":"https:\/\/www.strzelnica-magnum.pl\/en\/wp-json\/wp\/v2\/media?parent=3572"}],"wp:term":[{"taxonomy":"product_cat","embeddable":true,"href":"https:\/\/www.strzelnica-magnum.pl\/en\/wp-json\/wp\/v2\/product_cat?post=3572"},{"taxonomy":"product_tag","embeddable":true,"href":"https:\/\/www.strzelnica-magnum.pl\/en\/wp-json\/wp\/v2\/product_tag?post=3572"}],"curies":[{"name":"wp","href":"https:\/\/api.w.org\/{rel}","templated":true}]}}