{"id":3569,"date":"2025-07-11T13:00:08","date_gmt":"2025-07-11T13:00:08","guid":{"rendered":"https:\/\/www.strzelnica-magnum.pl\/?post_type=product&#038;p=3569"},"modified":"2025-07-11T13:00:08","modified_gmt":"2025-07-11T13:00:08","slug":"glock-30-gen5-fs","status":"publish","type":"product","link":"https:\/\/www.strzelnica-magnum.pl\/en\/uzbrojenie\/bron-krotka\/glock-30-gen5-fs\/","title":{"rendered":"Glock 30 Gen5 FS"},"content":{"rendered":"<p><strong>Glock 30 Gen5 FS<\/strong> <\/p>\n<p>DANE TECHNICZNE:<br \/>\nKaliber &#8211; .45 ACP\/AUTO<br \/>\nD\u0142ugo\u015b\u0107 &#8211; 185 mm<br \/>\nMasa w\u0142asna &#8211; 675 g, bro\u0144 roz\u0142adowana<br \/>\nD\u0142ugo\u015b\u0107 Lufy &#8211; 96 mm<br \/>\nSpos\u00f3b dzia\u0142ania &#8211; Zasada dzia\u0142ania oparta o kr\u00f3tki odrzut lufy \/ System Browning<br \/>\nTyp Broni &#8211; Pistolet samopowtarzalny<br \/>\nProducent i kategoria &#8211; Glock, Austria \/ B5<br \/>\nUkompletowanie &#8211; Pistolet, Walizka, Instrukcja, 2 magazynki 10 nabojowe Gen5 ( Pom. podajnik ), nak\u0142adki na r\u0119koje\u015b\u0107, szybko\u0142adowarka, wycior.<\/p>\n<p><strong>Cena 3 801 z\u0142<\/strong><\/p>\n<p><em>Bro\u0144 palna, amunicja i istotne elementy broni nie s\u0105 sprzedawane on-line. Mo\u017cna je naby\u0107 osobi\u015bcie w naszym sklepie. Warunkiem nabycia broni jest przed\u0142o\u017cenie aktualnego za\u015bwiadczenia (promesy) uprawniaj\u0105cej do zakupu broni oraz dowodu osobistego. Niniejsz\u0105 ofert\u0119 zamieszczamy w celu pogl\u0105dowym. Przed zakupem broni prosimy o kontakt telefoniczny.<\/em><\/p>\n","protected":false},"excerpt":{"rendered":"<p>Glock 30 Gen5 FS DANE TECHNICZNE: Kaliber &#8211; .45 ACP\/AUTO D\u0142ugo\u015b\u0107 &#8211; 185 mm Masa w\u0142asna &#8211; 675 g, bro\u0144 roz\u0142adowana D\u0142ugo\u015b\u0107 Lufy &#8211; 96 mm<span class=\"excerpt-hellip\"> [\u2026]<\/span><\/p>\n","protected":false},"featured_media":3570,"comment_status":"closed","ping_status":"closed","template":"","meta":[],"product_cat":[42,47],"product_tag":[],"class_list":{"0":"post-3569","1":"product","2":"type-product","3":"status-publish","4":"has-post-thumbnail","6":"product_cat-bron-krotka","7":"product_cat-glock","9":"first","10":"instock","11":"shipping-taxable","12":"product-type-simple"},"_links":{"self":[{"href":"https:\/\/www.strzelnica-magnum.pl\/en\/wp-json\/wp\/v2\/product\/3569","targetHints":{"allow":["GET"]}}],"collection":[{"href":"https:\/\/www.strzelnica-magnum.pl\/en\/wp-json\/wp\/v2\/product"}],"about":[{"href":"https:\/\/www.strzelnica-magnum.pl\/en\/wp-json\/wp\/v2\/types\/product"}],"replies":[{"embeddable":true,"href":"https:\/\/www.strzelnica-magnum.pl\/en\/wp-json\/wp\/v2\/comments?post=3569"}],"wp:featuredmedia":[{"embeddable":true,"href":"https:\/\/www.strzelnica-magnum.pl\/en\/wp-json\/wp\/v2\/media\/3570"}],"wp:attachment":[{"href":"https:\/\/www.strzelnica-magnum.pl\/en\/wp-json\/wp\/v2\/media?parent=3569"}],"wp:term":[{"taxonomy":"product_cat","embeddable":true,"href":"https:\/\/www.strzelnica-magnum.pl\/en\/wp-json\/wp\/v2\/product_cat?post=3569"},{"taxonomy":"product_tag","embeddable":true,"href":"https:\/\/www.strzelnica-magnum.pl\/en\/wp-json\/wp\/v2\/product_tag?post=3569"}],"curies":[{"name":"wp","href":"https:\/\/api.w.org\/{rel}","templated":true}]}}