{"id":3563,"date":"2025-07-11T12:21:04","date_gmt":"2025-07-11T12:21:04","guid":{"rendered":"https:\/\/www.strzelnica-magnum.pl\/?post_type=product&#038;p=3563"},"modified":"2025-07-11T12:21:04","modified_gmt":"2025-07-11T12:21:04","slug":"norinco-cq-a","status":"publish","type":"product","link":"https:\/\/www.strzelnica-magnum.pl\/en\/uzbrojenie\/bron-dluga\/norinco-cq-a\/","title":{"rendered":"Norinco CQ-A"},"content":{"rendered":"<p><strong>Norinco CQ-A<\/strong> o samopowtarzalny karabinek sportowy, stanowi\u0105cy wiern\u0105 i solidnie wykonan\u0105 kopi\u0119 ameryka\u0144skiej platformy AR-15. Jest to popularny wyb\u00f3r w\u015br\u00f3d strzelc\u00f3w sportowych i hobbyst\u00f3w, ceniony przede wszystkim za doskona\u0142y stosunek jako\u015bci do ceny.<\/p>\n<p>Kluczowe cechy:<br \/>\nKaliber: 5,56x45mm \/ .223 Remington, co zapewnia szerok\u0105 dost\u0119pno\u015b\u0107 i r\u00f3\u017cnorodno\u015b\u0107 amunicji.<br \/>\nSystem: Sprawdzony i niezawodny system gazowy DI (Direct Impingement), charakterystyczny dla karabink\u00f3w AR-15.<br \/>\nLufa: Dost\u0119pny w popularnych wariantach d\u0142ugo\u015bci, najcz\u0119\u015bciej 14,5 cala lub 18 cali, z chromowanym przewodem, co zwi\u0119ksza jej \u017cywotno\u015b\u0107 i u\u0142atwia czyszczenie.<br \/>\nWszechstronno\u015b\u0107: Wyposa\u017cony w grzbietow\u0105 szyn\u0119 monta\u017cow\u0105 Picatinny (MIL-STD-1913) na komorze zamkowej oraz cz\u0119sto w \u0142o\u017ce z systemem szyn, co umo\u017cliwia \u0142atwy monta\u017c dowolnych przyrz\u0105d\u00f3w celowniczych i akcesori\u00f3w taktycznych.<br \/>\nErgonomia: Posiada teleskopow\u0105, regulowan\u0105 kolb\u0119, pozwalaj\u0105c\u0105 na dostosowanie d\u0142ugo\u015bci broni do preferencji strzelca.<\/p>\n<p>Norinco CQ-A to doskona\u0142a propozycja dla os\u00f3b rozpoczynaj\u0105cych swoj\u0105 przygod\u0119 ze strzelectwem dynamicznym, a tak\u017ce dla do\u015bwiadczonych u\u017cytkownik\u00f3w poszukuj\u0105cych niezawodnej i \u0142atwej w modyfikacji bazy dla w\u0142asnego projektu. W zestawie z karabinkiem zazwyczaj znajduj\u0105 si\u0119 dwa magazynki oraz podstawowe akcesoria do czyszczenia.<\/p>\n<p><strong>Cena 4 500 z\u0142<\/strong><\/p>\n<p><em>Bro\u0144 palna, amunicja i istotne elementy broni nie s\u0105 sprzedawane on-line. Mo\u017cna je naby\u0107 osobi\u015bcie w naszym sklepie. Warunkiem nabycia broni jest przed\u0142o\u017cenie aktualnego za\u015bwiadczenia (promesy) uprawniaj\u0105cej do zakupu broni oraz dowodu osobistego. Niniejsz\u0105 ofert\u0119 zamieszczamy w celu pogl\u0105dowym. Przed zakupem broni prosimy o kontakt telefoniczny.<\/em><\/p>\n","protected":false},"excerpt":{"rendered":"<p>Norinco CQ-A o samopowtarzalny karabinek sportowy, stanowi\u0105cy wiern\u0105 i solidnie wykonan\u0105 kopi\u0119 ameryka\u0144skiej platformy AR-15. Jest to popularny wyb\u00f3r w\u015br\u00f3d strzelc\u00f3w sportowych i hobbyst\u00f3w, ceniony przede<span class=\"excerpt-hellip\"> [\u2026]<\/span><\/p>\n","protected":false},"featured_media":3564,"comment_status":"closed","ping_status":"closed","template":"","meta":[],"product_cat":[43,160],"product_tag":[],"class_list":{"0":"post-3563","1":"product","2":"type-product","3":"status-publish","4":"has-post-thumbnail","6":"product_cat-bron-dluga","7":"product_cat-norinco","9":"first","10":"instock","11":"shipping-taxable","12":"product-type-simple"},"_links":{"self":[{"href":"https:\/\/www.strzelnica-magnum.pl\/en\/wp-json\/wp\/v2\/product\/3563","targetHints":{"allow":["GET"]}}],"collection":[{"href":"https:\/\/www.strzelnica-magnum.pl\/en\/wp-json\/wp\/v2\/product"}],"about":[{"href":"https:\/\/www.strzelnica-magnum.pl\/en\/wp-json\/wp\/v2\/types\/product"}],"replies":[{"embeddable":true,"href":"https:\/\/www.strzelnica-magnum.pl\/en\/wp-json\/wp\/v2\/comments?post=3563"}],"wp:featuredmedia":[{"embeddable":true,"href":"https:\/\/www.strzelnica-magnum.pl\/en\/wp-json\/wp\/v2\/media\/3564"}],"wp:attachment":[{"href":"https:\/\/www.strzelnica-magnum.pl\/en\/wp-json\/wp\/v2\/media?parent=3563"}],"wp:term":[{"taxonomy":"product_cat","embeddable":true,"href":"https:\/\/www.strzelnica-magnum.pl\/en\/wp-json\/wp\/v2\/product_cat?post=3563"},{"taxonomy":"product_tag","embeddable":true,"href":"https:\/\/www.strzelnica-magnum.pl\/en\/wp-json\/wp\/v2\/product_tag?post=3563"}],"curies":[{"name":"wp","href":"https:\/\/api.w.org\/{rel}","templated":true}]}}