{"id":3531,"date":"2025-07-09T12:16:11","date_gmt":"2025-07-09T12:16:11","guid":{"rendered":"https:\/\/www.strzelnica-magnum.pl\/?post_type=product&#038;p=3531"},"modified":"2025-07-09T12:16:11","modified_gmt":"2025-07-09T12:16:11","slug":"glock-23-gen5","status":"publish","type":"product","link":"https:\/\/www.strzelnica-magnum.pl\/en\/uzbrojenie\/bron-krotka\/glock-23-gen5\/","title":{"rendered":"Glock 23 Gen5"},"content":{"rendered":"<p><strong>Glock 23 Gen5<\/strong> to idealne po\u0142\u0105czenie kompaktowych wymiar\u00f3w, u\u0142atwiaj\u0105cych codzienne noszenie, z pot\u0119\u017cn\u0105 si\u0142\u0105 ognia kalibru .40 S&#038;W. Ta najnowsza generacja wprowadza kluczowe ulepszenia, kt\u00f3re zwi\u0119kszaj\u0105 precyzj\u0119, komfort i niezawodno\u015b\u0107, czyni\u0105c G23 doskona\u0142ym wyborem do ochrony osobistej i dla funkcjonariuszy s\u0142u\u017cb mundurowych.<\/p>\n<p>Kluczowe cechy pistoletu Glock 23 Gen5:<br \/>\nKaliber .40 S&#038;W w kompaktowej formie: Du\u017ca moc w rozmiarze, kt\u00f3ry \u0142atwo ukry\u0107 i wygodnie nosi\u0107 przez ca\u0142y dzie\u0144.<br \/>\nPrecyzyjna lufa Glock Marksman Barrel (GMB): Nowa konstrukcja lufy zapewnia jeszcze lepsz\u0105 celno\u015b\u0107 strza\u0142\u00f3w.<br \/>\nWyko\u0144czenie nDLC: Niezwykle trwa\u0142a, czarna pow\u0142oka na zamku i lufie chroni bro\u0144 przed zarysowaniami i korozj\u0105.<br \/>\nNowoczesna ergonomia: Chwyt bez profilowania na palce pozwala na pewne i wygodne dopasowanie do ka\u017cdej d\u0142oni.<br \/>\nPe\u0142na obustronno\u015b\u0107: Obustronna d\u017awignia zrzutu zamka sprawia, \u017ce pistolet jest przyjazny dla strzelc\u00f3w prawo- i lewor\u0119cznych.<\/p>\n<p><strong>Cena 3 885 z\u0142<\/strong><\/p>\n<p><em>Bro\u0144 palna, amunicja i istotne elementy broni nie s\u0105 sprzedawane on-line. Mo\u017cna je naby\u0107 osobi\u015bcie w naszym sklepie. Warunkiem nabycia broni jest przed\u0142o\u017cenie aktualnego za\u015bwiadczenia (promesy) uprawniaj\u0105cej do zakupu broni oraz dowodu osobistego. Niniejsz\u0105 ofert\u0119 zamieszczamy w celu pogl\u0105dowym. Przed zakupem broni prosimy o kontakt telefoniczny.<\/em><\/p>\n","protected":false},"excerpt":{"rendered":"<p>Glock 23 Gen5 to idealne po\u0142\u0105czenie kompaktowych wymiar\u00f3w, u\u0142atwiaj\u0105cych codzienne noszenie, z pot\u0119\u017cn\u0105 si\u0142\u0105 ognia kalibru .40 S&#038;W. Ta najnowsza generacja wprowadza kluczowe ulepszenia, kt\u00f3re zwi\u0119kszaj\u0105<span class=\"excerpt-hellip\"> [\u2026]<\/span><\/p>\n","protected":false},"featured_media":3532,"comment_status":"closed","ping_status":"closed","template":"","meta":[],"product_cat":[42,47],"product_tag":[],"class_list":{"0":"post-3531","1":"product","2":"type-product","3":"status-publish","4":"has-post-thumbnail","6":"product_cat-bron-krotka","7":"product_cat-glock","9":"first","10":"instock","11":"shipping-taxable","12":"product-type-simple"},"_links":{"self":[{"href":"https:\/\/www.strzelnica-magnum.pl\/en\/wp-json\/wp\/v2\/product\/3531","targetHints":{"allow":["GET"]}}],"collection":[{"href":"https:\/\/www.strzelnica-magnum.pl\/en\/wp-json\/wp\/v2\/product"}],"about":[{"href":"https:\/\/www.strzelnica-magnum.pl\/en\/wp-json\/wp\/v2\/types\/product"}],"replies":[{"embeddable":true,"href":"https:\/\/www.strzelnica-magnum.pl\/en\/wp-json\/wp\/v2\/comments?post=3531"}],"wp:featuredmedia":[{"embeddable":true,"href":"https:\/\/www.strzelnica-magnum.pl\/en\/wp-json\/wp\/v2\/media\/3532"}],"wp:attachment":[{"href":"https:\/\/www.strzelnica-magnum.pl\/en\/wp-json\/wp\/v2\/media?parent=3531"}],"wp:term":[{"taxonomy":"product_cat","embeddable":true,"href":"https:\/\/www.strzelnica-magnum.pl\/en\/wp-json\/wp\/v2\/product_cat?post=3531"},{"taxonomy":"product_tag","embeddable":true,"href":"https:\/\/www.strzelnica-magnum.pl\/en\/wp-json\/wp\/v2\/product_tag?post=3531"}],"curies":[{"name":"wp","href":"https:\/\/api.w.org\/{rel}","templated":true}]}}