{"id":3520,"date":"2025-07-09T10:39:56","date_gmt":"2025-07-09T10:39:56","guid":{"rendered":"https:\/\/www.strzelnica-magnum.pl\/?post_type=product&#038;p=3520"},"modified":"2025-07-09T10:40:17","modified_gmt":"2025-07-09T10:40:17","slug":"glock-22-gen5","status":"publish","type":"product","link":"https:\/\/www.strzelnica-magnum.pl\/en\/uzbrojenie\/bron-krotka\/glock-22-gen5\/","title":{"rendered":"Glock 22 Gen5"},"content":{"rendered":"<p><strong>Glock 22 Gen5<\/strong> w pot\u0119\u017cnym kalibrze .40 S&#038;W to najnowsza ods\u0142ona legendarnego pistoletu s\u0142u\u017cbowego, unowocze\u015bniona pod k\u0105tem maksymalnej precyzji, ergonomii i niezawodno\u015bci. To doskona\u0142y wyb\u00f3r dla profesjonalist\u00f3w i wymagaj\u0105cych strzelc\u00f3w.<\/p>\n<p>Najwa\u017cniejsze cechy Gen5:<br \/>\nPrecyzyjna lufa Glock Marksman Barrel (GMB) i ultra-wytrzyma\u0142a pow\u0142oka nDLC chroni\u0105ca przed zarysowaniami i korozj\u0105.<br \/>\nUlepszony chwyt bez profilowania na palce z wymiennymi nak\u0142adkami dla idealnego dopasowania do d\u0142oni.<br \/>\nPe\u0142na obustronna obs\u0142uga (d\u017awignia zrzutu zamka) oraz poszerzone gniazdo magazynka u\u0142atwiaj\u0105ce szybk\u0105 wymian\u0119.<\/p>\n<p>Glock 22 Gen5 to sprawdzona niezawodno\u015b\u0107 w nowoczesnym, jeszcze bardziej skutecznym wydaniu.<\/p>\n<p><strong>Cena 3 360 z\u0142<\/strong><\/p>\n<p><em>Bro\u0144 palna, amunicja i istotne elementy broni nie s\u0105 sprzedawane on-line. Mo\u017cna je naby\u0107 osobi\u015bcie w naszym sklepie. Warunkiem nabycia broni jest przed\u0142o\u017cenie aktualnego za\u015bwiadczenia (promesy) uprawniaj\u0105cej do zakupu broni oraz dowodu osobistego. Niniejsz\u0105 ofert\u0119 zamieszczamy w celu pogl\u0105dowym. Przed zakupem broni prosimy o kontakt telefoniczny.<\/em><\/p>\n","protected":false},"excerpt":{"rendered":"<p>Glock 22 Gen5 w pot\u0119\u017cnym kalibrze .40 S&#038;W to najnowsza ods\u0142ona legendarnego pistoletu s\u0142u\u017cbowego, unowocze\u015bniona pod k\u0105tem maksymalnej precyzji, ergonomii i niezawodno\u015bci. To doskona\u0142y wyb\u00f3r dla<span class=\"excerpt-hellip\"> [\u2026]<\/span><\/p>\n","protected":false},"featured_media":3525,"comment_status":"closed","ping_status":"closed","template":"","meta":[],"product_cat":[42,47],"product_tag":[],"class_list":{"0":"post-3520","1":"product","2":"type-product","3":"status-publish","4":"has-post-thumbnail","6":"product_cat-bron-krotka","7":"product_cat-glock","9":"first","10":"instock","11":"shipping-taxable","12":"product-type-simple"},"_links":{"self":[{"href":"https:\/\/www.strzelnica-magnum.pl\/en\/wp-json\/wp\/v2\/product\/3520","targetHints":{"allow":["GET"]}}],"collection":[{"href":"https:\/\/www.strzelnica-magnum.pl\/en\/wp-json\/wp\/v2\/product"}],"about":[{"href":"https:\/\/www.strzelnica-magnum.pl\/en\/wp-json\/wp\/v2\/types\/product"}],"replies":[{"embeddable":true,"href":"https:\/\/www.strzelnica-magnum.pl\/en\/wp-json\/wp\/v2\/comments?post=3520"}],"wp:featuredmedia":[{"embeddable":true,"href":"https:\/\/www.strzelnica-magnum.pl\/en\/wp-json\/wp\/v2\/media\/3525"}],"wp:attachment":[{"href":"https:\/\/www.strzelnica-magnum.pl\/en\/wp-json\/wp\/v2\/media?parent=3520"}],"wp:term":[{"taxonomy":"product_cat","embeddable":true,"href":"https:\/\/www.strzelnica-magnum.pl\/en\/wp-json\/wp\/v2\/product_cat?post=3520"},{"taxonomy":"product_tag","embeddable":true,"href":"https:\/\/www.strzelnica-magnum.pl\/en\/wp-json\/wp\/v2\/product_tag?post=3520"}],"curies":[{"name":"wp","href":"https:\/\/api.w.org\/{rel}","templated":true}]}}