{"id":3515,"date":"2025-07-08T17:16:34","date_gmt":"2025-07-08T17:16:34","guid":{"rendered":"https:\/\/www.strzelnica-magnum.pl\/?post_type=product&#038;p=3515"},"modified":"2025-07-08T17:16:34","modified_gmt":"2025-07-08T17:16:34","slug":"glock-44-22lr-golden-line","status":"publish","type":"product","link":"https:\/\/www.strzelnica-magnum.pl\/en\/uzbrojenie\/bron-krotka\/glock-44-22lr-golden-line\/","title":{"rendered":"Glock 44 .22LR Golden Line"},"content":{"rendered":"<p><strong>Glock 44 .22LR Golden Line<\/strong> to wyj\u0105tkowa edycja popularnego pistoletu treningowego, \u0142\u0105cz\u0105ca ekonomiczny kaliber .22 LR z eleganckim, z\u0142otym zamkiem. Ten model oferuje niskie koszty strzelania i minimalny odrzut, przyci\u0105gaj\u0105c wzrok swoim stylowym wygl\u0105dem. To idealna opcja do nauki, rekreacji i efektywnego treningu.<\/p>\n<p>Kluczowe Cechy:<br \/>\nZ\u0142oty Zamek: Charakterystyczne srebrne wyko\u0144czenie zamka nadaje broni nowoczesny i wyr\u00f3\u017cniaj\u0105cy si\u0119 wygl\u0105d.<br \/>\nKaliber .22 LR: Bardzo niskie koszty amunicji i minimalny odrzut, co sprzyja d\u0142ugim sesjom treningowym i komfortowemu strzelaniu.<br \/>\nWymiary Glocka 19: Zachowuje ergonomi\u0119 i obs\u0142ug\u0119 identyczn\u0105 jak popularny Glock 19, u\u0142atwiaj\u0105c przej\u015bcie na bro\u0144 centralnego zap\u0142onu.<br \/>\nHybrydowy Zamek: Lekka konstrukcja z polimeru i stali zapewnia optymalne dzia\u0142anie z amunicj\u0105 .22 LR.<br \/>\nRegulowane Przyrz\u0105dy Celownicze: Mo\u017cliwo\u015b\u0107 dostosowania celowania do indywidualnych preferencji strzelca.<br \/>\nNiezawodno\u015b\u0107 Glocka: Sprawdzona konstrukcja gwarantuje trwa\u0142o\u015b\u0107 i bezawaryjno\u015b\u0107.<\/p>\n<p>Wybierz Glocka 44 .22 LR Golden Line, by cieszy\u0107 si\u0119 ekonomicznym i stylowym strzelaniem, idealnym do rozwoju umiej\u0119tno\u015bci i sp\u0119dzania czasu na strzelnicy.<\/p>\n<p><strong>Cena 2 977,80 z\u0142<\/strong><\/p>\n<p><em>Bro\u0144 palna, amunicja i istotne elementy broni nie s\u0105 sprzedawane on-line. Mo\u017cna je naby\u0107 osobi\u015bcie w naszym sklepie. Warunkiem nabycia broni jest przed\u0142o\u017cenie aktualnego za\u015bwiadczenia (promesy) uprawniaj\u0105cej do zakupu broni oraz dowodu osobistego. Niniejsz\u0105 ofert\u0119 zamieszczamy w celu pogl\u0105dowym. Przed zakupem broni prosimy o kontakt telefoniczny.<\/em><\/p>\n","protected":false},"excerpt":{"rendered":"<p>Glock 44 .22LR Golden Line to wyj\u0105tkowa edycja popularnego pistoletu treningowego, \u0142\u0105cz\u0105ca ekonomiczny kaliber .22 LR z eleganckim, z\u0142otym zamkiem. Ten model oferuje niskie koszty strzelania<span class=\"excerpt-hellip\"> [\u2026]<\/span><\/p>\n","protected":false},"featured_media":3516,"comment_status":"closed","ping_status":"closed","template":"","meta":[],"product_cat":[42,47],"product_tag":[],"class_list":{"0":"post-3515","1":"product","2":"type-product","3":"status-publish","4":"has-post-thumbnail","6":"product_cat-bron-krotka","7":"product_cat-glock","9":"first","10":"instock","11":"shipping-taxable","12":"product-type-simple"},"_links":{"self":[{"href":"https:\/\/www.strzelnica-magnum.pl\/en\/wp-json\/wp\/v2\/product\/3515","targetHints":{"allow":["GET"]}}],"collection":[{"href":"https:\/\/www.strzelnica-magnum.pl\/en\/wp-json\/wp\/v2\/product"}],"about":[{"href":"https:\/\/www.strzelnica-magnum.pl\/en\/wp-json\/wp\/v2\/types\/product"}],"replies":[{"embeddable":true,"href":"https:\/\/www.strzelnica-magnum.pl\/en\/wp-json\/wp\/v2\/comments?post=3515"}],"wp:featuredmedia":[{"embeddable":true,"href":"https:\/\/www.strzelnica-magnum.pl\/en\/wp-json\/wp\/v2\/media\/3516"}],"wp:attachment":[{"href":"https:\/\/www.strzelnica-magnum.pl\/en\/wp-json\/wp\/v2\/media?parent=3515"}],"wp:term":[{"taxonomy":"product_cat","embeddable":true,"href":"https:\/\/www.strzelnica-magnum.pl\/en\/wp-json\/wp\/v2\/product_cat?post=3515"},{"taxonomy":"product_tag","embeddable":true,"href":"https:\/\/www.strzelnica-magnum.pl\/en\/wp-json\/wp\/v2\/product_tag?post=3515"}],"curies":[{"name":"wp","href":"https:\/\/api.w.org\/{rel}","templated":true}]}}