{"id":3509,"date":"2025-07-08T17:08:27","date_gmt":"2025-07-08T17:08:27","guid":{"rendered":"https:\/\/www.strzelnica-magnum.pl\/?post_type=product&#038;p=3509"},"modified":"2025-07-08T17:08:27","modified_gmt":"2025-07-08T17:08:27","slug":"glock-44-22lr","status":"publish","type":"product","link":"https:\/\/www.strzelnica-magnum.pl\/en\/uzbrojenie\/bron-krotka\/glock-44-22lr\/","title":{"rendered":"Glock 44 .22LR"},"content":{"rendered":"<p><strong>Glock 44 .22LR<\/strong> to innowacyjny pistolet, kt\u00f3ry \u0142\u0105czy legendarn\u0105 konstrukcj\u0119 Glocka z ekonomicznym kalibrem .22 Long Rifle. Jest to idealna bro\u0144 do treningu, rekreacji i nauki strzelania, oferuj\u0105ca niskie koszty amunicji i minimalny odrzut, przy zachowaniu wymiar\u00f3w pe\u0142nowymiarowego pistoletu.<\/p>\n<p>Kluczowe Cechy:<br \/>\nKaliber .22 LR: Niskie koszty amunicji i bardzo ma\u0142y odrzut, idealny do d\u0142ugich sesji treningowych i nauki podstaw strzelectwa.<br \/>\nWymiary Glocka 19: Ergonomia i obs\u0142uga niemal identyczna jak w popularnym Glocku 19, co u\u0142atwia przej\u015bcie na bro\u0144 centralnego zap\u0142onu.<br \/>\nHybrydowy zamek: Lekki zamek z polimeru i stali zapewnia optymaln\u0105 prac\u0119 z amunicj\u0105 .22 LR.<br \/>\nRegulowane przyrz\u0105dy celownicze: Umo\u017cliwiaj\u0105 dostosowanie do preferencji strzelca i typu amunicji.<br \/>\nLegendarna niezawodno\u015b\u0107 Glocka: Sprawdzona konstrukcja gwarantuje wysok\u0105 trwa\u0142o\u015b\u0107 i bezawaryjno\u015b\u0107.<\/p>\n<p>Wybierz Glocka 44 .22 LR, aby \u0107wiczy\u0107 tanio i efektywnie, lub po prostu czerpa\u0107 rado\u015b\u0107 ze strzelania, korzystaj\u0105c z komfortu i niezawodno\u015bci prawdziwego Glocka.<\/p>\n<p><strong>Cena 2 730 z\u0142<\/strong><\/p>\n<p><em>Bro\u0144 palna, amunicja i istotne elementy broni nie s\u0105 sprzedawane on-line. Mo\u017cna je naby\u0107 osobi\u015bcie w naszym sklepie. Warunkiem nabycia broni jest przed\u0142o\u017cenie aktualnego za\u015bwiadczenia (promesy) uprawniaj\u0105cej do zakupu broni oraz dowodu osobistego. Niniejsz\u0105 ofert\u0119 zamieszczamy w celu pogl\u0105dowym. Przed zakupem broni prosimy o kontakt telefoniczny.<\/em><\/p>\n","protected":false},"excerpt":{"rendered":"<p>Glock 44 .22LR to innowacyjny pistolet, kt\u00f3ry \u0142\u0105czy legendarn\u0105 konstrukcj\u0119 Glocka z ekonomicznym kalibrem .22 Long Rifle. Jest to idealna bro\u0144 do treningu, rekreacji i nauki<span class=\"excerpt-hellip\"> [\u2026]<\/span><\/p>\n","protected":false},"featured_media":3510,"comment_status":"closed","ping_status":"closed","template":"","meta":[],"product_cat":[42,47],"product_tag":[],"class_list":{"0":"post-3509","1":"product","2":"type-product","3":"status-publish","4":"has-post-thumbnail","6":"product_cat-bron-krotka","7":"product_cat-glock","9":"first","10":"instock","11":"shipping-taxable","12":"product-type-simple"},"_links":{"self":[{"href":"https:\/\/www.strzelnica-magnum.pl\/en\/wp-json\/wp\/v2\/product\/3509","targetHints":{"allow":["GET"]}}],"collection":[{"href":"https:\/\/www.strzelnica-magnum.pl\/en\/wp-json\/wp\/v2\/product"}],"about":[{"href":"https:\/\/www.strzelnica-magnum.pl\/en\/wp-json\/wp\/v2\/types\/product"}],"replies":[{"embeddable":true,"href":"https:\/\/www.strzelnica-magnum.pl\/en\/wp-json\/wp\/v2\/comments?post=3509"}],"wp:featuredmedia":[{"embeddable":true,"href":"https:\/\/www.strzelnica-magnum.pl\/en\/wp-json\/wp\/v2\/media\/3510"}],"wp:attachment":[{"href":"https:\/\/www.strzelnica-magnum.pl\/en\/wp-json\/wp\/v2\/media?parent=3509"}],"wp:term":[{"taxonomy":"product_cat","embeddable":true,"href":"https:\/\/www.strzelnica-magnum.pl\/en\/wp-json\/wp\/v2\/product_cat?post=3509"},{"taxonomy":"product_tag","embeddable":true,"href":"https:\/\/www.strzelnica-magnum.pl\/en\/wp-json\/wp\/v2\/product_tag?post=3509"}],"curies":[{"name":"wp","href":"https:\/\/api.w.org\/{rel}","templated":true}]}}