{"id":3499,"date":"2025-07-08T16:46:11","date_gmt":"2025-07-08T16:46:11","guid":{"rendered":"https:\/\/www.strzelnica-magnum.pl\/?post_type=product&#038;p=3499"},"modified":"2025-07-08T16:46:11","modified_gmt":"2025-07-08T16:46:11","slug":"glock-26-gen5-fs","status":"publish","type":"product","link":"https:\/\/www.strzelnica-magnum.pl\/en\/uzbrojenie\/bron-krotka\/glock-26-gen5-fs\/","title":{"rendered":"Glock 26 Gen5 FS"},"content":{"rendered":"<p><strong>Glock 26 Gen5 FS<\/strong> to ultrakompaktowy pistolet 9&#215;19 mm, kt\u00f3ry oferuje legendarn\u0105 niezawodno\u015b\u0107 Glocka w dyskretnym i \u0142atwym do ukrycia formacie. Idealny do skrytego noszenia (CCW), a jednocze\u015bnie pe\u0142en udoskonale\u0144 5. generacji.<\/p>\n<p>Kluczowe Cechy:<br \/>\nUltrakompaktowy rozmiar: Niewielkie wymiary sprawiaj\u0105, \u017ce jest to doskona\u0142y wyb\u00f3r do codziennego, dyskretnego noszenia.<br \/>\nBezkompromisowa niezawodno\u015b\u0107: Mimo ma\u0142ych rozmiar\u00f3w, zachowuje legendarn\u0105 trwa\u0142o\u015b\u0107 i funkcjonalno\u015b\u0107 Glocka.<\/p>\n<p>Ulepszenia Generacji 5:<br \/>\nFront Serrations (FS): Naci\u0119cia na przodzie zamka u\u0142atwiaj\u0105ce manipulacj\u0119 i prze\u0142adowanie.<br \/>\nErgonomia: Chwyt bez rowk\u00f3w na palce, z ulepszon\u0105 tekstur\u0105 dla pewnego chwytu.<br \/>\nObustronna d\u017awignia zrzutu zamka: Wygodna obs\u0142uga dla strzelc\u00f3w prawo- i lewor\u0119cznych.<br \/>\nLufa GLOCK Marksman Barrel (GMB): Zwi\u0119kszona precyzja strza\u0142u.<br \/>\nPow\u0142oka nDLC: Wysoka odporno\u015b\u0107 na zu\u017cycie i korozj\u0119 na zamku i lufie.<br \/>\nRozszerzone gniazdo magazynka: U\u0142atwia szybk\u0105 wymian\u0119 magazynka.<\/p>\n<p>Wybierz Glocka 26 Gen5 FS dla maksymalnej dyskrecji i niezawodno\u015bci, bez kompromis\u00f3w w zakresie wydajno\u015bci i najnowszych udoskonale\u0144 technologicznych.<\/p>\n<p><strong>Cena 3 360 z\u0142<\/strong><\/p>\n<p><em>Bro\u0144 palna, amunicja i istotne elementy broni nie s\u0105 sprzedawane on-line. Mo\u017cna je naby\u0107 osobi\u015bcie w naszym sklepie. Warunkiem nabycia broni jest przed\u0142o\u017cenie aktualnego za\u015bwiadczenia (promesy) uprawniaj\u0105cej do zakupu broni oraz dowodu osobistego. Niniejsz\u0105 ofert\u0119 zamieszczamy w celu pogl\u0105dowym. Przed zakupem broni prosimy o kontakt telefoniczny.<\/em><\/p>\n","protected":false},"excerpt":{"rendered":"<p>Glock 26 Gen5 FS to ultrakompaktowy pistolet 9&#215;19 mm, kt\u00f3ry oferuje legendarn\u0105 niezawodno\u015b\u0107 Glocka w dyskretnym i \u0142atwym do ukrycia formacie. Idealny do skrytego noszenia (CCW),<span class=\"excerpt-hellip\"> [\u2026]<\/span><\/p>\n","protected":false},"featured_media":3500,"comment_status":"closed","ping_status":"closed","template":"","meta":[],"product_cat":[42,47],"product_tag":[],"class_list":{"0":"post-3499","1":"product","2":"type-product","3":"status-publish","4":"has-post-thumbnail","6":"product_cat-bron-krotka","7":"product_cat-glock","9":"first","10":"instock","11":"shipping-taxable","12":"product-type-simple"},"_links":{"self":[{"href":"https:\/\/www.strzelnica-magnum.pl\/en\/wp-json\/wp\/v2\/product\/3499","targetHints":{"allow":["GET"]}}],"collection":[{"href":"https:\/\/www.strzelnica-magnum.pl\/en\/wp-json\/wp\/v2\/product"}],"about":[{"href":"https:\/\/www.strzelnica-magnum.pl\/en\/wp-json\/wp\/v2\/types\/product"}],"replies":[{"embeddable":true,"href":"https:\/\/www.strzelnica-magnum.pl\/en\/wp-json\/wp\/v2\/comments?post=3499"}],"wp:featuredmedia":[{"embeddable":true,"href":"https:\/\/www.strzelnica-magnum.pl\/en\/wp-json\/wp\/v2\/media\/3500"}],"wp:attachment":[{"href":"https:\/\/www.strzelnica-magnum.pl\/en\/wp-json\/wp\/v2\/media?parent=3499"}],"wp:term":[{"taxonomy":"product_cat","embeddable":true,"href":"https:\/\/www.strzelnica-magnum.pl\/en\/wp-json\/wp\/v2\/product_cat?post=3499"},{"taxonomy":"product_tag","embeddable":true,"href":"https:\/\/www.strzelnica-magnum.pl\/en\/wp-json\/wp\/v2\/product_tag?post=3499"}],"curies":[{"name":"wp","href":"https:\/\/api.w.org\/{rel}","templated":true}]}}