{"id":3496,"date":"2025-07-08T16:40:07","date_gmt":"2025-07-08T16:40:07","guid":{"rendered":"https:\/\/www.strzelnica-magnum.pl\/?post_type=product&#038;p=3496"},"modified":"2025-07-08T16:53:53","modified_gmt":"2025-07-08T16:53:53","slug":"glock-19-gen5-fs-mos","status":"publish","type":"product","link":"https:\/\/www.strzelnica-magnum.pl\/en\/uzbrojenie\/bron-krotka\/glock-19-gen5-fs-mos\/","title":{"rendered":"Glock 19 Gen5 FS MOS"},"content":{"rendered":"<p><strong>Glock 19 Gen5 FS MOS<\/strong> to kompaktowy pistolet 9&#215;19 mm, kt\u00f3ry \u0142\u0105czy legendarne cechy Glocka z gotowo\u015bci\u0105 na monta\u017c optyki celowniczej. To idealny wyb\u00f3r dla tych, kt\u00f3rzy potrzebuj\u0105 wszechstronnej broni do skrytego noszenia, sportu i s\u0142u\u017cby.<\/p>\n<p>Kluczowe Cechy:<br \/>\nSystem MOS (Modular Optic System): Fabryczne przystosowanie do monta\u017cu kolimator\u00f3w i innych celownik\u00f3w optycznych, co zwi\u0119ksza szybko\u015b\u0107 i precyzj\u0119.<br \/>\nKompaktowe rozmiary: Optymalne po\u0142\u0105czenie por\u0119czno\u015bci Glocka 26 i celno\u015bci Glocka 17, idealne do noszenia i wszechstronnego zastosowania.<\/p>\n<p>Ulepszenia Generacji 5:<br \/>\nErgonomia: Chwyt bez rowk\u00f3w na palce, poprawiona tekstura dla lepszego chwytu.<br \/>\nObustronna d\u017awignia zrzutu zamka: Wygodna obs\u0142uga dla strzelc\u00f3w prawo- i lewor\u0119cznych.<br \/>\nLufa GLOCK Marksman Barrel (GMB): Zwi\u0119kszona celno\u015b\u0107 dzi\u0119ki nowemu gwintowaniu.<br \/>\nPow\u0142oka nDLC: Wysoka odporno\u015b\u0107 na zu\u017cycie i korozj\u0119 na zamku i lufie.<br \/>\nRozszerzone gniazdo magazynka: Szybsza i pewniejsza wymiana magazynka.<br \/>\nFront Serrations (FS): Naci\u0119cia na przodzie zamka u\u0142atwiaj\u0105ce manipulacj\u0119.<\/p>\n<p>Wybierz Glocka 19 Gen5 MOS i zyskaj wszechstronny, precyzyjny pistolet, kt\u00f3ry jest gotowy na ka\u017cd\u0105 sytuacj\u0119 i wszelkie nowoczesne akcesoria celownicze.<\/p>\n<p><strong>Cena 3 885 z\u0142<\/strong><\/p>\n<p><em>Bro\u0144 palna, amunicja i istotne elementy broni nie s\u0105 sprzedawane on-line. Mo\u017cna je naby\u0107 osobi\u015bcie w naszym sklepie. Warunkiem nabycia broni jest przed\u0142o\u017cenie aktualnego za\u015bwiadczenia (promesy) uprawniaj\u0105cej do zakupu broni oraz dowodu osobistego. Niniejsz\u0105 ofert\u0119 zamieszczamy w celu pogl\u0105dowym. Przed zakupem broni prosimy o kontakt telefoniczny.<\/em><\/p>\n","protected":false},"excerpt":{"rendered":"<p>Glock 19 Gen5 FS MOS to kompaktowy pistolet 9&#215;19 mm, kt\u00f3ry \u0142\u0105czy legendarne cechy Glocka z gotowo\u015bci\u0105 na monta\u017c optyki celowniczej. To idealny wyb\u00f3r dla tych,<span class=\"excerpt-hellip\"> [\u2026]<\/span><\/p>\n","protected":false},"featured_media":3497,"comment_status":"closed","ping_status":"closed","template":"","meta":[],"product_cat":[42,47],"product_tag":[],"class_list":{"0":"post-3496","1":"product","2":"type-product","3":"status-publish","4":"has-post-thumbnail","6":"product_cat-bron-krotka","7":"product_cat-glock","9":"first","10":"instock","11":"shipping-taxable","12":"product-type-simple"},"_links":{"self":[{"href":"https:\/\/www.strzelnica-magnum.pl\/en\/wp-json\/wp\/v2\/product\/3496","targetHints":{"allow":["GET"]}}],"collection":[{"href":"https:\/\/www.strzelnica-magnum.pl\/en\/wp-json\/wp\/v2\/product"}],"about":[{"href":"https:\/\/www.strzelnica-magnum.pl\/en\/wp-json\/wp\/v2\/types\/product"}],"replies":[{"embeddable":true,"href":"https:\/\/www.strzelnica-magnum.pl\/en\/wp-json\/wp\/v2\/comments?post=3496"}],"wp:featuredmedia":[{"embeddable":true,"href":"https:\/\/www.strzelnica-magnum.pl\/en\/wp-json\/wp\/v2\/media\/3497"}],"wp:attachment":[{"href":"https:\/\/www.strzelnica-magnum.pl\/en\/wp-json\/wp\/v2\/media?parent=3496"}],"wp:term":[{"taxonomy":"product_cat","embeddable":true,"href":"https:\/\/www.strzelnica-magnum.pl\/en\/wp-json\/wp\/v2\/product_cat?post=3496"},{"taxonomy":"product_tag","embeddable":true,"href":"https:\/\/www.strzelnica-magnum.pl\/en\/wp-json\/wp\/v2\/product_tag?post=3496"}],"curies":[{"name":"wp","href":"https:\/\/api.w.org\/{rel}","templated":true}]}}