{"id":3493,"date":"2025-07-08T16:29:38","date_gmt":"2025-07-08T16:29:38","guid":{"rendered":"https:\/\/www.strzelnica-magnum.pl\/?post_type=product&#038;p=3493"},"modified":"2025-07-08T16:29:38","modified_gmt":"2025-07-08T16:29:38","slug":"glock-17-gen5-fs-mos","status":"publish","type":"product","link":"https:\/\/www.strzelnica-magnum.pl\/en\/uzbrojenie\/bron-krotka\/glock-17-gen5-fs-mos\/","title":{"rendered":"Glock 17 Gen5 FS MOS"},"content":{"rendered":"<p><strong>Glock 17 Gen5 FS MOS<\/strong> to najnowszy pistolet 9&#215;19 mm, stworzony z my\u015bl\u0105 o wszechstronno\u015bci i adaptacji.<\/p>\n<p>Kluczowe cechy:<br \/>\nSystem MOS (Modular Optic System): Fabryczna mo\u017cliwo\u015b\u0107 monta\u017cu kolimator\u00f3w i optyki celowniczej.<\/p>\n<p>Ulepszenia Gen5:<br \/>\nErgonomia: Chwyt bez rowk\u00f3w, poprawiona tekstura dla pewnego uchwytu.<br \/>\nObustronna d\u017awignia zrzutu zamka: Wygoda dla prawo- i lewor\u0119cznych strzelc\u00f3w.<br \/>\nLufa GLOCK Marksman Barrel (GMB): Zwi\u0119kszona precyzja.<br \/>\nPow\u0142oka nDLC: Wy\u017csza trwa\u0142o\u015b\u0107 zamka i lufy.<br \/>\nRozszerzone gniazdo magazynka: Szybsza wymiana magazynka.<br \/>\nFront Serrations (FS): Naci\u0119cia na zamku u\u0142atwiaj\u0105ce manipulacj\u0119.<\/p>\n<p>Idealny dla strzelc\u00f3w szukaj\u0105cych niezawodno\u015bci, precyzji i \u0142atwej adaptacji do optyki celowniczej.<\/p>\n<p><strong>Cena 3 885 z\u0142<\/strong><\/p>\n<p><em>Bro\u0144 palna, amunicja i istotne elementy broni nie s\u0105 sprzedawane on-line. Mo\u017cna je naby\u0107 osobi\u015bcie w naszym sklepie. Warunkiem nabycia broni jest przed\u0142o\u017cenie aktualnego za\u015bwiadczenia (promesy) uprawniaj\u0105cej do zakupu broni oraz dowodu osobistego. Niniejsz\u0105 ofert\u0119 zamieszczamy w celu pogl\u0105dowym. Przed zakupem broni prosimy o kontakt telefoniczny.<\/em><\/p>\n","protected":false},"excerpt":{"rendered":"<p>Glock 17 Gen5 FS MOS to najnowszy pistolet 9&#215;19 mm, stworzony z my\u015bl\u0105 o wszechstronno\u015bci i adaptacji. Kluczowe cechy: System MOS (Modular Optic System): Fabryczna mo\u017cliwo\u015b\u0107<span class=\"excerpt-hellip\"> [\u2026]<\/span><\/p>\n","protected":false},"featured_media":3494,"comment_status":"closed","ping_status":"closed","template":"","meta":[],"product_cat":[42,47],"product_tag":[],"class_list":{"0":"post-3493","1":"product","2":"type-product","3":"status-publish","4":"has-post-thumbnail","6":"product_cat-bron-krotka","7":"product_cat-glock","9":"first","10":"instock","11":"shipping-taxable","12":"product-type-simple"},"_links":{"self":[{"href":"https:\/\/www.strzelnica-magnum.pl\/en\/wp-json\/wp\/v2\/product\/3493","targetHints":{"allow":["GET"]}}],"collection":[{"href":"https:\/\/www.strzelnica-magnum.pl\/en\/wp-json\/wp\/v2\/product"}],"about":[{"href":"https:\/\/www.strzelnica-magnum.pl\/en\/wp-json\/wp\/v2\/types\/product"}],"replies":[{"embeddable":true,"href":"https:\/\/www.strzelnica-magnum.pl\/en\/wp-json\/wp\/v2\/comments?post=3493"}],"wp:featuredmedia":[{"embeddable":true,"href":"https:\/\/www.strzelnica-magnum.pl\/en\/wp-json\/wp\/v2\/media\/3494"}],"wp:attachment":[{"href":"https:\/\/www.strzelnica-magnum.pl\/en\/wp-json\/wp\/v2\/media?parent=3493"}],"wp:term":[{"taxonomy":"product_cat","embeddable":true,"href":"https:\/\/www.strzelnica-magnum.pl\/en\/wp-json\/wp\/v2\/product_cat?post=3493"},{"taxonomy":"product_tag","embeddable":true,"href":"https:\/\/www.strzelnica-magnum.pl\/en\/wp-json\/wp\/v2\/product_tag?post=3493"}],"curies":[{"name":"wp","href":"https:\/\/api.w.org\/{rel}","templated":true}]}}