{"id":3490,"date":"2025-07-08T16:26:23","date_gmt":"2025-07-08T16:26:23","guid":{"rendered":"https:\/\/www.strzelnica-magnum.pl\/?post_type=product&#038;p=3490"},"modified":"2025-07-08T16:26:23","modified_gmt":"2025-07-08T16:26:23","slug":"glock-17-fr-gen5-fs-coyote","status":"publish","type":"product","link":"https:\/\/www.strzelnica-magnum.pl\/en\/uzbrojenie\/bron-krotka\/glock-17-fr-gen5-fs-coyote\/","title":{"rendered":"Glock 17 FR Gen5 FS Coyote"},"content":{"rendered":"<p><strong>Glock 17 FR Gen5 FS Coyote<\/strong> to niezawodny pistolet 9&#215;19 mm, \u0142\u0105cz\u0105cy innowacje 5. generacji z unikalnym designem.<\/p>\n<p>Kluczowe cechy:<br \/>\nKolor Coyote: Piaskowy szkielet dla taktycznego wygl\u0105du.<br \/>\nErgonomia: Chwyt bez rowk\u00f3w na palce, poprawiona tekstura (RTF) dla pewnego chwytu.<\/p>\n<p>Ulepszenia Gen5:<br \/>\nAmbidextrous Slide Stop Lever: Obustronna d\u017awignia zrzutu zamka.<br \/>\nGLOCK Marksman Barrel (GMB): Zwi\u0119kszona precyzja lufy.<br \/>\nFront Serrations (FS): Naci\u0119cia na przodzie zamka u\u0142atwiaj\u0105ce prze\u0142adowanie.<br \/>\nPow\u0142oka nDLC: Wyj\u0105tkowa trwa\u0142o\u015b\u0107 i odporno\u015b\u0107 na korozj\u0119.<br \/>\nFlared Mag-Well: Rozszerzone gniazdo magazynka dla szybszej wymiany.<\/p>\n<p>Idealny wyb\u00f3r dla wymagaj\u0105cych strzelc\u00f3w ceni\u0105cych niezawodno\u015b\u0107, precyzj\u0119 i nowoczesny design.<\/p>\n<p><strong>Cena 3 570 z\u0142<\/strong><\/p>\n<p><em>Bro\u0144 palna, amunicja i istotne elementy broni nie s\u0105 sprzedawane on-line. Mo\u017cna je naby\u0107 osobi\u015bcie w naszym sklepie. Warunkiem nabycia broni jest przed\u0142o\u017cenie aktualnego za\u015bwiadczenia (promesy) uprawniaj\u0105cej do zakupu broni oraz dowodu osobistego. Niniejsz\u0105 ofert\u0119 zamieszczamy w celu pogl\u0105dowym. Przed zakupem broni prosimy o kontakt telefoniczny.<\/em><\/p>\n","protected":false},"excerpt":{"rendered":"<p>Glock 17 FR Gen5 FS Coyote to niezawodny pistolet 9&#215;19 mm, \u0142\u0105cz\u0105cy innowacje 5. generacji z unikalnym designem. Kluczowe cechy: Kolor Coyote: Piaskowy szkielet dla taktycznego<span class=\"excerpt-hellip\"> [\u2026]<\/span><\/p>\n","protected":false},"featured_media":3491,"comment_status":"closed","ping_status":"closed","template":"","meta":[],"product_cat":[42,47],"product_tag":[],"class_list":{"0":"post-3490","1":"product","2":"type-product","3":"status-publish","4":"has-post-thumbnail","6":"product_cat-bron-krotka","7":"product_cat-glock","9":"first","10":"instock","11":"shipping-taxable","12":"product-type-simple"},"_links":{"self":[{"href":"https:\/\/www.strzelnica-magnum.pl\/en\/wp-json\/wp\/v2\/product\/3490","targetHints":{"allow":["GET"]}}],"collection":[{"href":"https:\/\/www.strzelnica-magnum.pl\/en\/wp-json\/wp\/v2\/product"}],"about":[{"href":"https:\/\/www.strzelnica-magnum.pl\/en\/wp-json\/wp\/v2\/types\/product"}],"replies":[{"embeddable":true,"href":"https:\/\/www.strzelnica-magnum.pl\/en\/wp-json\/wp\/v2\/comments?post=3490"}],"wp:featuredmedia":[{"embeddable":true,"href":"https:\/\/www.strzelnica-magnum.pl\/en\/wp-json\/wp\/v2\/media\/3491"}],"wp:attachment":[{"href":"https:\/\/www.strzelnica-magnum.pl\/en\/wp-json\/wp\/v2\/media?parent=3490"}],"wp:term":[{"taxonomy":"product_cat","embeddable":true,"href":"https:\/\/www.strzelnica-magnum.pl\/en\/wp-json\/wp\/v2\/product_cat?post=3490"},{"taxonomy":"product_tag","embeddable":true,"href":"https:\/\/www.strzelnica-magnum.pl\/en\/wp-json\/wp\/v2\/product_tag?post=3490"}],"curies":[{"name":"wp","href":"https:\/\/api.w.org\/{rel}","templated":true}]}}