{"id":3469,"date":"2025-07-05T13:55:08","date_gmt":"2025-07-05T13:55:08","guid":{"rendered":"https:\/\/www.strzelnica-magnum.pl\/?post_type=product&#038;p=3469"},"modified":"2025-07-05T13:55:40","modified_gmt":"2025-07-05T13:55:40","slug":"mini-jack-556x45mm-magpul","status":"publish","type":"product","link":"https:\/\/www.strzelnica-magnum.pl\/en\/uzbrojenie\/bron-dluga\/mini-jack-556x45mm-magpul\/","title":{"rendered":"Mini Jack 5,56x45mm Magpul"},"content":{"rendered":"<p><strong>Mini Jack 5,56x45mm Magpul<\/strong> <\/p>\n<p>Karabinek posiada:<\/p>\n<p>Polimerowa sk\u0142adana kolba Magpul MAG616 BLK<br \/>\n\u0141o\u017ce i nak\u0142adka rury gazowej Magpul MAG619 BLK<br \/>\nChwyt pistoletowy Magpul MAG683 BLK<br \/>\nPowi\u0119kszony prze\u0142\u0105cznik rodzaju ognia<br \/>\nPowi\u0119kszony zrzut magazynka<br \/>\nSzyn\u0119 pod boczny monta\u017c (jask\u00f3\u0142czy ogon)<br \/>\nKaliber: 5,56\u00d745 mm\/.223 Rem<br \/>\nD\u0142ugo\u015b\u0107:<br \/>\nMasa w\u0142asna:<br \/>\nD\u0142ugo\u015b\u0107 lufy: 259mm<br \/>\nSkok gwintu: 1:8<br \/>\nSkok gwintu urz\u0105dzenia wylotowego: 14\u00d71 lewy<br \/>\nSpos\u00f3b dzia\u0142ania: zamek ryglowany poprzez obr\u00f3t<br \/>\nTyp: samopowtarzalny (semi-auto) \u2013 dla podmiot\u00f3w posiadaj\u0105cych odpowiednie uprawienia \u2013 dost\u0119pny r\u00f3wnie\u017c w wersji full-auto.<\/p>\n<p>Karabinek jest wyposa\u017cony we frezowan\u0105 boczn\u0105 szyn\u0119 umo\u017cliwiaj\u0105c\u0105 monta\u017c optyki \u2013 szyna nitowana do komory zamkowej.<\/p>\n<p><strong>Cena 5 499 z\u0142<\/strong><\/p>\n<p><em>Bro\u0144 palna, amunicja i istotne elementy broni nie s\u0105 sprzedawane on-line. Mo\u017cna je naby\u0107 osobi\u015bcie w naszym sklepie. Warunkiem nabycia broni jest przed\u0142o\u017cenie aktualnego za\u015bwiadczenia (promesy) uprawniaj\u0105cej do zakupu broni oraz dowodu osobistego. Niniejsz\u0105 ofert\u0119 zamieszczamy w celu pogl\u0105dowym. Przed zakupem broni prosimy o kontakt telefoniczny.<\/em><\/p>\n","protected":false},"excerpt":{"rendered":"<p>Mini Jack 5,56x45mm Magpul Karabinek posiada: Polimerowa sk\u0142adana kolba Magpul MAG616 BLK \u0141o\u017ce i nak\u0142adka rury gazowej Magpul MAG619 BLK Chwyt pistoletowy Magpul MAG683 BLK Powi\u0119kszony<span class=\"excerpt-hellip\"> [\u2026]<\/span><\/p>\n","protected":false},"featured_media":3470,"comment_status":"closed","ping_status":"closed","template":"","meta":[],"product_cat":[43,158],"product_tag":[],"class_list":{"0":"post-3469","1":"product","2":"type-product","3":"status-publish","4":"has-post-thumbnail","6":"product_cat-bron-dluga","7":"product_cat-wbp-rogow","9":"first","10":"instock","11":"shipping-taxable","12":"product-type-simple"},"_links":{"self":[{"href":"https:\/\/www.strzelnica-magnum.pl\/en\/wp-json\/wp\/v2\/product\/3469","targetHints":{"allow":["GET"]}}],"collection":[{"href":"https:\/\/www.strzelnica-magnum.pl\/en\/wp-json\/wp\/v2\/product"}],"about":[{"href":"https:\/\/www.strzelnica-magnum.pl\/en\/wp-json\/wp\/v2\/types\/product"}],"replies":[{"embeddable":true,"href":"https:\/\/www.strzelnica-magnum.pl\/en\/wp-json\/wp\/v2\/comments?post=3469"}],"wp:featuredmedia":[{"embeddable":true,"href":"https:\/\/www.strzelnica-magnum.pl\/en\/wp-json\/wp\/v2\/media\/3470"}],"wp:attachment":[{"href":"https:\/\/www.strzelnica-magnum.pl\/en\/wp-json\/wp\/v2\/media?parent=3469"}],"wp:term":[{"taxonomy":"product_cat","embeddable":true,"href":"https:\/\/www.strzelnica-magnum.pl\/en\/wp-json\/wp\/v2\/product_cat?post=3469"},{"taxonomy":"product_tag","embeddable":true,"href":"https:\/\/www.strzelnica-magnum.pl\/en\/wp-json\/wp\/v2\/product_tag?post=3469"}],"curies":[{"name":"wp","href":"https:\/\/api.w.org\/{rel}","templated":true}]}}