{"id":3463,"date":"2025-07-05T13:49:22","date_gmt":"2025-07-05T13:49:22","guid":{"rendered":"https:\/\/www.strzelnica-magnum.pl\/?post_type=product&#038;p=3463"},"modified":"2025-07-05T13:49:22","modified_gmt":"2025-07-05T13:49:22","slug":"mini-jack-762x39mm-wbpxkruk","status":"publish","type":"product","link":"https:\/\/www.strzelnica-magnum.pl\/en\/uzbrojenie\/bron-dluga\/mini-jack-762x39mm-wbpxkruk\/","title":{"rendered":"Mini Jack 7,62x39mm WBPxKRUK"},"content":{"rendered":"<p><strong>Mini Jack 7,62x39mm WBPxKRUK<\/strong> <\/p>\n<p>Kaliber: 5,56\u00d745 mm\/.223 Rem<br \/>\nD\u0142ugo\u015b\u0107:<br \/>\nMasa w\u0142asna:<br \/>\nD\u0142ugo\u015b\u0107 lufy: 259mm<br \/>\nSkok gwintu: 1:8<br \/>\nSkok gwintu urz\u0105dzenia wylotowego: 14\u00d71 lewy<br \/>\nSpos\u00f3b dzia\u0142ania: zamek ryglowany poprzez obr\u00f3t<br \/>\nTyp: samopowtarzalny (semi-auto) \u2013 dla podmiot\u00f3w posiadaj\u0105cych odpowiednie uprawienia \u2013 dost\u0119pny r\u00f3wnie\u017c w wersji full-auto.<\/p>\n<p>Karabinek jest wyposa\u017cony we frezowan\u0105 boczn\u0105 szyn\u0119 umo\u017cliwiaj\u0105c\u0105 monta\u017c optyki \u2013 szyna nitowana do komory zamkowej.<\/p>\n<p><strong>Cena 5 650 z\u0142<\/strong><\/p>\n<p><em>Bro\u0144 palna, amunicja i istotne elementy broni nie s\u0105 sprzedawane on-line. Mo\u017cna je naby\u0107 osobi\u015bcie w naszym sklepie. Warunkiem nabycia broni jest przed\u0142o\u017cenie aktualnego za\u015bwiadczenia (promesy) uprawniaj\u0105cej do zakupu broni oraz dowodu osobistego. Niniejsz\u0105 ofert\u0119 zamieszczamy w celu pogl\u0105dowym. Przed zakupem broni prosimy o kontakt telefoniczny.<\/em><\/p>\n","protected":false},"excerpt":{"rendered":"<p>Mini Jack 7,62x39mm WBPxKRUK Kaliber: 5,56\u00d745 mm\/.223 Rem D\u0142ugo\u015b\u0107: Masa w\u0142asna: D\u0142ugo\u015b\u0107 lufy: 259mm Skok gwintu: 1:8 Skok gwintu urz\u0105dzenia wylotowego: 14\u00d71 lewy Spos\u00f3b dzia\u0142ania: zamek<span class=\"excerpt-hellip\"> [\u2026]<\/span><\/p>\n","protected":false},"featured_media":3464,"comment_status":"closed","ping_status":"closed","template":"","meta":[],"product_cat":[43,158],"product_tag":[],"class_list":{"0":"post-3463","1":"product","2":"type-product","3":"status-publish","4":"has-post-thumbnail","6":"product_cat-bron-dluga","7":"product_cat-wbp-rogow","9":"first","10":"instock","11":"shipping-taxable","12":"product-type-simple"},"_links":{"self":[{"href":"https:\/\/www.strzelnica-magnum.pl\/en\/wp-json\/wp\/v2\/product\/3463","targetHints":{"allow":["GET"]}}],"collection":[{"href":"https:\/\/www.strzelnica-magnum.pl\/en\/wp-json\/wp\/v2\/product"}],"about":[{"href":"https:\/\/www.strzelnica-magnum.pl\/en\/wp-json\/wp\/v2\/types\/product"}],"replies":[{"embeddable":true,"href":"https:\/\/www.strzelnica-magnum.pl\/en\/wp-json\/wp\/v2\/comments?post=3463"}],"wp:featuredmedia":[{"embeddable":true,"href":"https:\/\/www.strzelnica-magnum.pl\/en\/wp-json\/wp\/v2\/media\/3464"}],"wp:attachment":[{"href":"https:\/\/www.strzelnica-magnum.pl\/en\/wp-json\/wp\/v2\/media?parent=3463"}],"wp:term":[{"taxonomy":"product_cat","embeddable":true,"href":"https:\/\/www.strzelnica-magnum.pl\/en\/wp-json\/wp\/v2\/product_cat?post=3463"},{"taxonomy":"product_tag","embeddable":true,"href":"https:\/\/www.strzelnica-magnum.pl\/en\/wp-json\/wp\/v2\/product_tag?post=3463"}],"curies":[{"name":"wp","href":"https:\/\/api.w.org\/{rel}","templated":true}]}}