{"id":3448,"date":"2025-07-05T12:58:01","date_gmt":"2025-07-05T12:58:01","guid":{"rendered":"https:\/\/www.strzelnica-magnum.pl\/?post_type=product&#038;p=3448"},"modified":"2025-07-05T12:58:01","modified_gmt":"2025-07-05T12:58:01","slug":"jack-556x39mm-taktyczny","status":"publish","type":"product","link":"https:\/\/www.strzelnica-magnum.pl\/en\/uzbrojenie\/bron-dluga\/jack-556x39mm-taktyczny\/","title":{"rendered":"Jack 5,56x39mm taktyczny"},"content":{"rendered":"<p><strong>Jack 5,56x39mm taktyczny<\/strong> <\/p>\n<p>Karabinek posiada<\/p>\n<p>Polimerow\u0105 kolb\u0119<br \/>\n\u0141o\u017ce z szyn\u0105 Picatinny<br \/>\nRura gazowa z szyn\u0105 Picatinny<br \/>\nPowi\u0119kszony prze\u0142\u0105cznik rodzaju ognia<br \/>\nPowi\u0119kszony zrzut magazynka<br \/>\nSzyn\u0119 pod boczny monta\u017c (jask\u00f3\u0142czy ogon)<br \/>\nChwyt przedni<br \/>\nKaliber: 5,45\u00d739 mm<br \/>\nD\u0142ugo\u015b\u0107 lufy: 415mm<br \/>\nSkok gwintu urz\u0105dzenia wylotowego: 14\u00d71 lewy<br \/>\nMasa w\u0142asna: 3,1kg (bro\u0144 roz\u0142adowana)<br \/>\nPr\u0119dko\u015b\u0107 wylotowa pocisku: 920 m\/s<br \/>\nSpos\u00f3b dzia\u0142ania: zamek ryglowany poprzez obr\u00f3t<br \/>\nTyp: samopowtarzalny (semi-auto) \u2013 dla podmiot\u00f3w posiadaj\u0105cych odpowiednie uprawienia \u2013 dost\u0119pny r\u00f3wnie\u017c w wersji full-auto.<\/p>\n<p>Karabinek jest wyposa\u017cony we frezowan\u0105 boczn\u0105 szyn\u0119 umo\u017cliwiaj\u0105c\u0105 monta\u017c optyki \u2013 szyna nitowana do komory zamkowej.<\/p>\n<p><strong>Cena 5 200 z\u0142<\/strong><\/p>\n<p><em>Bro\u0144 palna, amunicja i istotne elementy broni nie s\u0105 sprzedawane on-line. Mo\u017cna je naby\u0107 osobi\u015bcie w naszym sklepie. Warunkiem nabycia broni jest przed\u0142o\u017cenie aktualnego za\u015bwiadczenia (promesy) uprawniaj\u0105cej do zakupu broni oraz dowodu osobistego. Niniejsz\u0105 ofert\u0119 zamieszczamy w celu pogl\u0105dowym. Przed zakupem broni prosimy o kontakt telefoniczny.<\/em><\/p>\n","protected":false},"excerpt":{"rendered":"<p>Jack 5,56x39mm taktyczny Karabinek posiada Polimerow\u0105 kolb\u0119 \u0141o\u017ce z szyn\u0105 Picatinny Rura gazowa z szyn\u0105 Picatinny Powi\u0119kszony prze\u0142\u0105cznik rodzaju ognia Powi\u0119kszony zrzut magazynka Szyn\u0119 pod boczny<span class=\"excerpt-hellip\"> [\u2026]<\/span><\/p>\n","protected":false},"featured_media":3449,"comment_status":"closed","ping_status":"closed","template":"","meta":[],"product_cat":[43,158],"product_tag":[],"class_list":{"0":"post-3448","1":"product","2":"type-product","3":"status-publish","4":"has-post-thumbnail","6":"product_cat-bron-dluga","7":"product_cat-wbp-rogow","9":"first","10":"instock","11":"shipping-taxable","12":"product-type-simple"},"_links":{"self":[{"href":"https:\/\/www.strzelnica-magnum.pl\/en\/wp-json\/wp\/v2\/product\/3448","targetHints":{"allow":["GET"]}}],"collection":[{"href":"https:\/\/www.strzelnica-magnum.pl\/en\/wp-json\/wp\/v2\/product"}],"about":[{"href":"https:\/\/www.strzelnica-magnum.pl\/en\/wp-json\/wp\/v2\/types\/product"}],"replies":[{"embeddable":true,"href":"https:\/\/www.strzelnica-magnum.pl\/en\/wp-json\/wp\/v2\/comments?post=3448"}],"wp:featuredmedia":[{"embeddable":true,"href":"https:\/\/www.strzelnica-magnum.pl\/en\/wp-json\/wp\/v2\/media\/3449"}],"wp:attachment":[{"href":"https:\/\/www.strzelnica-magnum.pl\/en\/wp-json\/wp\/v2\/media?parent=3448"}],"wp:term":[{"taxonomy":"product_cat","embeddable":true,"href":"https:\/\/www.strzelnica-magnum.pl\/en\/wp-json\/wp\/v2\/product_cat?post=3448"},{"taxonomy":"product_tag","embeddable":true,"href":"https:\/\/www.strzelnica-magnum.pl\/en\/wp-json\/wp\/v2\/product_tag?post=3448"}],"curies":[{"name":"wp","href":"https:\/\/api.w.org\/{rel}","templated":true}]}}