{"id":3397,"date":"2025-07-03T13:54:33","date_gmt":"2025-07-03T13:54:33","guid":{"rendered":"https:\/\/www.strzelnica-magnum.pl\/?post_type=product&#038;p=3397"},"modified":"2025-07-03T13:54:34","modified_gmt":"2025-07-03T13:54:34","slug":"mossberg-mvp-patrol","status":"publish","type":"product","link":"https:\/\/www.strzelnica-magnum.pl\/en\/uzbrojenie\/bron-dluga\/mossberg-mvp-patrol\/","title":{"rendered":"Mossberg MVP Patrol"},"content":{"rendered":"<p><strong>Mossberg MVP Patrol<\/strong> &#8211; kompaktowy karabin powtarzalny stworzony do dzia\u0142ania w ka\u017cdych warunkach. To definicja wszechstronnej broni u\u017cytkowej, kt\u00f3ra czerpie z idei karabinu typu &#8220;scout&#8221;: jest lekka, por\u0119czna, niezawodna i gotowa do pracy prosto z pude\u0142ka, z optyk\u0105 lub bez niej.<\/p>\n<p>MVP Patrol to idealny towarzysz dla my\u015bliwego, kt\u00f3ry ceni mobilno\u015b\u0107 w trudnym terenie, strzelca rekreacyjnego szukaj\u0105cego uniwersalnej platformy, a tak\u017ce dla ka\u017cdego, kto potrzebuje jednego, solidnego karabinu, na kt\u00f3rym mo\u017cna polega\u0107 w ka\u017cdej sytuacji.<\/p>\n<p>&#8211; <strong>Klasyczne Przyrz\u0105dy Mechaniczne:<\/strong> Wytrzyma\u0142e i niezawodne, sk\u0142adaj\u0105ce si\u0119 z regulowanej szczerbinki karabinowej oraz doskonale widocznej, \u015bwiat\u0142owodowej muszki. To gwarancja celno\u015bci nawet wtedy, gdy zawiedzie elektronika lub pogoda.<br \/>\n&#8211; <strong>Szyna Picatinny:<\/strong> Fabrycznie zamontowana na komorze zamkowej szyna pozwala na szybki i stabilny monta\u017c dowolnej optyki \u2013 od lunety o zmiennym powi\u0119kszeniu, przez kolimator, a\u017c po celownik termowizyjny.<br \/>\n<strong>Cena 3 890 z\u0142<\/strong><\/p>\n<p><em>Bro\u0144 palna, amunicja i istotne elementy broni nie s\u0105 sprzedawane on-line. Mo\u017cna je naby\u0107 osobi\u015bcie w naszym sklepie. Warunkiem nabycia broni jest przed\u0142o\u017cenie aktualnego za\u015bwiadczenia (promesy) uprawniaj\u0105cej do zakupu broni oraz dowodu osobistego. Niniejsz\u0105 ofert\u0119 zamieszczamy w celu pogl\u0105dowym. Przed zakupem broni prosimy o kontakt telefoniczny.<\/em><\/p>\n","protected":false},"excerpt":{"rendered":"<p>Mossberg MVP Patrol &#8211; kompaktowy karabin powtarzalny stworzony do dzia\u0142ania w ka\u017cdych warunkach. To definicja wszechstronnej broni u\u017cytkowej, kt\u00f3ra czerpie z idei karabinu typu &#8220;scout&#8221;: jest<span class=\"excerpt-hellip\"> [\u2026]<\/span><\/p>\n","protected":false},"featured_media":3398,"comment_status":"closed","ping_status":"closed","template":"","meta":[],"product_cat":[43,157],"product_tag":[],"class_list":{"0":"post-3397","1":"product","2":"type-product","3":"status-publish","4":"has-post-thumbnail","6":"product_cat-bron-dluga","7":"product_cat-mossberg","9":"first","10":"instock","11":"shipping-taxable","12":"product-type-simple"},"_links":{"self":[{"href":"https:\/\/www.strzelnica-magnum.pl\/en\/wp-json\/wp\/v2\/product\/3397","targetHints":{"allow":["GET"]}}],"collection":[{"href":"https:\/\/www.strzelnica-magnum.pl\/en\/wp-json\/wp\/v2\/product"}],"about":[{"href":"https:\/\/www.strzelnica-magnum.pl\/en\/wp-json\/wp\/v2\/types\/product"}],"replies":[{"embeddable":true,"href":"https:\/\/www.strzelnica-magnum.pl\/en\/wp-json\/wp\/v2\/comments?post=3397"}],"wp:featuredmedia":[{"embeddable":true,"href":"https:\/\/www.strzelnica-magnum.pl\/en\/wp-json\/wp\/v2\/media\/3398"}],"wp:attachment":[{"href":"https:\/\/www.strzelnica-magnum.pl\/en\/wp-json\/wp\/v2\/media?parent=3397"}],"wp:term":[{"taxonomy":"product_cat","embeddable":true,"href":"https:\/\/www.strzelnica-magnum.pl\/en\/wp-json\/wp\/v2\/product_cat?post=3397"},{"taxonomy":"product_tag","embeddable":true,"href":"https:\/\/www.strzelnica-magnum.pl\/en\/wp-json\/wp\/v2\/product_tag?post=3397"}],"curies":[{"name":"wp","href":"https:\/\/api.w.org\/{rel}","templated":true}]}}