{"id":3394,"date":"2025-07-03T13:49:03","date_gmt":"2025-07-03T13:49:03","guid":{"rendered":"https:\/\/www.strzelnica-magnum.pl\/?post_type=product&#038;p=3394"},"modified":"2025-07-03T13:49:04","modified_gmt":"2025-07-03T13:49:04","slug":"mossberg-mvp-light-chassis","status":"publish","type":"product","link":"https:\/\/www.strzelnica-magnum.pl\/en\/uzbrojenie\/bron-dluga\/mossberg-mvp-light-chassis\/","title":{"rendered":"Mossberg MVP Light Chassis"},"content":{"rendered":"<p><strong>Mossberg MVP Light Chassis<\/strong> &#8211; karabin, kt\u00f3ry redefiniuje poj\u0119cie broni precyzyjnej. To platforma stworzona dla strzelc\u00f3w, kt\u00f3rzy nie akceptuj\u0105 kompromis\u00f3w i oczekuj\u0105 pe\u0142nej kontroli nad konfiguracj\u0105 swojego sprz\u0119tu. \u0141\u0105cz\u0105c legendarn\u0105 celno\u015b\u0107 i unikalny system zasilania MVP z zaletami nowoczesnego, aluminiowego chassis, ten karabin jest gotowy na najbardziej wymagaj\u0105ce zadania sportowe i taktyczne.<\/p>\n<p>MVP Light Chassis to odpowied\u017a na potrzeby strzelectwa precyzyjnego nowej generacji, w tym dynamicznie rozwijaj\u0105cych si\u0119 konkurencji w stylu PRS (Precision Rifle Series).<\/p>\n<p>&#8211; <strong>Lekkie, Aluminiowe Chassis:<\/strong> Zapewnia sztywno\u015b\u0107, stabilno\u015b\u0107 i pe\u0142n\u0105 modu\u0142owo\u015b\u0107.<br \/>\n&#8211; <strong>Kompatybilno\u015b\u0107 z Magazynkami AR:<\/strong> Opatentowany zamek MVP pozwala na u\u017cywanie niedrogich i \u0142atwo dost\u0119pnych magazynk\u00f3w standardu AR-10\/SR25 (dla kalibr\u00f3w .308, 6.5CM).<br \/>\n&#8211; <strong>Pe\u0142na Modu\u0142owo\u015b\u0107 AR-15:<\/strong> Mo\u017cliwo\u015b\u0107 monta\u017cu dowolnej kolby i chwytu pistoletowego standardu AR-15.<br \/>\n&#8211; <strong>Regulowany Spust LBA\u2122:<\/strong> \u015awiatowej klasy, regulowany mechanizm spustowy dla maksymalnej precyzji.<br \/>\n&#8211; <strong>Precyzyjna, \u017b\u0142obiona Lufa:<\/strong> Swobodnie p\u0142ywaj\u0105ca lufa z gwintem na ko\u0144cu, gotowa do monta\u017cu urz\u0105dze\u0144 wylotowych.<br \/>\n&#8211; <strong>Fabryczna Szyna Picatinny:<\/strong> Umo\u017cliwia pewny i stabilny monta\u017c ci\u0119\u017ckiej optyki dalekodystansowej.<\/p>\n<p><strong>Cena 4 900 z\u0142<\/strong><\/p>\n<p><em>Bro\u0144 palna, amunicja i istotne elementy broni nie s\u0105 sprzedawane on-line. Mo\u017cna je naby\u0107 osobi\u015bcie w naszym sklepie. Warunkiem nabycia broni jest przed\u0142o\u017cenie aktualnego za\u015bwiadczenia (promesy) uprawniaj\u0105cej do zakupu broni oraz dowodu osobistego. Niniejsz\u0105 ofert\u0119 zamieszczamy w celu pogl\u0105dowym. Przed zakupem broni prosimy o kontakt telefoniczny.<\/em><\/p>\n","protected":false},"excerpt":{"rendered":"<p>Mossberg MVP Light Chassis &#8211; karabin, kt\u00f3ry redefiniuje poj\u0119cie broni precyzyjnej. To platforma stworzona dla strzelc\u00f3w, kt\u00f3rzy nie akceptuj\u0105 kompromis\u00f3w i oczekuj\u0105 pe\u0142nej kontroli nad konfiguracj\u0105<span class=\"excerpt-hellip\"> [\u2026]<\/span><\/p>\n","protected":false},"featured_media":3395,"comment_status":"closed","ping_status":"closed","template":"","meta":[],"product_cat":[43,157],"product_tag":[],"class_list":{"0":"post-3394","1":"product","2":"type-product","3":"status-publish","4":"has-post-thumbnail","6":"product_cat-bron-dluga","7":"product_cat-mossberg","9":"first","10":"instock","11":"shipping-taxable","12":"product-type-simple"},"_links":{"self":[{"href":"https:\/\/www.strzelnica-magnum.pl\/en\/wp-json\/wp\/v2\/product\/3394","targetHints":{"allow":["GET"]}}],"collection":[{"href":"https:\/\/www.strzelnica-magnum.pl\/en\/wp-json\/wp\/v2\/product"}],"about":[{"href":"https:\/\/www.strzelnica-magnum.pl\/en\/wp-json\/wp\/v2\/types\/product"}],"replies":[{"embeddable":true,"href":"https:\/\/www.strzelnica-magnum.pl\/en\/wp-json\/wp\/v2\/comments?post=3394"}],"wp:featuredmedia":[{"embeddable":true,"href":"https:\/\/www.strzelnica-magnum.pl\/en\/wp-json\/wp\/v2\/media\/3395"}],"wp:attachment":[{"href":"https:\/\/www.strzelnica-magnum.pl\/en\/wp-json\/wp\/v2\/media?parent=3394"}],"wp:term":[{"taxonomy":"product_cat","embeddable":true,"href":"https:\/\/www.strzelnica-magnum.pl\/en\/wp-json\/wp\/v2\/product_cat?post=3394"},{"taxonomy":"product_tag","embeddable":true,"href":"https:\/\/www.strzelnica-magnum.pl\/en\/wp-json\/wp\/v2\/product_tag?post=3394"}],"curies":[{"name":"wp","href":"https:\/\/api.w.org\/{rel}","templated":true}]}}