{"id":3391,"date":"2025-07-03T13:44:11","date_gmt":"2025-07-03T13:44:11","guid":{"rendered":"https:\/\/www.strzelnica-magnum.pl\/?post_type=product&#038;p=3391"},"modified":"2025-07-03T13:44:11","modified_gmt":"2025-07-03T13:44:11","slug":"mossberg-mvp-lr","status":"publish","type":"product","link":"https:\/\/www.strzelnica-magnum.pl\/en\/uzbrojenie\/bron-dluga\/mossberg-mvp-lr\/","title":{"rendered":"Mossberg MVP LR"},"content":{"rendered":"<p><strong>Mossberg MVP LR<\/strong> to karabin zaprojektowany od podstaw, by dostarcza\u0107 powtarzalne i ciasne grupy na dalekich dystansach, oferuj\u0105c jednocze\u015bnie unikalne i niezwykle praktyczne rozwi\u0105zanie w kwestii zasilania.<\/p>\n<p>To idealny wyb\u00f3r dla strzelc\u00f3w d\u0142ugodystansowych, my\u015bliwych specjalizuj\u0105cych si\u0119 w polowaniach z zasiadki oraz wszystkich entuzjast\u00f3w broni, kt\u00f3rzy ceni\u0105 sobie inteligentne, ekonomiczne i skuteczne rozwi\u0105zania.<br \/>\n&#8211; <strong>Regulowany Spust LBA\u2122:<\/strong> Opatentowany mechanizm spustowy Lightning Bolt Action\u2122 jest w pe\u0142ni regulowany przez u\u017cytkownika (od 3 do 7 funt\u00f3w). Charakteryzuje si\u0119 p\u0142ynn\u0105 prac\u0105 i wyra\u017anym, czystym prze\u0142amaniem, co jest kluczowe dla oddania precyzyjnego strza\u0142u.<br \/>\n&#8211; <strong>Ci\u0119\u017cka, \u017b\u0142obiona Lufa:<\/strong> Lufa o \u015brednim, ci\u0119\u017ckim profilu jest \u017c\u0142obiona, co redukuje jej mas\u0119 i zwi\u0119ksza sztywno\u015b\u0107. Jej d\u0142ugo\u015b\u0107 (20 lub 22 cale) oraz fabryczny gwint na ko\u0144cu pozwalaj\u0105 na monta\u017c urz\u0105dze\u0144 wylotowych i zapewniaj\u0105 doskona\u0142e parametry balistyczne.<br \/>\n&#8211; <strong>Specjalistyczna Osada &#8220;Long Range&#8221;:<\/strong> Stabilna, drewniana osada typu &#8220;bench rest&#8221; posiada regulowan\u0105 bak\u0119 policzkow\u0105 (poduszk\u0119), co pozwala na idealne u\u0142o\u017cenie oka w osi optyki \u2013 niezb\u0119dne dla komfortu i powtarzalno\u015bci przy strza\u0142ach na dalekie dystanse.<br \/>\n&#8211; <strong>Gotowy na Optyk\u0119:<\/strong> Karabin wyposa\u017cony jest w fabrycznie zamontowan\u0105 szyn\u0119 Picatinny, co umo\u017cliwia pewny i stabilny monta\u017c dowolnej lunety celowniczej.<\/p>\n<p><strong>Cena 4 900 z\u0142<\/strong><\/p>\n<p><em>Bro\u0144 palna, amunicja i istotne elementy broni nie s\u0105 sprzedawane on-line. Mo\u017cna je naby\u0107 osobi\u015bcie w naszym sklepie. Warunkiem nabycia broni jest przed\u0142o\u017cenie aktualnego za\u015bwiadczenia (promesy) uprawniaj\u0105cej do zakupu broni oraz dowodu osobistego. Niniejsz\u0105 ofert\u0119 zamieszczamy w celu pogl\u0105dowym. Przed zakupem broni prosimy o kontakt telefoniczny.<\/em><\/p>\n","protected":false},"excerpt":{"rendered":"<p>Mossberg MVP LR to karabin zaprojektowany od podstaw, by dostarcza\u0107 powtarzalne i ciasne grupy na dalekich dystansach, oferuj\u0105c jednocze\u015bnie unikalne i niezwykle praktyczne rozwi\u0105zanie w kwestii<span class=\"excerpt-hellip\"> [\u2026]<\/span><\/p>\n","protected":false},"featured_media":3392,"comment_status":"closed","ping_status":"closed","template":"","meta":[],"product_cat":[43,157],"product_tag":[],"class_list":{"0":"post-3391","1":"product","2":"type-product","3":"status-publish","4":"has-post-thumbnail","6":"product_cat-bron-dluga","7":"product_cat-mossberg","9":"first","10":"instock","11":"shipping-taxable","12":"product-type-simple"},"_links":{"self":[{"href":"https:\/\/www.strzelnica-magnum.pl\/en\/wp-json\/wp\/v2\/product\/3391","targetHints":{"allow":["GET"]}}],"collection":[{"href":"https:\/\/www.strzelnica-magnum.pl\/en\/wp-json\/wp\/v2\/product"}],"about":[{"href":"https:\/\/www.strzelnica-magnum.pl\/en\/wp-json\/wp\/v2\/types\/product"}],"replies":[{"embeddable":true,"href":"https:\/\/www.strzelnica-magnum.pl\/en\/wp-json\/wp\/v2\/comments?post=3391"}],"wp:featuredmedia":[{"embeddable":true,"href":"https:\/\/www.strzelnica-magnum.pl\/en\/wp-json\/wp\/v2\/media\/3392"}],"wp:attachment":[{"href":"https:\/\/www.strzelnica-magnum.pl\/en\/wp-json\/wp\/v2\/media?parent=3391"}],"wp:term":[{"taxonomy":"product_cat","embeddable":true,"href":"https:\/\/www.strzelnica-magnum.pl\/en\/wp-json\/wp\/v2\/product_cat?post=3391"},{"taxonomy":"product_tag","embeddable":true,"href":"https:\/\/www.strzelnica-magnum.pl\/en\/wp-json\/wp\/v2\/product_tag?post=3391"}],"curies":[{"name":"wp","href":"https:\/\/api.w.org\/{rel}","templated":true}]}}