{"id":3388,"date":"2025-07-03T13:39:54","date_gmt":"2025-07-03T13:39:54","guid":{"rendered":"https:\/\/www.strzelnica-magnum.pl\/?post_type=product&#038;p=3388"},"modified":"2025-07-03T13:39:54","modified_gmt":"2025-07-03T13:39:54","slug":"mossberg-mmr-carbine","status":"publish","type":"product","link":"https:\/\/www.strzelnica-magnum.pl\/en\/uzbrojenie\/bron-dluga\/mossberg-mmr-carbine\/","title":{"rendered":"Mossberg MMR Carbine"},"content":{"rendered":"<p><strong>Mossberg MMR Carbine<\/strong> to solidna, niezawodna i wszechstronna bro\u0144, kt\u00f3ra stanowi doskona\u0142y wyb\u00f3r zar\u00f3wno dla os\u00f3b rozpoczynaj\u0105cych swoj\u0105 przygod\u0119 ze strzelectwem, jak i dla do\u015bwiadczonych u\u017cytkownik\u00f3w szukaj\u0105cych sprawdzonej bazy do dalszych modyfikacji.<\/p>\n<p>MMR Carbine \u0142\u0105czy w sobie wszystkie kluczowe cechy platformy AR-15 \u2013 ergonomi\u0119, modu\u0142owo\u015b\u0107 i sprawdzon\u0105 mechanik\u0119 \u2013 w przyst\u0119pnym pakiecie, kt\u00f3ry oferuje doskona\u0142y stosunek jako\u015bci do ceny. To karabinek gotowy do dzia\u0142ania prosto z pude\u0142ka, kt\u00f3ry sprawdzi si\u0119 w strzelectwie rekreacyjnym, sportowym i treningu obronnym.<\/p>\n<p>&#8211; Swobodnie P\u0142ywaj\u0105ce \u0141o\u017ce M-LOK: Mimo swojej przyst\u0119pnej ceny, MMR Carbine wyposa\u017cony jest w nowoczesne, aluminiowe \u0142o\u017ce w systemie M-LOK. Pozwala ono na \u0142atwy monta\u017c akcesori\u00f3w (takich jak latarki, chwyty czy dw\u00f3jnogi) bez wp\u0142ywu na celno\u015b\u0107 lufy.<br \/>\n&#8211; Wszechstronna Lufa 16&#8243;: Optymalna d\u0142ugo\u015b\u0107 do szerokiego spektrum zastosowa\u0144, od ciasnych przestrzeni po otwarte strzelnice.<br \/>\n&#8211; Regulowana Kolba: Sze\u015bciopozycyjna, regulowana kolba pozwala na szybkie dostosowanie d\u0142ugo\u015bci broni do budowy strzelca oraz u\u017cywanego oporz\u0105dzenia.<br \/>\n&#8211; Niezawodny Spust Mil-Spec: Sprawdzony w milionach egzemplarzy, standardowy mechanizm spustowy gwarantuje pewne i bezpieczne dzia\u0142anie w ka\u017cdych warunkach.<br \/>\n&#8211; Urz\u0105dzenie Wylotowe A2: Standardowy t\u0142umik p\u0142omienia skutecznie redukuje b\u0142ysk wystrza\u0142u.<\/p>\n<p><strong>Cena 5 250 z\u0142<\/strong><\/p>\n<p><em>Bro\u0144 palna, amunicja i istotne elementy broni nie s\u0105 sprzedawane on-line. Mo\u017cna je naby\u0107 osobi\u015bcie w naszym sklepie. Warunkiem nabycia broni jest przed\u0142o\u017cenie aktualnego za\u015bwiadczenia (promesy) uprawniaj\u0105cej do zakupu broni oraz dowodu osobistego. Niniejsz\u0105 ofert\u0119 zamieszczamy w celu pogl\u0105dowym. Przed zakupem broni prosimy o kontakt telefoniczny.<\/em><\/p>\n","protected":false},"excerpt":{"rendered":"<p>Mossberg MMR Carbine to solidna, niezawodna i wszechstronna bro\u0144, kt\u00f3ra stanowi doskona\u0142y wyb\u00f3r zar\u00f3wno dla os\u00f3b rozpoczynaj\u0105cych swoj\u0105 przygod\u0119 ze strzelectwem, jak i dla do\u015bwiadczonych u\u017cytkownik\u00f3w<span class=\"excerpt-hellip\"> [\u2026]<\/span><\/p>\n","protected":false},"featured_media":3386,"comment_status":"closed","ping_status":"closed","template":"","meta":[],"product_cat":[43,157],"product_tag":[],"class_list":{"0":"post-3388","1":"product","2":"type-product","3":"status-publish","4":"has-post-thumbnail","6":"product_cat-bron-dluga","7":"product_cat-mossberg","9":"first","10":"instock","11":"shipping-taxable","12":"product-type-simple"},"_links":{"self":[{"href":"https:\/\/www.strzelnica-magnum.pl\/en\/wp-json\/wp\/v2\/product\/3388","targetHints":{"allow":["GET"]}}],"collection":[{"href":"https:\/\/www.strzelnica-magnum.pl\/en\/wp-json\/wp\/v2\/product"}],"about":[{"href":"https:\/\/www.strzelnica-magnum.pl\/en\/wp-json\/wp\/v2\/types\/product"}],"replies":[{"embeddable":true,"href":"https:\/\/www.strzelnica-magnum.pl\/en\/wp-json\/wp\/v2\/comments?post=3388"}],"wp:featuredmedia":[{"embeddable":true,"href":"https:\/\/www.strzelnica-magnum.pl\/en\/wp-json\/wp\/v2\/media\/3386"}],"wp:attachment":[{"href":"https:\/\/www.strzelnica-magnum.pl\/en\/wp-json\/wp\/v2\/media?parent=3388"}],"wp:term":[{"taxonomy":"product_cat","embeddable":true,"href":"https:\/\/www.strzelnica-magnum.pl\/en\/wp-json\/wp\/v2\/product_cat?post=3388"},{"taxonomy":"product_tag","embeddable":true,"href":"https:\/\/www.strzelnica-magnum.pl\/en\/wp-json\/wp\/v2\/product_tag?post=3388"}],"curies":[{"name":"wp","href":"https:\/\/api.w.org\/{rel}","templated":true}]}}